{"id":883,"date":"2023-06-22T21:36:30","date_gmt":"2023-06-22T19:36:30","guid":{"rendered":"https:\/\/www.queerpridedd.org\/?page_id=883"},"modified":"2023-06-22T21:36:30","modified_gmt":"2023-06-22T19:36:30","slug":"redebeitrag-fridays-for-future","status":"publish","type":"page","link":"https:\/\/www.queerpridedd.org\/index.php\/redebeitrag-fridays-for-future\/","title":{"rendered":"Redebeitrag Fridays for Future"},"content":{"rendered":"\n<p>Hi, ich bin Zahra von Fridays for Future und aktiv in der Klimagerechtigkeitsbewegung&nbsp;<\/p>\n\n\n\n<p>Gerade wird \u00fcber den Kohleausstieg hier im Osten entschieden und <em>deshalb demonstrieren wir morgen&nbsp; am Tagebau Welzow in der Lausitz&nbsp;<\/em><\/p>\n\n\n\n<p>Es braucht uns alle &#8211; warum?<\/p>\n\n\n\n<p>Die Menge an CO2, die wir noch emittieren k\u00f6nnen, ohne die 1,5-Grad-Grenze zu rei\u00dfen, wird Tag f\u00fcr Tag kleiner.&nbsp;<\/p>\n\n\n\n<p>Gleichzeitig will der Kohlekonzern LEAG in der Lausitz noch 700 Millionen Tonnen Kohle verbrennen, das ist mehr als drei Mal so viel, wie die 1,5\u00b0-Grenze erlaubt. Wohlgemerkt: Auch 1,5\u00b0 sind schon zu viel. Wir sind gerade bei 1,2\u00b0. Schon heute eskaliert die Klimakrise, sie kostet schon heute Millionen von Menschen ihre Lebensgrundlagen, vor allem im Globalen S\u00fcden.&nbsp;<\/p>\n\n\n\n<p>Jetzt gerade verhandelt Habeck mit der LEAG \u00fcber den Kohleausstieg, Woidke &amp; Kretschmer sind auch dabei &#8211; sie klammern sich mit aller Kraft an der dreckigen Kohle fest.&nbsp;<\/p>\n\n\n\n<p>Bei den Verhandlungen droht gerade ein weiterer fauler Kompromiss im Stil von L\u00fctzerath rauszukommen &#8211; der zwar Klimaschutz sagt aber die Kohlemenge nicht ann\u00e4hernd aussreichend beschr\u00e4nkt!&nbsp;<\/p>\n\n\n\n<p>Das Hinausz\u00f6gern des Kohleausstiegs ist in doppelter Hinsicht problematisch &#8211; \u00fcber das Rei\u00dfen der 1,5 Grad Grenze hab ich ja schon gesprochen, aber Kretschmer &amp; Woidke nehmen damit einen unkoordinierten Strukturbruch ohne soziale Abfederung in Kauf &#8211; die Zeche daf\u00fcr zahlen am Ende die Besch\u00e4ftigten aus der Region &#8211; und all diejenigen, die am st\u00e4rksten unter der Klimakrise leiden.&nbsp;<\/p>\n\n\n\n<p>Selbst marktgetrieben ist Kohleverstromung sp\u00e4testens ab 2030 nicht mehr wirtschaftlich &#8211; die Erz\u00e4hlung, dass mensch mit dem Kohleausstieg warten k\u00f6nne, geht einfach nicht auf. Die Zeit rennt!&nbsp;<\/p>\n\n\n\n<p>Menschen in der Region&nbsp; brauchen nicht nur eine Zukunft in einem lebenswerten Klima, es braucht genauso faire L\u00f6sungen f\u00fcr die Arbeitskr\u00e4fte in den Kohlekraftwerken und echte Angebote und Chancen f\u00fcr junge Menschen in der Lausitz!&nbsp; Profitinteressen von Konzernen d\u00fcrfen nicht \u00fcber das Wohl von Menschen gestellt werden!<\/p>\n\n\n\n<p>Klimaschutz und soziale Gerechtigkeit gehen Hand in Hand &#8211; denn die Klimakrise trifft immer die jenigen am h\u00e4rtesten, die am wenigsten zu ihrer Verursachung beigetragen haben &#8211; sie versch\u00e4rft jede Form von Diskriminierung und sozialer Ungerechtigkeit.&nbsp;<\/p>\n\n\n\n<p>Der Kohleausstieg im Osten ist ein zentraler Hebel zur Bek\u00e4mpfung der Klimakrise &#8211; und gerade wird dar\u00fcber verhandelt &#8211; das hei\u00dft genau jetzt ist unser Protest wichtig!<\/p>\n\n\n\n<p>Kommt morgen mit zum Tagebau Welzow &#8211; Aus Dresden geht&#8217;s um 9:45 mit dem Bus los, wir treffen uns am Bf Neustadt<\/p>\n","protected":false},"excerpt":{"rendered":"<p>Hi, ich bin Zahra von Fridays for Future und aktiv in der Klimagerechtigkeitsbewegung&nbsp; Gerade wird \u00fcber den Kohleausstieg hier im Osten entschieden und deshalb demonstrieren wir morgen&nbsp; am Tagebau Welzow in der Lausitz&nbsp; Es braucht uns alle &#8211; warum? Die Menge an CO2, die wir noch emittieren k\u00f6nnen, ohne die 1,5-Grad-Grenze zu rei\u00dfen, wird Tag <a href=\"https:\/\/www.queerpridedd.org\/index.php\/redebeitrag-fridays-for-future\/\" class=\"more-link\">&#8230;<span class=\"screen-reader-text\">  Redebeitrag Fridays for Future<\/span><\/a><\/p>\n","protected":false},"author":1,"featured_media":0,"parent":0,"menu_order":0,"comment_status":"closed","ping_status":"closed","template":"","meta":{"footnotes":""},"class_list":["post-883","page","type-page","status-publish","hentry"],"_links":{"self":[{"href":"https:\/\/www.queerpridedd.org\/index.php\/wp-json\/wp\/v2\/pages\/883","targetHints":{"allow":["GET"]}}],"collection":[{"href":"https:\/\/www.queerpridedd.org\/index.php\/wp-json\/wp\/v2\/pages"}],"about":[{"href":"https:\/\/www.queerpridedd.org\/index.php\/wp-json\/wp\/v2\/types\/page"}],"author":[{"embeddable":true,"href":"https:\/\/www.queerpridedd.org\/index.php\/wp-json\/wp\/v2\/users\/1"}],"replies":[{"embeddable":true,"href":"https:\/\/www.queerpridedd.org\/index.php\/wp-json\/wp\/v2\/comments?post=883"}],"version-history":[{"count":1,"href":"https:\/\/www.queerpridedd.org\/index.php\/wp-json\/wp\/v2\/pages\/883\/revisions"}],"predecessor-version":[{"id":884,"href":"https:\/\/www.queerpridedd.org\/index.php\/wp-json\/wp\/v2\/pages\/883\/revisions\/884"}],"wp:attachment":[{"href":"https:\/\/www.queerpridedd.org\/index.php\/wp-json\/wp\/v2\/media?parent=883"}],"curies":[{"name":"wp","href":"https:\/\/api.w.org\/{rel}","templated":true}]}}