{"id":780,"date":"2023-06-17T09:54:20","date_gmt":"2023-06-17T07:54:20","guid":{"rendered":"https:\/\/www.queerpridedd.org\/?page_id=780"},"modified":"2024-05-17T14:29:18","modified_gmt":"2024-05-17T12:29:18","slug":"selbstverstaendnis","status":"publish","type":"page","link":"https:\/\/www.queerpridedd.org\/index.php\/selbstverstaendnis\/","title":{"rendered":"Selbstverst\u00e4ndnis"},"content":{"rendered":"\n<p>Die Queer Pride Dresden gibt es nun [Sommer 2023] seit fast drei Jahren. Wir m\u00f6chten mit euch teilen, wer wir sind, wie wir aufgebaut sind und was unsere vielf\u00e4ltigen Ziele sind. In einem <strong>Anhang<\/strong> werden wir au\u00dferdem skizzieren, wie wir mit internen Konflikten umgehen m\u00f6chten.<\/p>\n\n\n\n<p>Die Queer Pride Dresden wurde Mal als ein &#8222;bunter Haufen an Leuten mit unterschiedlichen Sprachen und Positionen&#8220; bezeichnet. Es ist nicht ganz einfach, uns endg\u00fcltig zu beschreiben. Wie queere Identit\u00e4ten neigt auch die Pride dazu, sich den \u00fcblichen Definitionen von NGOs, Vereinen, politischen Gruppen oder Gremien zu entziehen. Dennoch wollen wir versuchen, hier einen Einblick zu geben, wie wir \u00fcber uns denken und wie wir aktiv werden.<\/p>\n\n\n\n<h2 class=\"wp-block-heading\">Was sind die Ziele der Queer Pride Dresden?<\/h2>\n\n\n\n<ul class=\"wp-block-list\">\n<li>Wir wollen mehr Sichtbarkeit f\u00fcr queere Themen, queere Menschen und queere Politik schaffen.<\/li>\n\n\n\n<li>Wir wollen uns selbst und andere ermutigen und aufkl\u00e4ren!<\/li>\n\n\n\n<li>Wir wollen eine Community aufbauen und queere Netzwerke st\u00e4rken &#8211; lokal und international.<\/li>\n\n\n\n<li>Kurz gesagt: Wir wollen Spa\u00df, wir wollen Revolution, und wir k\u00fcmmern uns umeinander!<\/li>\n<\/ul>\n\n\n\n<h2 class=\"wp-block-heading\">Was machen wir?<\/h2>\n\n\n\n<ul class=\"wp-block-list\">\n<li>Wir organisieren die emanzipatorische, linke, antifaschistische Queer Pride in Dresden.<\/li>\n\n\n\n<li>Wir schaffen Freir\u00e4ume f\u00fcr&#8217;s gemeinsame Diskutieren, Planen, Agieren und Abfeiern.<\/li>\n\n\n\n<li>Wir sind motiviert, uns zu engagieren, die Pride und andere Veranstaltungen f\u00fcr Queers in Dresden zu organisieren.<\/li>\n\n\n\n<li>Wir feiern queere Liebe, queere K\u00f6rper, queere Stimmen, queeres Leben und queeren Widerstand!<\/li>\n\n\n\n<li>Wir verunsichern Normen, verbreiten Uneindeutigkeit und haben Spa\u00df dabei. #RadicalRainbows!<\/li>\n\n\n\n<li>Wir setzen uns f\u00fcr eine Gesellschaft ein, in der alle Menschen ohne Angst verschieden sein k\u00f6nnen! #NoRacism #NoFascism #NoCops<\/li>\n<\/ul>\n\n\n\n<h2 class=\"wp-block-heading\">Wie machen wir das?<\/h2>\n\n\n\n<ul class=\"wp-block-list\">\n<li>Wir haben eine flache Organisation und begegnen einander auf Augenh\u00f6he.<\/li>\n\n\n\n<li>Wir teilen unser Wissen, unsere Erfahrungen und F\u00e4higkeiten, um Hierarchien abzubauen.<\/li>\n\n\n\n<li>DIY &#8211; Wir wollen die Dinge selbst machen, anstatt Firmen zu bezahlen und die Pride an Konzerne zu verkaufen, die mit dem Regenbogen ihr Image aufpolieren wollen.<\/li>\n\n\n\n<li>Wir wollen Freir\u00e4ume f\u00fcr queere Menschen schaffen. Wir erstreben R\u00e4ume, die frei von Queerfeindlichkeit, Transfeindichkeit und Sexismus sind (Beispiele siehe unten), damit alle mitmachen k\u00f6nnen.<\/li>\n\n\n\n<li>Wir versuchen, kapitalistische, patriarchalische und rassistische Strukturen in uns selbst und in unserem Umgang miteinander zu \u00fcberwinden.<\/li>\n<\/ul>\n\n\n\n<p>Und zu guter Letzt eine Anmerkung an dich, statt \u00fcber uns:<br><strong>Du bist queer genug und du bist willkommen!<\/strong><\/p>\n\n\n\n<h2 class=\"wp-block-heading\">Anhang<\/h2>\n\n\n\n<p>Also, wie will denn die Queer Pride Dresden mit Konflikten umgehen?<\/p>\n\n\n\n<p>Um all die oben genannten sch\u00f6nen Dinge zu erreichen, m\u00fcssen wir nicht nur die Gesellschaft ver\u00e4ndern und \u00e4u\u00dfere Normen und Zw\u00e4nge in Frage stellen. Wir wollen auch unser kollektives Verhalten st\u00e4ndig verbessern und gute Wege f\u00fcr den Umgang mit internen Konflikten beschreiben. Deshalb haben wir uns auf die folgenden Grunds\u00e4tze geeinigt:<\/p>\n\n\n\n<ul class=\"wp-block-list\">\n<li>Wir stehen solidarisch gegen verschiedene Formen der Unterdr\u00fcckung.<\/li>\n\n\n\n<li>Wir wollen jedes Gatekeeping (Anspr\u00fcche an die &#8222;richtige Identit\u00e4t&#8220;) vermeiden.<\/li>\n\n\n\n<li>Wir sind bereit zu lernen. Wir sind bereit, Konflikte zu bearbeiten und unser Handeln zu reflektieren. Gleichzeitig sind wir auch bereit, Grenzen zu setzen (und an das Konsens-Prinzip zu erinnern), um unsere queeren Geschwister zu sch\u00fctzen.<\/li>\n\n\n\n<li>Wir ermutigen uns dazu, dass wir uns gegenseitig daran erinnern, dass wir alle in unserem eigenen Lernprozess sind und Fehler machen. Wir haben Verst\u00e4ndnis daf\u00fcr, dass einige nicht die Kraft haben, sich um Probleme zu k\u00fcmmern, aber dass es daf\u00fcr andere gibt, die sich dazu bereit erkl\u00e4ren.<\/li>\n\n\n\n<li>Lasst uns versuchen, uns gemeinsam auf die gleiche Ebene von gegenseitigem Verst\u00e4ndnis zu heben!<\/li>\n\n\n\n<li>Wir sind bestrebt, unsere Prozesse, Diskussionen und Entscheidungen f\u00fcr die Betroffenen transparent zu gestalten.<\/li>\n<\/ul>\n\n\n\n<p><strong>Ziele im Umgang mit Konflikten k\u00f6nnen sein:<\/strong><\/p>\n\n\n\n<ul class=\"wp-block-list\">\n<li>Einschreiten, wenn es zu respektlosen oder diskriminierenden Situationen im Queer-Pride-Umfeld kommt.<\/li>\n\n\n\n<li>Regelm\u00e4\u00dfige R\u00fccksprache mit den Betroffenen und ihrer Unterst\u00fctzungsgruppe w\u00e4hrend des gesamten Prozesses.<\/li>\n\n\n\n<li>Ber\u00fccksichtigung der W\u00fcnsche\/Bed\u00fcrfnisse der betroffenen Person.<\/li>\n\n\n\n<li>Dass die betroffene(n) Person(en) sich im Queer-Pride-Umfeld wieder sicher f\u00fchlen.<\/li>\n\n\n\n<li>Dass die Person(en), die diskriminierend gehandelt hat\/haben, ihr Verhalten verstehen, reflektieren und anerkennen, sich entschuldigen, wenn dies ein Wunsch der betroffenen Person ist, und einen Lernprozess beginnen.<\/li>\n\n\n\n<li>Eine friedliche Koexistenz zu erreichen.<\/li>\n<\/ul>\n\n\n\n<p>Dar\u00fcber hinaus denken wir dar\u00fcber nach, dem &#8222;Community Agreement&#8220; beizutreten. Dieses Projekt linker, antiautorit\u00e4rer Gruppen in Dresden zielt auf einen gemeinsamen Umgang mit sexualisierter Gewalt ab und will Handlungsempfehlungen zur Pr\u00e4vention anbieten.<\/p>\n\n\n\n<p>Zur besseren Orientierung und f\u00fcr ein allgemeines Verst\u00e4ndnis wichtiger Begriffe wollen wir hier einige Beispiele und Definitionen daf\u00fcr geben, in welcher Form Diskriminierung auftreten kann:<\/p>\n\n\n\n<p><strong>Transfeindlichkeit:<\/strong><\/p>\n\n\n\n<ul class=\"wp-block-list\">\n<li>Die Leugnung der Existenz von ANTI* Menschen (agender, nicht bin\u00e4r, trans, inter)<\/li>\n\n\n\n<li>Misgendering (Ansprache mit falschem Pronomen)<\/li>\n\n\n\n<li>Deadnaming (Ansprache mit abgelegtem fr\u00fcheren Namen)<\/li>\n\n\n\n<li>Verbreitung der &#8222;Theorie der verlorenen Lesbe&#8220;<\/li>\n\n\n\n<li>Ausdr\u00fcckliche oder unterschwellige Vermutungen dar\u00fcber \u00e4u\u00dfern, dass jemand anderes eine Operation oder Hormonbehandlung hatte\/braucht\/bekommen wird<\/li>\n\n\n\n<li>Unsichtbarmachung oder Re-Binarisierung von nicht bin\u00e4ren\/agender Menschen, zum Beispiel durch die Erwartungshaltung nach einem bestimmten androgynen Aussehen oder Verhalten<\/li>\n\n\n\n<li>Ausgrenzung und Gatekeeping durch Kommentare wie: &#8222;trans Frauen sind T\u00e4ter&#8220; oder die Aussage, eine Person sei &#8222;nicht feminin\/m\u00e4nnlich\/androgyn genug&#8220;<\/li>\n<\/ul>\n\n\n\n<p><strong>Queerfeindlichkeit:<\/strong><\/p>\n\n\n\n<ul class=\"wp-block-list\">\n<li>Verleugnung von Queerness, z. B. durch die Beschreibung von Queerness als &#8222;unnat\u00fcrlich&#8220; usw.<\/li>\n\n\n\n<li>Anspruch oder Aufforderung zur Anpassung an Geschlechterrollen<\/li>\n\n\n\n<li>Abwertung von Abweichungen von der <a href=\"https:\/\/queer-lexikon.net\/2017\/06\/15\/heteronormativitaet\/\">cis-hetero<\/a>&#8211;<a href=\"https:\/\/queer-lexikon.net\/2017\/06\/15\/dyadik\/\">endo<\/a>&#8211;<a href=\"https:\/\/queer-lexikon.net\/2017\/06\/08\/monogamie\/\">mono<\/a>-Norm<\/li>\n<\/ul>\n\n\n\n<p><strong>Sexismus:<\/strong> (kann sowohl Frauen als auch feminisierte Menschen betreffen, z. B. alle Personen mit femininen Z\u00fcgen oder alle, die ihr Geschlecht auf eine Weise ausdr\u00fccken, die mit Weiblichkeit verbunden wird)<\/p>\n\n\n\n<ul class=\"wp-block-list\">\n<li>Verwendung sexistischer Sprache oder Beleidigungen<\/li>\n\n\n\n<li>Bedrohliche oder aggressive Kommentare aufgrund des Geschlechts einer Person<\/li>\n\n\n\n<li>Aufmerksamkeit und Anerkennung am Aussehen einer Person auszurichten, anstatt an ihren anderen Eigenschaften<\/li>\n\n\n\n<li>Den Wert einer Person an ihre Rolle als Mutter, Ehefrau oder Freundin festzumachen<\/li>\n\n\n\n<li>Herabw\u00fcrdigung von Personen, die gegen Geschlechternormen versto\u00dfen<\/li>\n\n\n\n<li>Menschen aufgrund ihres Geschlechts zweitrangig zu behandeln und sie zu bestrafen, wenn sie &#8222;aus der Reihe tanzen&#8220;<\/li>\n\n\n\n<li>Opfern von sexuellen \u00dcbergriffen die Verantwortung daf\u00fcr zu geben, weil sie diese wegen ihres Verhaltens oder ihrer Kleidung &#8222;selber provoziert h\u00e4tten&#8220;<\/li>\n\n\n\n<li>Sexistisches Verhalten zu rechtfertigen (z. B. mit der Aussage &#8222;M\u00e4nner sind halt so&#8220;)<\/li>\n<\/ul>\n","protected":false},"excerpt":{"rendered":"<p>Die Queer Pride Dresden gibt es nun [Sommer 2023] seit fast drei Jahren. Wir m\u00f6chten mit euch teilen, wer wir sind, wie wir aufgebaut sind und was unsere vielf\u00e4ltigen Ziele sind. In einem Anhang werden wir au\u00dferdem skizzieren, wie wir mit internen Konflikten umgehen m\u00f6chten. Die Queer Pride Dresden wurde Mal als ein &#8222;bunter Haufen <a href=\"https:\/\/www.queerpridedd.org\/index.php\/selbstverstaendnis\/\" class=\"more-link\">&#8230;<span class=\"screen-reader-text\">  Selbstverst\u00e4ndnis<\/span><\/a><\/p>\n","protected":false},"author":1,"featured_media":0,"parent":0,"menu_order":0,"comment_status":"closed","ping_status":"closed","template":"","meta":{"footnotes":""},"class_list":["post-780","page","type-page","status-publish","hentry"],"_links":{"self":[{"href":"https:\/\/www.queerpridedd.org\/index.php\/wp-json\/wp\/v2\/pages\/780","targetHints":{"allow":["GET"]}}],"collection":[{"href":"https:\/\/www.queerpridedd.org\/index.php\/wp-json\/wp\/v2\/pages"}],"about":[{"href":"https:\/\/www.queerpridedd.org\/index.php\/wp-json\/wp\/v2\/types\/page"}],"author":[{"embeddable":true,"href":"https:\/\/www.queerpridedd.org\/index.php\/wp-json\/wp\/v2\/users\/1"}],"replies":[{"embeddable":true,"href":"https:\/\/www.queerpridedd.org\/index.php\/wp-json\/wp\/v2\/comments?post=780"}],"version-history":[{"count":5,"href":"https:\/\/www.queerpridedd.org\/index.php\/wp-json\/wp\/v2\/pages\/780\/revisions"}],"predecessor-version":[{"id":1168,"href":"https:\/\/www.queerpridedd.org\/index.php\/wp-json\/wp\/v2\/pages\/780\/revisions\/1168"}],"wp:attachment":[{"href":"https:\/\/www.queerpridedd.org\/index.php\/wp-json\/wp\/v2\/media?parent=780"}],"curies":[{"name":"wp","href":"https:\/\/api.w.org\/{rel}","templated":true}]}}