{"id":718,"date":"2023-06-10T19:01:10","date_gmt":"2023-06-10T17:01:10","guid":{"rendered":"https:\/\/www.queerpridedd.org\/?page_id=718"},"modified":"2024-06-12T16:30:24","modified_gmt":"2024-06-12T14:30:24","slug":"afterparty","status":"publish","type":"page","link":"https:\/\/www.queerpridedd.org\/index.php\/afterparty\/","title":{"rendered":"Afterparty 2023"},"content":{"rendered":"\n<p><a href=\"https:\/\/www.queerpridedd.org\/index.php\/en\/party-lineup\/\" data-type=\"URL\" data-id=\"https:\/\/www.queerpridedd.org\/index.php\/en\/party-lineup\/\"><strong>Hier geht&#8217;s zum Party-Lineup (auf Englisch).<\/strong><\/a><\/p>\n\n\n\n<p><strong>Wann<\/strong>: 24.06.\u00a019:00-05:00<br><strong>Alter<\/strong>: P18<br><strong>Wo<\/strong>: objekt klein a (Meschwitzstra\u00dfe 9)\u00a0<\/p>\n\n\n\n<p>Flames, flames, flames: Das ist das Motto der diesj\u00e4hrigen Queer Pride Afterparty! Mit flammenden Herzen und glitzernder Euphorie wollen wir&nbsp; feiern!<\/p>\n\n\n\n<p>Am 24. Juni rollt die 3. Queer Pride wieder emanzipatorisch, queer und unabh\u00e4ngig durch Dresden. Gemeinsam wollen wir in Solidarit\u00e4t und Vielfalt f\u00fcr unsere Tr\u00e4ume auf die Stra\u00dfe gehen und danach zusammen den Pride-Monat feiern! Lies hier unseren Aufruf: <a href=\"https:\/\/www.queerpridedd.org\/index.php\/queer-pride-dresden-2023\/\">https:\/\/www.queerpridedd.org\/index.php\/queer-pride-dresden-2023\/<\/a><\/p>\n\n\n\n<p>Zum Ausklang des Tages wollen wir&nbsp; bei der After-Demo-Party Netzwerke kn\u00fcpfen, feiern, tr\u00e4umen und Spa\u00df haben.<\/p>\n\n\n\n<p>Auf dem herrlichen oka-Gel\u00e4nde kannst du mit Friends&nbsp;Snacks naschen bis Venus dir zuzwinkert oder im Lametta-Regenbogen tanzen. Mach dich auf ein genussvolles Feuerwerk gefasst und w\u00e4hle dein Outfit passend f\u00fcr ein feuriges Line-Up auf 2 Floors. Hei\u00dfe \u00dcberraschungen, leicht entflammbare Flirt-B\u00e4ndchen und und und sind garantiert \ud83d\ude09&nbsp;<\/p>\n\n\n\n<p>Komm vorbei und bring deine&nbsp; Freund*innen mit!&nbsp;<\/p>\n\n\n\n<p>JOIN OUR FIGHT \u2013 JOIN THE PRIDE! Es wird Flammtastisch!<\/p>\n\n\n\n<h2 class=\"wp-block-heading\">Eintritt<\/h2>\n\n\n\n<p>F\u00fcr die Party kostet der Eintritt 10-20\u20ac. Ihr gebt dazwischen so viel oder so wenig wie ihr k\u00f6nnt. Der Eintritt wird zum Decken der laufenden Kosten des Clubs genutzt und der Rest geht als Spende an die QueerPride. Mit Dresden-Pass gibt es 50% Nachlass auf den Eintrittspreis. Das gleiche gilt bei Nachweis einer Schwerbehinderung, dann darf auch eine Begleitperson kostenfrei mitkommen.<\/p>\n\n\n\n<p class=\"has-small-font-size\">Habt ihr kein\/nicht genug Geld gibt es einen &#8222;Soli-Topf&#8220; am Einlass. Menschen, die k\u00f6nnen, f\u00fcllen den Topf und Menschen, die brauchen, sind eingeladen sich daraus zu nehmen. Das ist auf Vertrauensbasis und ganz ohne Erkl\u00e4rungen m\u00f6glich.<\/p>\n\n\n\n<h2 class=\"wp-block-heading\">Anfahrt<\/h2>\n\n\n\n<p>Das <a href=\"https:\/\/objektkleina.com\/about\/\">objekt klein a<\/a> befindet sich auf der <a href=\"https:\/\/goo.gl\/maps\/WXkB3mNMvCPWb14U9\">Meschwitzstra\u00dfe 9<\/a> im Dresdner Norden. Der Club ist \u00fcber die n\u00e4chstgelegene Stra\u00dfenbahnhaltestelle \u201cIndustriegel\u00e4nde\u201d\u00a0nur stadtausw\u00e4rts <strong>rollstuhlgerecht<\/strong> erreichbar, aus Klotzsche kommend nicht. Gleiches gilt umgekehrt f\u00fcr den Heimweg. Beide Richtungen sind erst an der Haltestelle \u201cHeeresb\u00e4ckerei\u201d rollstuhlgerecht zug\u00e4nglich. Autos k\u00f6nnen auf den Stra\u00dfen im Gewerbegebiet geparkt werden. <a href=\"https:\/\/www.queerpridedd.org\/wp-content\/uploads\/2023\/06\/objekt-klein-a-anreise.jpg\">Hier ein Bild<\/a> zur Anfahrt und Parkoptionen.<\/p>\n\n\n\n<h2 class=\"wp-block-heading\">Hygienekonzept&nbsp;<\/h2>\n\n\n\n<p>Die Pandemie ist noch nicht vorbei und eine Covid-19 Infektion stellt besonders f\u00fcr Risikogruppen eine Gefahr dar. Bei Erk\u00e4ltungssymptomen, seid solidarisch und kuriert euch zu Hause aus. Wir wollen eine Party organisieren, die f\u00fcr so viele Menschen wir m\u00f6glich ein sicherer Ort ist. Deswegen empfehlen wir frisch getestet zu kommen! Zur Transparenz: Die Testergebnisse werden von uns nicht kontrolliert.<\/p>\n\n\n\n<h2 class=\"wp-block-heading\">Awareness<\/h2>\n\n\n\n<p>Es gibt ein Awareness-Team. Die 2 Menschen erkennt ihr an den wei\u00dfen Westen. Sie sind f\u00fcr euch da falls ihr euch unwohl f\u00fchlt, Unterst\u00fctzung braucht oder \u00fcbergriffiges Verhalten wahrnehmt. Ihr k\u00f6nnt euch mit diesen Anliegen auch an das Bar-Personal wenden. Das informiert dann das Awareness-Team.<\/p>\n\n\n\n<h2 class=\"wp-block-heading\">Accessibility<\/h2>\n\n\n\n<ul class=\"wp-block-list\">\n<li>Das oka ist f\u00fcr Menschen mit Rollstuhl zug\u00e4nglich. Der Eingang erfolgt durch einen Seiteneingang, bitte meldet euch daf\u00fcr am Einlass. Der Veranstaltungsort verf\u00fcgt \u00fcber eine rollstuhlgerechte Toilette.<\/li>\n\n\n\n<li>Der Club ist \u00fcber die n\u00e4chstgelegene <strong>Stra\u00dfenbahnhaltestelle<\/strong> \u201cIndustriegel\u00e4nde\u201d&nbsp;nur stadtausw\u00e4rts <strong>rollstuhlgerecht<\/strong> erreichbar, aus Klotzsche kommend nicht. Gleiches gilt umgekehrt f\u00fcr den Heimweg. Beide Richtungen sind erst an der Haltestelle \u201cHeeresb\u00e4ckerei\u201d rollstuhlgerecht zug\u00e4nglich.<\/li>\n\n\n\n<li><strong>Palais Palette\/au\u00dfen<\/strong>: Hintergrundmusik, kein Stroboskoplicht.<\/li>\n\n\n\n<li><strong>Bar floor<\/strong>: 3\/4-Lautst\u00e4rke, chillige Musik mit Pausen zwischen den Acts und kein Stroboskoplicht. Rauchen ist hier nicht erlaubt.<\/li>\n\n\n\n<li><strong>Main floor<\/strong>: volle Lautst\u00e4rke, mit Stroboskoplicht und Nebel. Rauchen ist hier nicht erlaubt.<\/li>\n\n\n\n<li>Ohrst\u00f6psel sind kostenlos an der Bar erh\u00e4ltlich.<\/li>\n\n\n\n<li>Es gibt einen R\u00fcckzugsraum ohne Musik, jedoch nicht komplett still. Da gibt es die M\u00f6glichkeit sich hinzulegen. Kontaktiere das Awareness-Team, wenn du da hin m\u00f6chtest.<\/li>\n<\/ul>\n\n\n\n<p>Bitte kontaktiere uns, wenn du weitere Fragen hast oder Bed\u00fcrfnisse die wir ber\u00fccksichtigen k\u00f6nnen, damit du an der Veranstaltung teilnehmen kannst: <a href=\"mailto:pridedd_more@riseup.net\">pridedd_more@riseup.net<\/a><\/p>\n\n\n\n<h2 class=\"wp-block-heading\">Rauchen<\/h2>\n\n\n\n<p>Geraucht werden wird diesmal drau\u00dfen, denn im Club ist es rauchfrei! Ja, das ist sonst nicht so und wir machen es trotzdem. Bitte respektiert diese Entscheidung und die Gesundheit euer Mitfeiernden. Wir freuen uns auf eine Party bei der so viele Queers wie m\u00f6glich teilnehmen k\u00f6nnen!<\/p>\n\n\n\n<h2 class=\"wp-block-heading\">Dresscode &#8211; do&#8217;s &amp; dont&#8217;s<\/h2>\n\n\n\n<p>Wir sind jetzt schon Feuer&amp;Fl\u00e4mmchen in welche Outfit ihr euch werft! Freiz\u00fcgigkeit und sexyness sind willkommen! Es gibt ein \u201eJa\u201c zu Nippeln! Vieles kann, aber nichts muss. Das wichtigste ist, dass ihr euch wohl f\u00fchlt &lt;3&nbsp;<\/p>\n\n\n\n<p>Folgende Abmachungen haben wir f\u00fcr die Party getroffen und bitten euch um R\u00fccksicht darauf:<\/p>\n\n\n\n<ul class=\"wp-block-list\">\n<li>Wenn du oberk\u00f6rperfrei am Eingang bist wirst du gefragt, ob du etwas dabei hast, um dich zu bedecken<\/li>\n\n\n\n<li>Nackt allein ist kein Outfit, Genitalien sind auf der Party bedecket zu halten.<\/li>\n\n\n\n<li>Wir kreieren die Atmosph\u00e4re der Party gemeinsam. Seid daher achtsam miteinander und passt auf euch und eure Mitmenschen auf. Wenn du angesprochen wirst, dass du dich bedecken sollst, gehe dem bitte nach.<\/li>\n<\/ul>\n\n\n\n<h2 class=\"wp-block-heading\">Extras<\/h2>\n\n\n\n<ul class=\"wp-block-list\">\n<li>Info-St\u00e4nde von <em><a href=\"https:\/\/www.facebook.com\/apoTHEKE.SaferNightlife\/\" data-type=\"URL\" data-id=\"https:\/\/www.facebook.com\/apoTHEKE.SaferNightlife\/\">(apo)THEKE<\/a>, <a href=\"https:\/\/www.dresden.aidshilfe.de\/\" data-type=\"URL\" data-id=\"https:\/\/www.dresden.aidshilfe.de\/\">Aids-Hilfe Dresden<\/a>, Queer Pride merch, <a href=\"https:\/\/malobeo.org\/bibliothek\/\" data-type=\"URL\" data-id=\"https:\/\/malobeo.org\/bibliothek\/\">Malobeo Zines<\/a><\/em><\/li>\n\n\n\n<li>Flirt-B\u00e4ndchen o:-)<\/li>\n\n\n\n<li>gro\u00dfes Au\u00dfengel\u00e4nde zum abh\u00e4ngen&nbsp;<\/li>\n<\/ul>\n\n\n\n<h2 class=\"wp-block-heading\">Essen<\/h2>\n\n\n\n<p>Es gibt Pommes und eine s\u00fc\u00dfe \u00dcberraschung! Alles f\u00fcr kleines Geld und auf Spendenbasis.<\/p>\n","protected":false},"excerpt":{"rendered":"<p>Hier geht&#8217;s zum Party-Lineup (auf Englisch). Wann: 24.06.\u00a019:00-05:00Alter: P18Wo: objekt klein a (Meschwitzstra\u00dfe 9)\u00a0 Flames, flames, flames: Das ist das Motto der diesj\u00e4hrigen Queer Pride Afterparty! Mit flammenden Herzen und glitzernder Euphorie wollen wir&nbsp; feiern! Am 24. Juni rollt die 3. Queer Pride wieder emanzipatorisch, queer und unabh\u00e4ngig durch Dresden. Gemeinsam wollen wir in Solidarit\u00e4t <a href=\"https:\/\/www.queerpridedd.org\/index.php\/afterparty\/\" class=\"more-link\">&#8230;<span class=\"screen-reader-text\">  Afterparty 2023<\/span><\/a><\/p>\n","protected":false},"author":1,"featured_media":0,"parent":0,"menu_order":0,"comment_status":"closed","ping_status":"closed","template":"","meta":{"footnotes":""},"class_list":["post-718","page","type-page","status-publish","hentry"],"_links":{"self":[{"href":"https:\/\/www.queerpridedd.org\/index.php\/wp-json\/wp\/v2\/pages\/718","targetHints":{"allow":["GET"]}}],"collection":[{"href":"https:\/\/www.queerpridedd.org\/index.php\/wp-json\/wp\/v2\/pages"}],"about":[{"href":"https:\/\/www.queerpridedd.org\/index.php\/wp-json\/wp\/v2\/types\/page"}],"author":[{"embeddable":true,"href":"https:\/\/www.queerpridedd.org\/index.php\/wp-json\/wp\/v2\/users\/1"}],"replies":[{"embeddable":true,"href":"https:\/\/www.queerpridedd.org\/index.php\/wp-json\/wp\/v2\/comments?post=718"}],"version-history":[{"count":13,"href":"https:\/\/www.queerpridedd.org\/index.php\/wp-json\/wp\/v2\/pages\/718\/revisions"}],"predecessor-version":[{"id":1211,"href":"https:\/\/www.queerpridedd.org\/index.php\/wp-json\/wp\/v2\/pages\/718\/revisions\/1211"}],"wp:attachment":[{"href":"https:\/\/www.queerpridedd.org\/index.php\/wp-json\/wp\/v2\/media?parent=718"}],"curies":[{"name":"wp","href":"https:\/\/api.w.org\/{rel}","templated":true}]}}