{"id":584,"date":"2023-01-04T17:35:07","date_gmt":"2023-01-04T15:35:07","guid":{"rendered":"https:\/\/www.queerpridedd.org\/?page_id=584"},"modified":"2025-04-08T20:56:59","modified_gmt":"2025-04-08T18:56:59","slug":"zine-2","status":"publish","type":"page","link":"https:\/\/www.queerpridedd.org\/index.php\/zine-2\/","title":{"rendered":"Zine"},"content":{"rendered":"\n<p>Unsere Zine &#8222;Proud, pervers und provokativ&#8220;, frei zum herunterladen. Der Text ist in deutsch als auch in englisch.<\/p>\n\n\n\n<div class=\"wp-block-file\"><a id=\"wp-block-file--media-f7e3869a-f4c9-4bdc-ab41-19b644b486c9\" href=\"https:\/\/www.queerpridedd.org\/wp-content\/uploads\/2023\/01\/Queer-Pride-DD-Proud-perverse-and-provocative-Zine.pdf\">Queer Pride Dresden Zine &#8211; Proud, pervers und provokativ<\/a><a href=\"https:\/\/www.queerpridedd.org\/wp-content\/uploads\/2023\/01\/Queer-Pride-DD-Proud-perverse-and-provocative-Zine.pdf\" class=\"wp-block-file__button wp-element-button\" download aria-describedby=\"wp-block-file--media-f7e3869a-f4c9-4bdc-ab41-19b644b486c9\">Download<\/a><\/div>\n\n\n\n<h2 class=\"wp-block-heading\">v.2<\/h2>\n\n\n\n<p>Die zweite Ausgabe unserer Zine, ver\u00f6ffentlicht im M\u00e4rz 2024.<\/p>\n\n\n\n<div class=\"wp-block-file\"><a id=\"wp-block-file--media-335d751b-9d7e-49de-b366-d2a7ed453763\" href=\"https:\/\/www.queerpridedd.org\/wp-content\/uploads\/2024\/03\/Queer_Pride_Dresden_Zine_Volume2.pdf\">Queer Pride Dresden Zine &#8211; Proud, pervers und provokativ Volume 2<\/a><a href=\"https:\/\/www.queerpridedd.org\/wp-content\/uploads\/2024\/03\/Queer_Pride_Dresden_Zine_Volume2.pdf\" class=\"wp-block-file__button wp-element-button\" download aria-describedby=\"wp-block-file--media-335d751b-9d7e-49de-b366-d2a7ed453763\">Download<\/a><\/div>\n\n\n\n<h2 class=\"wp-block-heading\">Queer and antifascist: unite and resist!<\/h2>\n\n\n\n<p>Die dritte Ausgabe unter unserem Motto von 2024, ver\u00f6ffentlicht im August 2024.<\/p>\n\n\n\n<div class=\"wp-block-file\"><a id=\"wp-block-file--media-87d049bc-da5c-4776-89cc-6cf8d91df145\" href=\"https:\/\/www.queerpridedd.org\/wp-content\/uploads\/2025\/04\/Queer-Pride-Dresden-Zine-Queer-and-antifascist-unite-and-resist.pdf\">Queer Pride Dresden Zine &#8211; Queer and antifascist unite and resist<\/a><a href=\"https:\/\/www.queerpridedd.org\/wp-content\/uploads\/2025\/04\/Queer-Pride-Dresden-Zine-Queer-and-antifascist-unite-and-resist.pdf\" class=\"wp-block-file__button wp-element-button\" download aria-describedby=\"wp-block-file--media-87d049bc-da5c-4776-89cc-6cf8d91df145\">Download<\/a><\/div>\n","protected":false},"excerpt":{"rendered":"<p>Unsere Zine &#8222;Proud, pervers und provokativ&#8220;, frei zum herunterladen. Der Text ist in deutsch als auch in englisch. v.2 Die zweite Ausgabe unserer Zine, ver\u00f6ffentlicht im M\u00e4rz 2024. Queer and antifascist: unite and resist! Die dritte Ausgabe unter unserem Motto von 2024, ver\u00f6ffentlicht im August 2024.<\/p>\n","protected":false},"author":1,"featured_media":0,"parent":0,"menu_order":0,"comment_status":"closed","ping_status":"closed","template":"","meta":{"footnotes":""},"class_list":["post-584","page","type-page","status-publish","hentry"],"_links":{"self":[{"href":"https:\/\/www.queerpridedd.org\/index.php\/wp-json\/wp\/v2\/pages\/584","targetHints":{"allow":["GET"]}}],"collection":[{"href":"https:\/\/www.queerpridedd.org\/index.php\/wp-json\/wp\/v2\/pages"}],"about":[{"href":"https:\/\/www.queerpridedd.org\/index.php\/wp-json\/wp\/v2\/types\/page"}],"author":[{"embeddable":true,"href":"https:\/\/www.queerpridedd.org\/index.php\/wp-json\/wp\/v2\/users\/1"}],"replies":[{"embeddable":true,"href":"https:\/\/www.queerpridedd.org\/index.php\/wp-json\/wp\/v2\/comments?post=584"}],"version-history":[{"count":5,"href":"https:\/\/www.queerpridedd.org\/index.php\/wp-json\/wp\/v2\/pages\/584\/revisions"}],"predecessor-version":[{"id":1588,"href":"https:\/\/www.queerpridedd.org\/index.php\/wp-json\/wp\/v2\/pages\/584\/revisions\/1588"}],"wp:attachment":[{"href":"https:\/\/www.queerpridedd.org\/index.php\/wp-json\/wp\/v2\/media?parent=584"}],"curies":[{"name":"wp","href":"https:\/\/api.w.org\/{rel}","templated":true}]}}