{"id":39,"date":"2021-08-10T20:58:58","date_gmt":"2021-08-10T18:58:58","guid":{"rendered":"https:\/\/af5b34cf-ec81-4d2f-9b9d-99fa6242d7fc.pub.instances.scw.cloud\/?page_id=39"},"modified":"2021-09-16T17:59:08","modified_gmt":"2021-09-16T15:59:08","slug":"18-9-2021-2","status":"publish","type":"page","link":"https:\/\/www.queerpridedd.org\/index.php\/en\/18-9-2021-2\/","title":{"rendered":"18.9.2021"},"content":{"rendered":"\n<p>Dear Queers, dear Allies!<br><br>On September 18, 2021 from 1pm we will be in front of train station Neustadt and at 2pm the first QUEER PRIDE DRESDEN will start from there.<br><br>The route is about 4,5km long and is published under this text. Different blocks, two trucks and moderation are planned. The route will end at the \u201eVolksfestgel\u00e4nde\u201c.<br><br>After the demonstration, there will be a rally with music and performances at the \u201eVolksfestgel\u00e4nde\u201c for a few hours. There will also be food, drinks and toilets there. We will write more about the barrier-free toilets here soon.<\/p>\n\n\n\n<p>We will all wear masks at Pride and keep our distance. We ask everyone to be Vaccinated, Recovered or Tested. Under this text, we will provide a QR code of the Corona Warnapp to check in.<br><br>There will be paramedics at Pride who can help if someone is feeling bad.<br><br>There will be helpers you can talk to if you don&#8217;t feel well or safe or if you experience something unpleasant (awareness team).<br><br>Please write to us if you have a concern.<\/p>\n\n\n\n<figure class=\"wp-block-image size-full is-resized\"><img loading=\"lazy\" decoding=\"async\" src=\"https:\/\/www.queerpridedd.org\/wp-content\/uploads\/2021\/08\/QR-1.jpg\" alt=\"QR code\" class=\"wp-image-117\" width=\"421\" height=\"424\" srcset=\"https:\/\/www.queerpridedd.org\/wp-content\/uploads\/2021\/08\/QR-1.jpg 421w, https:\/\/www.queerpridedd.org\/wp-content\/uploads\/2021\/08\/QR-1-298x300.jpg 298w, https:\/\/www.queerpridedd.org\/wp-content\/uploads\/2021\/08\/QR-1-150x150.jpg 150w\" sizes=\"auto, (max-width: 421px) 100vw, 421px\" \/><\/figure>\n\n\n\n<h2 class=\"wp-block-heading\">FAQ<\/h2>\n\n\n\n<p><strong>How do I get to the Neustadt train station?<\/strong><\/p>\n\n\n\n<p>Streetcars 3,6 and 11 go to Neustadt station. Neustadt station can also be reached by trains (RE\/ICE\/IC\/S-Bahn) and bus lines from other cities.<\/p>\n\n\n\n<p><strong>What should I bring to Pride?<\/strong><\/p>\n\n\n\n<p>Water, snacks, celebration drink, your outfit (please be aware to not include logos of police\/army and\/or weapons in your outfits), FFP2 or medical face mask, sunscreen, blanket, umbrella, banners.<\/p>\n\n\n\n<p>I<strong>s there Childcare for that day?<\/strong><\/p>\n\n\n\n<p>If you have children and you need somebody to look after them in order to be able to take part in the demonstration and \/ or the event afterwards, please contact us in advance by email at: pridedd_more@riseup.net<\/p>\n\n\n\n<p><strong>What else takes place at QueerPride?<\/strong><\/p>\n\n\n\n<p>The Pride is not just one day &#8211; all the time there are interesting workshops, events and meetings. You can find all the info on <a href=\"https:\/\/www.instagram.com\/queerpridedd\">Instagram<\/a> and <a href=\"https:\/\/www.facebook.com\/Queer-Pride-DD-110094974468221\/\" data-type=\"URL\" data-id=\"https:\/\/www.facebook.com\/Queer-Pride-DD-110094974468221\/\">facebook<\/a>!<\/p>\n\n\n\n<p><strong>How can I support the Pride?<\/strong><\/p>\n\n\n\n<p>We would love you to tell other people about the Pride and invite them to join.<br>We also still need money to finance all the things we planned. You can transfer your donation to the following account:<\/p>\n\n\n\n<p>Account holder: Linke Bildung und Kultur f\u00fcr Sachsen e. V. <br>IBAN: DE83 8509 0000 3491 1010 07<br>Purpose: &#8222;Donation Queer Pride&#8220;<\/p>\n\n\n\n<h2 class=\"wp-block-heading\">The Route<\/h2>\n\n\n\n<p><a href=\"https:\/\/maps.openrouteservice.org\/#\/directions\/Schlesischer%20Platz%201,Dresden,SN,Germany\/Schlesischer%20Platz,Dresden,SN,Germany\/Antonstra%C3%9Fe,Dresden,SN,Germany\/Albertplatz,Dresden,SN,Germany\/Albertplatz,Dresden,SN,Germany\/Jorge-Gomondai-Platz,Dresden,SN,Germany\/Albertstra%C3%9Fe,Dresden,SN,Germany\/Sarrasanistra%C3%9Fe,Dresden,SN,Germany\/VVO%20Fahrausweise,Dresden,SN,Germany\/Busparkplatz%20Carolabr%C3%BCcke,Dresden,SN,Germany\/B%20170,Dresden,SN,Germany\/Pirnaischer%20Platz,Dresden,SN,Germany\/Postplatz,Dresden,SN,Germany\/Postplatz,Dresden,SN,Germany\/Postplatz,Dresden,SN,Germany\/Peter%20Pane,Dresden,SN,Germany\/Chiaverigasse,Dresden,SN,Germany\/Theaterplatz,Dresden,SN,Germany\/Theaterplatz,Dresden,SN,Germany\/Theaterplatz,Dresden,SN,Germany\/Bernhard-von-Lindenau-Platz,Dresden,SN,Germany\/Bernhard-von-Lindenau-Platz,Dresden,SN,Germany\/Devrientstra%C3%9Fe,Dresden,SN,Germany\/Devrientstra%C3%9Fe,Dresden,SN,Germany\/Ostra-Ufer,Dresden,SN,Germany\/Pieschener%20Allee,Dresden,SN,Germany\/Pieschener%20Allee,Dresden,SN,Germany\/Pieschener%20Allee,Dresden,SN,Germany\/Volksfestgel%C3%A4nde%20Pieschener%20Allee,Dresden,SN,Germany\/data\/55,130,32,198,15,97,4,224,38,9,96,59,2,24,5,192,166,6,113,0,184,64,70,1,152,3,160,29,128,22,0,24,5,103,32,26,107,246,50,128,217,168,3,133,210,6,226,44,242,1,50,84,174,200,64,78,1,3,218,53,32,201,171,114,164,88,12,42,72,161,22,228,90,241,33,69,190,118,249,72,12,221,90,139,49,115,152,180,38,50,152,242,229,111,179,190,71,127,125,181,92,107,62,95,21,214,66,69,124,35,114,67,41,49,119,10,106,19,49,82,82,106,91,86,1,89,70,107,1,49,66,35,22,17,49,60,205,40,242,106,82,59,124,21,76,177,70,22,0,229,20,248,162,123,56,173,66,234,60,204,141,1,65,46,118,26,252,49,124,11,53,71,35,66,229,45,70,197,33,48,128,142,91,82,5,62,199,72,190,61,74,65,1,70,14,11,1,153,210,44,162,22,118,66,26,98,194,132,202,34,61,140,252,11,234,180,154,44,202,66,1,34,13,210,105,109,21,201,206,18,182,11,81,59,188,134,34,243,136,189,216,134,62,139,82,130,160,184,189,244,111,0,185,1,204,139,51,29,216,142,40,161,16,141,70,18,117,36,88,148,143,94,227,139,17,176,82,194,51,52,51,21,147,218,194,246,65,125,12,200,138,212,49,216,113,216,234,76,94,105,166,121,4,82,76,174,33,205,104,50,164,172,130,216,233,18,36,46,195,91,209,137,6,11,5,200,229,64,146,98,184,208,146,156,78,42,193,152,105,4,20,1,167,20,153,136,73,148,1,253,74,177,87,87,18,201,229,162,5,49,126,135,39,150,197,40,104,2,25,162,144,65,119,193,248,213,251,62,177,134,94,12,7,49,41,97,105,4,60,206,196,197,132,252,12,138,37,24,199,42,6,181,148,154,24,76,90,152,227,97,136,101,49,60,204,214,132,114,58,48,76,65,76,77,193,35,17,136,151,240,212,93,185,137,70,11,90,217,168,152,164,233,56,171,231,78,134,104,71,104,95,211,129,96,228,172,50,232,163,61,128,229,217,152,56,44,157,86,73,135,134,61,16,220,36,57,51,63,70,161,119,154,37,206,47,40,138,73,162,224,27,167,183,56,165,4,141,101,32,18,31,56,10,176,73,148,43,211,153,41,68,88,145,152,226,66,85,232,108,88,32,58,4,0,128,0,7,84,30,0,129,16,108,7,5,0,0,47,40,0,5,181,192,140,64,56,14,128,32,0,12,222,0,0,109,208,92,4,7,66,160,84,0,5,160,1,221,144,44,32,6,178,64,0,115,0,36,5,67,208,116,61,6,129,208,68,12,5,194,240,22,50,7,131,224,214,54,7,65,96,58,33,2,227,80,0,1,75,14,65,216,168,32,6,212,160,232,127,3,212,32,232,57,78,134,169,100,30,146,193,185,228,255,12,167,146,148,223,94,72,108,118,100,32,199,147,44,33,14,129,121,44,143,69,68,179,232,13,146,206,168,82,0,23,64,5,245,114,128,0\" data-type=\"URL\" data-id=\"https:\/\/maps.openrouteservice.org\/#\/directions\/Schlesischer%20Platz%201,Dresden,SN,Germany\/Schlesischer%20Platz,Dresden,SN,Germany\/Antonstra%C3%9Fe,Dresden,SN,Germany\/Albertplatz,Dresden,SN,Germany\/Albertplatz,Dresden,SN,Germany\/Jorge-Gomondai-Platz,Dresden,SN,Germany\/Albertstra%C3%9Fe,Dresden,SN,Germany\/Sarrasanistra%C3%9Fe,Dresden,SN,Germany\/VVO%20Fahrausweise,Dresden,SN,Germany\/Busparkplatz%20Carolabr%C3%BCcke,Dresden,SN,Germany\/B%20170,Dresden,SN,Germany\/Pirnaischer%20Platz,Dresden,SN,Germany\/Postplatz,Dresden,SN,Germany\/Postplatz,Dresden,SN,Germany\/Postplatz,Dresden,SN,Germany\/Peter%20Pane,Dresden,SN,Germany\/Chiaverigasse,Dresden,SN,Germany\/Theaterplatz,Dresden,SN,Germany\/Theaterplatz,Dresden,SN,Germany\/Theaterplatz,Dresden,SN,Germany\/Bernhard-von-Lindenau-Platz,Dresden,SN,Germany\/Bernhard-von-Lindenau-Platz,Dresden,SN,Germany\/Devrientstra%C3%9Fe,Dresden,SN,Germany\/Devrientstra%C3%9Fe,Dresden,SN,Germany\/Ostra-Ufer,Dresden,SN,Germany\/Pieschener%20Allee,Dresden,SN,Germany\/Pieschener%20Allee,Dresden,SN,Germany\/Pieschener%20Allee,Dresden,SN,Germany\/Volksfestgel%C3%A4nde%20Pieschener%20Allee,Dresden,SN,Germany\/data\/55,130,32,198,15,97,4,224,38,9,96,59,2,24,5,192,166,6,113,0,184,64,70,1,152,3,160,29,128,22,0,24,5,103,32,26,107,246,50,128,217,168,3,133,210,6,226,44,242,1,50,84,174,200,64,78,1,3,218,53,32,201,171,114,164,88,12,42,72,161,22,228,90,241,33,69,190,118,249,72,12,221,90,139,49,115,152,180,38,50,152,242,229,111,179,190,71,127,125,181,92,107,62,95,21,214,66,69,124,35,114,67,41,49,119,10,106,19,49,82,82,106,91,86,1,89,70,107,1,49,66,35,22,17,49,60,205,40,242,106,82,59,124,21,76,177,70,22,0,229,20,248,162,123,56,173,66,234,60,204,141,1,65,46,118,26,252,49,124,11,53,71,35,66,229,45,70,197,33,48,128,142,91,82,5,62,199,72,190,61,74,65,1,70,14,11,1,153,210,44,162,22,118,66,26,98,194,132,202,34,61,140,252,11,234,180,154,44,202,66,1,34,13,210,105,109,21,201,206,18,182,11,81,59,188,134,34,243,136,189,216,134,62,139,82,130,160,184,189,244,111,0,185,1,204,139,51,29,216,142,40,161,16,141,70,18,117,36,88,148,143,94,227,139,17,176,82,194,51,52,51,21,147,218,194,246,65,125,12,200,138,212,49,216,113,216,234,76,94,105,166,121,4,82,76,174,33,205,104,50,164,172,130,216,233,18,36,46,195,91,209,137,6,11,5,200,229,64,146,98,184,208,146,156,78,42,193,152,105,4,20,1,167,20,153,136,73,148,1,253,74,177,87,87,18,201,229,162,5,49,126,135,39,150,197,40,104,2,25,162,144,65,119,193,248,213,251,62,177,134,94,12,7,49,41,97,105,4,60,206,196,197,132,252,12,138,37,24,199,42,6,181,148,154,24,76,90,152,227,97,136,101,49,60,204,214,132,114,58,48,76,65,76,77,193,35,17,136,151,240,212,93,185,137,70,11,90,217,168,152,164,233,56,171,231,78,134,104,71,104,95,211,129,96,228,172,50,232,163,61,128,229,217,152,56,44,157,86,73,135,134,61,16,220,36,57,51,63,70,161,119,154,37,206,47,40,138,73,162,224,27,167,183,56,165,4,141,101,32,18,31,56,10,176,73,148,43,211,153,41,68,88,145,152,226,66,85,232,108,88,32,58,4,0,128,0,7,84,30,0,129,16,108,7,5,0,0,47,40,0,5,181,192,140,64,56,14,128,32,0,12,222,0,0,109,208,92,4,7,66,160,84,0,5,160,1,221,144,44,32,6,178,64,0,115,0,36,5,67,208,116,61,6,129,208,68,12,5,194,240,22,50,7,131,224,214,54,7,65,96,58,33,2,227,80,0,1,75,14,65,216,168,32,6,212,160,232,127,3,212,32,232,57,78,134,169,100,30,146,193,185,228,255,12,167,146,148,223,94,72,108,118,100,32,199,147,44,33,14,129,121,44,143,69,68,179,232,13,146,206,168,82,0,23,64,5,245,114,128,0\">Go here for an interactive map.<\/a><\/p>\n\n\n\n<div class=\"wp-block-image is-style-default\"><figure class=\"alignleft size-large is-resized\"><img loading=\"lazy\" decoding=\"async\" src=\"https:\/\/www.queerpridedd.org\/wp-content\/uploads\/2021\/08\/Route_neu-4-910x1024.png\" alt=\"Start: Neustadt train station, Schlesischer Platz 1 01097 Dresden.\n\nOn Antonstra\u00dfe -&gt; right on Albertplatz (tram) -&gt; right on Alberstra\u00dfe -&gt; via Carolaplatz (tram) on Carolabr\u00fccke -&gt; on St. Petersburger Stra\u00dfe (Tram Synagoge) -&gt; on Pirnaischer Platz (Tram) -&gt; right on Wilsdruffer Stra\u00dfe (Tram Altmarkt &amp; Tram Postplatz) -&gt; right via Postplatz -&gt; on Sophienstra\u00dfe -&gt; Theaterplatz -&gt; left via Theatherplatz on Terassenufer -&gt; left on Bernhard-von-Lindenau-Platz -&gt; right on Devrientstra\u00dfe -&gt; on Ostra-Ufer -&gt; right on Pieschener Allee (Bus) -&gt; Volksfestgel\u00e4nde \n\nEnd: Volksfestgel\u00e4nde, Pieschener Allee 01067 Dresden\" class=\"wp-image-128\" width=\"910\" height=\"1024\" srcset=\"https:\/\/www.queerpridedd.org\/wp-content\/uploads\/2021\/08\/Route_neu-4-910x1024.png 910w, https:\/\/www.queerpridedd.org\/wp-content\/uploads\/2021\/08\/Route_neu-4-267x300.png 267w, https:\/\/www.queerpridedd.org\/wp-content\/uploads\/2021\/08\/Route_neu-4.png 1145w\" sizes=\"auto, (max-width: 910px) 100vw, 910px\" \/><\/figure><\/div>\n","protected":false},"excerpt":{"rendered":"<p>Dear Queers, dear Allies! On September 18, 2021 from 1pm we will be in front of train station Neustadt and at 2pm the first QUEER PRIDE DRESDEN will start from there. The route is about 4,5km long and is published under this text. Different blocks, two trucks and moderation are planned. The route will end <a href=\"https:\/\/www.queerpridedd.org\/index.php\/en\/18-9-2021-2\/\" class=\"more-link\">&#8230;<span class=\"screen-reader-text\">  18.9.2021<\/span><\/a><\/p>\n","protected":false},"author":2,"featured_media":0,"parent":0,"menu_order":0,"comment_status":"closed","ping_status":"closed","template":"","meta":{"footnotes":""},"class_list":["post-39","page","type-page","status-publish","hentry"],"_links":{"self":[{"href":"https:\/\/www.queerpridedd.org\/index.php\/wp-json\/wp\/v2\/pages\/39","targetHints":{"allow":["GET"]}}],"collection":[{"href":"https:\/\/www.queerpridedd.org\/index.php\/wp-json\/wp\/v2\/pages"}],"about":[{"href":"https:\/\/www.queerpridedd.org\/index.php\/wp-json\/wp\/v2\/types\/page"}],"author":[{"embeddable":true,"href":"https:\/\/www.queerpridedd.org\/index.php\/wp-json\/wp\/v2\/users\/2"}],"replies":[{"embeddable":true,"href":"https:\/\/www.queerpridedd.org\/index.php\/wp-json\/wp\/v2\/comments?post=39"}],"version-history":[{"count":34,"href":"https:\/\/www.queerpridedd.org\/index.php\/wp-json\/wp\/v2\/pages\/39\/revisions"}],"predecessor-version":[{"id":237,"href":"https:\/\/www.queerpridedd.org\/index.php\/wp-json\/wp\/v2\/pages\/39\/revisions\/237"}],"wp:attachment":[{"href":"https:\/\/www.queerpridedd.org\/index.php\/wp-json\/wp\/v2\/media?parent=39"}],"curies":[{"name":"wp","href":"https:\/\/api.w.org\/{rel}","templated":true}]}}