{"id":36,"date":"2021-08-10T20:57:19","date_gmt":"2021-08-10T18:57:19","guid":{"rendered":"https:\/\/af5b34cf-ec81-4d2f-9b9d-99fa6242d7fc.pub.instances.scw.cloud\/?page_id=36"},"modified":"2021-09-16T17:58:14","modified_gmt":"2021-09-16T15:58:14","slug":"18-9-2021","status":"publish","type":"page","link":"https:\/\/www.queerpridedd.org\/index.php\/18-9-2021\/","title":{"rendered":"18.9.2021"},"content":{"rendered":"\n<p>Liebe Queers, liebe Allies!<\/p>\n\n\n\n<p>Am 18. September 2021 ab 13 Uhr treffen wir uns am Bahnhof Neustadt und um 14 Uhr startet die erste QUEER PRIDE DRESDEN von dort.<\/p>\n\n\n\n<p>Die Route ist ca. 4,5km lang und ist unter diesem Text ver\u00f6ffentlicht. Es sind verschiedene Bl\u00f6cke, zwei W\u00e4gen und Moderation geplant. Die Route endet am Volksfestgel\u00e4nde.<\/p>\n\n\n\n<p>Nach der Demonstration gibt es eine Kundgebung mit Musik und Performances auf dem Volksfestgel\u00e4nde. Das Programm geht mehrere Stunden. Dort wird es auch Essen, Trinken und Toiletten geben. Mehr zur Barrierearmut der Toiletten schreiben wir bald hier hin.<\/p>\n\n\n\n<p>Wir werden auf der Pride alle Masken tragen und Abstand halten. Wir bitten alle, Geimpft, Genesen oder Getestet zu sein. Unter diesem Text ist ein QR Code der Corona-Warnapp zum Einchecken.<\/p>\n\n\n\n<p>Auf der Pride werden Sanit\u00e4ter:innen anwesend sein, die helfen k\u00f6nnen, wenn es jemandem schlecht geht.<\/p>\n\n\n\n<p>Es wird Helfer:innen geben, die ihr ansprechen k\u00f6nnt, wenn ihr euch nicht wohl oder nicht sicher f\u00fchlt oder wenn ihr etwas unangenehmes erlebt (Awareness-Team).<\/p>\n\n\n\n<p>Bitte schreibt uns an, wenn ihr ein Anliegen habt.<\/p>\n\n\n\n<figure class=\"wp-block-image size-full is-resized\"><img loading=\"lazy\" decoding=\"async\" src=\"https:\/\/www.queerpridedd.org\/wp-content\/uploads\/2021\/08\/QR.jpg\" alt=\"QR code\" class=\"wp-image-114\" width=\"421\" height=\"424\" srcset=\"https:\/\/www.queerpridedd.org\/wp-content\/uploads\/2021\/08\/QR.jpg 421w, https:\/\/www.queerpridedd.org\/wp-content\/uploads\/2021\/08\/QR-298x300.jpg 298w, https:\/\/www.queerpridedd.org\/wp-content\/uploads\/2021\/08\/QR-150x150.jpg 150w\" sizes=\"auto, (max-width: 421px) 100vw, 421px\" \/><\/figure>\n\n\n\n<p><\/p>\n\n\n\n<h2 class=\"wp-block-heading\">FAQ<\/h2>\n\n\n\n<p><strong>Wie komme ich zum Bahnhof Neustadt?<\/strong><\/p>\n\n\n\n<p>Zum Bahnhof Neustadt fahren die Stra\u00dfenbahnen 3,6 und 11. Auch mit Z\u00fcgen (RE\/ICE\/IC\/S-Bahn) und Buslinien aus anderen St\u00e4dten ist der Bahnhof Neustadt erreichbar.<\/p>\n\n\n\n<p><strong>Was sollte ich zur Pride mitbringen?<\/strong><\/p>\n\n\n\n<p>Wasser, Snacks, Drink zum Ansto\u00dfen, dein Outfit (keine Logos von Armee\/Polizei und\/oder Waffen bei Outfits bitte), FFP2 oder medizinische Maske, Picknickdecke, Regenschirm, Sonnencreme, Schilder und Transparente. Parteifahnen sollen wenn nur ganz hinten an der Demo getragen werden.<\/p>\n\n\n\n<p><strong>Gibt es Kinderbetreuung am Tag der Pride?<\/strong><\/p>\n\n\n\n<p>Wenn ihr Kinder habt, die ihr gern bei uns in Betreuung geben wollt, um selbst auf der Demonstration und\/ oder auf der Versammlung danach teilnehmen zu k\u00f6nnen, meldet Euch bitte vorher bei uns per Email unter: pridedd_more@riseup.net<\/p>\n\n\n\n<p><strong>Was findet noch alles bei der QueerPride statt?<\/strong><\/p>\n\n\n\n<p>Die Pride ist nicht nur ein Tag &#8211; die ganze Zeit finden schon interessante Workshops, Veranstaltungen und Treffen statt. Alle Infos dazu finden sich auf <a href=\"https:\/\/www.instagram.com\/queerpridedd\">Instagram<\/a> und <a href=\"https:\/\/www.facebook.com\/Queer-Pride-DD-110094974468221\/\">facebook<\/a>!<\/p>\n\n\n\n<p><strong>Wie kann ich die Pride supporten?<\/strong><\/p>\n\n\n\n<p>Wir freuen uns, wenn du anderen Menschen von der Pride erz\u00e4hlst und sie dazu einl\u00e4dst. Au\u00dferdem brauchen wir noch Geld-Spenden, damit wir unsere Ideen umsetzen k\u00f6nnen. Du kannst uns deine Spende auf folgendes Konto \u00fcberweisen:<\/p>\n\n\n\n<p>Kontoinhaber: Linke Bildung und Kultur f\u00fcr Sachsen e. V.<br>IBAN: DE83 8509 0000 3491 1010 07<br>Verwendungszweck: &#8222;Spende Queer Pride&#8220;<\/p>\n\n\n\n<h2 class=\"wp-block-heading\">Die Route<\/h2>\n\n\n\n<p><a href=\"https:\/\/maps.openrouteservice.org\/#\/directions\/Schlesischer%20Platz%201,Dresden,SN,Germany\/Schlesischer%20Platz,Dresden,SN,Germany\/Antonstra%C3%9Fe,Dresden,SN,Germany\/Albertplatz,Dresden,SN,Germany\/Albertplatz,Dresden,SN,Germany\/Jorge-Gomondai-Platz,Dresden,SN,Germany\/Albertstra%C3%9Fe,Dresden,SN,Germany\/Sarrasanistra%C3%9Fe,Dresden,SN,Germany\/VVO%20Fahrausweise,Dresden,SN,Germany\/Busparkplatz%20Carolabr%C3%BCcke,Dresden,SN,Germany\/B%20170,Dresden,SN,Germany\/Pirnaischer%20Platz,Dresden,SN,Germany\/Postplatz,Dresden,SN,Germany\/Postplatz,Dresden,SN,Germany\/Postplatz,Dresden,SN,Germany\/Peter%20Pane,Dresden,SN,Germany\/Chiaverigasse,Dresden,SN,Germany\/Theaterplatz,Dresden,SN,Germany\/Theaterplatz,Dresden,SN,Germany\/Theaterplatz,Dresden,SN,Germany\/Bernhard-von-Lindenau-Platz,Dresden,SN,Germany\/Bernhard-von-Lindenau-Platz,Dresden,SN,Germany\/Devrientstra%C3%9Fe,Dresden,SN,Germany\/Devrientstra%C3%9Fe,Dresden,SN,Germany\/Ostra-Ufer,Dresden,SN,Germany\/Pieschener%20Allee,Dresden,SN,Germany\/Pieschener%20Allee,Dresden,SN,Germany\/Pieschener%20Allee,Dresden,SN,Germany\/Volksfestgel%C3%A4nde%20Pieschener%20Allee,Dresden,SN,Germany\/data\/55,130,32,198,15,97,4,224,38,9,96,59,2,24,5,192,166,6,113,0,184,64,70,1,152,3,160,29,128,22,0,24,5,103,32,26,107,246,50,128,217,168,3,133,210,6,226,44,242,1,50,84,174,200,64,78,1,3,218,53,32,201,171,114,164,88,12,42,72,161,22,228,90,241,33,69,190,118,249,72,12,221,90,139,49,115,152,180,38,50,152,242,229,111,179,190,71,127,125,181,92,107,62,95,21,214,66,69,124,35,114,67,41,49,119,10,106,19,49,82,82,106,91,86,1,89,70,107,1,49,66,35,22,17,49,60,205,40,242,106,82,59,124,21,76,177,70,22,0,229,20,248,162,123,56,173,66,234,60,204,141,1,65,46,118,26,252,49,124,11,53,71,35,66,229,45,70,197,33,48,128,142,91,82,5,62,199,72,190,61,74,65,1,70,14,11,1,153,210,44,162,22,118,66,26,98,194,132,202,34,61,140,252,11,234,180,154,44,202,66,1,34,13,210,105,109,21,201,206,18,182,11,81,59,188,134,34,243,136,189,216,134,62,139,82,130,160,184,189,244,111,0,185,1,204,139,51,29,216,142,40,161,16,141,70,18,117,36,88,148,143,94,227,139,17,176,82,194,51,52,51,21,147,218,194,246,65,125,12,200,138,212,49,216,113,216,234,76,94,105,166,121,4,82,76,174,33,205,104,50,164,172,130,216,233,18,36,46,195,91,209,137,6,11,5,200,229,64,146,98,184,208,146,156,78,42,193,152,105,4,20,1,167,20,153,136,73,148,1,253,74,177,87,87,18,201,229,162,5,49,126,135,39,150,197,40,104,2,25,162,144,65,119,193,248,213,251,62,177,134,94,12,7,49,41,97,105,4,60,206,196,197,132,252,12,138,37,24,199,42,6,181,148,154,24,76,90,152,227,97,136,101,49,60,204,214,132,114,58,48,76,65,76,77,193,35,17,136,151,240,212,93,185,137,70,11,90,217,168,152,164,233,56,171,231,78,134,104,71,104,95,211,129,96,228,172,50,232,163,61,128,229,217,152,56,44,157,86,73,135,134,61,16,220,36,57,51,63,70,161,119,154,37,206,47,40,138,73,162,224,27,167,183,56,165,4,141,101,32,18,31,56,10,176,73,148,43,211,153,41,68,88,145,152,226,66,85,232,108,88,32,58,4,0,128,0,7,84,30,0,129,16,108,7,5,0,0,47,40,0,5,181,192,140,64,56,14,128,32,0,12,222,0,0,109,208,92,4,7,66,160,84,0,5,160,1,221,144,44,32,6,178,64,0,115,0,36,5,67,208,116,61,6,129,208,68,12,5,194,240,22,50,7,131,224,214,54,7,65,96,58,33,2,227,80,0,1,75,14,65,216,168,32,6,212,160,232,127,3,212,32,232,57,78,134,169,100,30,146,193,185,228,255,12,167,146,148,223,94,72,108,118,100,32,199,147,44,33,14,129,121,44,143,69,68,179,232,13,146,206,168,82,0,23,64,5,245,114,128,0\" data-type=\"URL\" data-id=\"https:\/\/maps.openrouteservice.org\/#\/directions\/Schlesischer%20Platz%201,Dresden,SN,Germany\/Schlesischer%20Platz,Dresden,SN,Germany\/Antonstra%C3%9Fe,Dresden,SN,Germany\/Albertplatz,Dresden,SN,Germany\/Albertplatz,Dresden,SN,Germany\/Jorge-Gomondai-Platz,Dresden,SN,Germany\/Albertstra%C3%9Fe,Dresden,SN,Germany\/Sarrasanistra%C3%9Fe,Dresden,SN,Germany\/VVO%20Fahrausweise,Dresden,SN,Germany\/Busparkplatz%20Carolabr%C3%BCcke,Dresden,SN,Germany\/B%20170,Dresden,SN,Germany\/Pirnaischer%20Platz,Dresden,SN,Germany\/Postplatz,Dresden,SN,Germany\/Postplatz,Dresden,SN,Germany\/Postplatz,Dresden,SN,Germany\/Peter%20Pane,Dresden,SN,Germany\/Chiaverigasse,Dresden,SN,Germany\/Theaterplatz,Dresden,SN,Germany\/Theaterplatz,Dresden,SN,Germany\/Theaterplatz,Dresden,SN,Germany\/Bernhard-von-Lindenau-Platz,Dresden,SN,Germany\/Bernhard-von-Lindenau-Platz,Dresden,SN,Germany\/Devrientstra%C3%9Fe,Dresden,SN,Germany\/Devrientstra%C3%9Fe,Dresden,SN,Germany\/Ostra-Ufer,Dresden,SN,Germany\/Pieschener%20Allee,Dresden,SN,Germany\/Pieschener%20Allee,Dresden,SN,Germany\/Pieschener%20Allee,Dresden,SN,Germany\/Volksfestgel%C3%A4nde%20Pieschener%20Allee,Dresden,SN,Germany\/data\/55,130,32,198,15,97,4,224,38,9,96,59,2,24,5,192,166,6,113,0,184,64,70,1,152,3,160,29,128,22,0,24,5,103,32,26,107,246,50,128,217,168,3,133,210,6,226,44,242,1,50,84,174,200,64,78,1,3,218,53,32,201,171,114,164,88,12,42,72,161,22,228,90,241,33,69,190,118,249,72,12,221,90,139,49,115,152,180,38,50,152,242,229,111,179,190,71,127,125,181,92,107,62,95,21,214,66,69,124,35,114,67,41,49,119,10,106,19,49,82,82,106,91,86,1,89,70,107,1,49,66,35,22,17,49,60,205,40,242,106,82,59,124,21,76,177,70,22,0,229,20,248,162,123,56,173,66,234,60,204,141,1,65,46,118,26,252,49,124,11,53,71,35,66,229,45,70,197,33,48,128,142,91,82,5,62,199,72,190,61,74,65,1,70,14,11,1,153,210,44,162,22,118,66,26,98,194,132,202,34,61,140,252,11,234,180,154,44,202,66,1,34,13,210,105,109,21,201,206,18,182,11,81,59,188,134,34,243,136,189,216,134,62,139,82,130,160,184,189,244,111,0,185,1,204,139,51,29,216,142,40,161,16,141,70,18,117,36,88,148,143,94,227,139,17,176,82,194,51,52,51,21,147,218,194,246,65,125,12,200,138,212,49,216,113,216,234,76,94,105,166,121,4,82,76,174,33,205,104,50,164,172,130,216,233,18,36,46,195,91,209,137,6,11,5,200,229,64,146,98,184,208,146,156,78,42,193,152,105,4,20,1,167,20,153,136,73,148,1,253,74,177,87,87,18,201,229,162,5,49,126,135,39,150,197,40,104,2,25,162,144,65,119,193,248,213,251,62,177,134,94,12,7,49,41,97,105,4,60,206,196,197,132,252,12,138,37,24,199,42,6,181,148,154,24,76,90,152,227,97,136,101,49,60,204,214,132,114,58,48,76,65,76,77,193,35,17,136,151,240,212,93,185,137,70,11,90,217,168,152,164,233,56,171,231,78,134,104,71,104,95,211,129,96,228,172,50,232,163,61,128,229,217,152,56,44,157,86,73,135,134,61,16,220,36,57,51,63,70,161,119,154,37,206,47,40,138,73,162,224,27,167,183,56,165,4,141,101,32,18,31,56,10,176,73,148,43,211,153,41,68,88,145,152,226,66,85,232,108,88,32,58,4,0,128,0,7,84,30,0,129,16,108,7,5,0,0,47,40,0,5,181,192,140,64,56,14,128,32,0,12,222,0,0,109,208,92,4,7,66,160,84,0,5,160,1,221,144,44,32,6,178,64,0,115,0,36,5,67,208,116,61,6,129,208,68,12,5,194,240,22,50,7,131,224,214,54,7,65,96,58,33,2,227,80,0,1,75,14,65,216,168,32,6,212,160,232,127,3,212,32,232,57,78,134,169,100,30,146,193,185,228,255,12,167,146,148,223,94,72,108,118,100,32,199,147,44,33,14,129,121,44,143,69,68,179,232,13,146,206,168,82,0,23,64,5,245,114,128,0\">Klicke hier f\u00fcr eine interaktive Karte.<\/a><\/p>\n\n\n\n<div class=\"wp-block-image is-style-default\"><figure class=\"alignleft size-large is-resized\"><img loading=\"lazy\" decoding=\"async\" src=\"https:\/\/www.queerpridedd.org\/wp-content\/uploads\/2021\/08\/Route_neu-3-910x1024.png\" alt=\"Start: Bahnhof Neustadt, Schlesischer Platz 1 01097 Dresden\n\nAuf Antonstra\u00dfe -&gt;  rechts auf Albertplatz (Tram) -&gt; rechts auf Alberstra\u00dfe -&gt; \u00fcber Carolaplatz (Tram) auf Carolabr\u00fccke -&gt; auf St. Petersburger Stra\u00dfe (Tram Synagoge) -&gt; auf Pirnaischer Platz (Tram) -&gt;  rechts auf Wilsdruffer Stra\u00dfe (Tram Altmarkt &amp; Tram Postplatz) -&gt; rechts \u00fcber Postplatz -&gt;  auf Sophienstra\u00dfe -&gt; Theaterplatz -&gt; links \u00fcber Theatherplatz auf Terassenufer -&gt; links auf Bernhard-von-Lindenau-Platz -&gt; rechts auf Devrientstra\u00dfe -&gt; auf Ostra-Ufer -&gt; rechts auf Pieschener Allee (Bus) -&gt;  Volksfestgel\u00e4nde \n\nEnde: Volksfestgel\u00e4nde, Pieschener Allee 01067 Dresden\" class=\"wp-image-126\" width=\"910\" height=\"1024\" srcset=\"https:\/\/www.queerpridedd.org\/wp-content\/uploads\/2021\/08\/Route_neu-3-910x1024.png 910w, https:\/\/www.queerpridedd.org\/wp-content\/uploads\/2021\/08\/Route_neu-3-267x300.png 267w, https:\/\/www.queerpridedd.org\/wp-content\/uploads\/2021\/08\/Route_neu-3.png 1145w\" sizes=\"auto, (max-width: 910px) 100vw, 910px\" \/><\/figure><\/div>\n","protected":false},"excerpt":{"rendered":"<p>Liebe Queers, liebe Allies! Am 18. September 2021 ab 13 Uhr treffen wir uns am Bahnhof Neustadt und um 14 Uhr startet die erste QUEER PRIDE DRESDEN von dort. Die Route ist ca. 4,5km lang und ist unter diesem Text ver\u00f6ffentlicht. Es sind verschiedene Bl\u00f6cke, zwei W\u00e4gen und Moderation geplant. Die Route endet am Volksfestgel\u00e4nde. <a href=\"https:\/\/www.queerpridedd.org\/index.php\/18-9-2021\/\" class=\"more-link\">&#8230;<span class=\"screen-reader-text\">  18.9.2021<\/span><\/a><\/p>\n","protected":false},"author":2,"featured_media":0,"parent":0,"menu_order":0,"comment_status":"closed","ping_status":"closed","template":"","meta":{"footnotes":""},"class_list":["post-36","page","type-page","status-publish","hentry"],"_links":{"self":[{"href":"https:\/\/www.queerpridedd.org\/index.php\/wp-json\/wp\/v2\/pages\/36","targetHints":{"allow":["GET"]}}],"collection":[{"href":"https:\/\/www.queerpridedd.org\/index.php\/wp-json\/wp\/v2\/pages"}],"about":[{"href":"https:\/\/www.queerpridedd.org\/index.php\/wp-json\/wp\/v2\/types\/page"}],"author":[{"embeddable":true,"href":"https:\/\/www.queerpridedd.org\/index.php\/wp-json\/wp\/v2\/users\/2"}],"replies":[{"embeddable":true,"href":"https:\/\/www.queerpridedd.org\/index.php\/wp-json\/wp\/v2\/comments?post=36"}],"version-history":[{"count":34,"href":"https:\/\/www.queerpridedd.org\/index.php\/wp-json\/wp\/v2\/pages\/36\/revisions"}],"predecessor-version":[{"id":238,"href":"https:\/\/www.queerpridedd.org\/index.php\/wp-json\/wp\/v2\/pages\/36\/revisions\/238"}],"wp:attachment":[{"href":"https:\/\/www.queerpridedd.org\/index.php\/wp-json\/wp\/v2\/media?parent=36"}],"curies":[{"name":"wp","href":"https:\/\/api.w.org\/{rel}","templated":true}]}}