{"id":264,"date":"2022-02-18T16:28:48","date_gmt":"2022-02-18T14:28:48","guid":{"rendered":"https:\/\/www.queerpridedd.org\/?page_id=264"},"modified":"2022-06-11T18:36:02","modified_gmt":"2022-06-11T16:36:02","slug":"25-06-2022","status":"publish","type":"page","link":"https:\/\/www.queerpridedd.org\/index.php\/25-06-2022\/","title":{"rendered":"25.06.2022"},"content":{"rendered":"\n<p>Liebe Queers, liebe Allies!<\/p>\n\n\n\n<p>Am 25. Juni 2022 um 14 Uhr treffen wir uns am Hauptbahnhof zur zweiten <strong>Queer Pride Dresden<\/strong>.<\/p>\n\n\n\n<p>Die Route ist ca. 5,6km lang und ist unter diesem Text ver\u00f6ffentlicht. Wir werden nur \u00fcber flachen Boden gehen und damit ist die Route komplett rollbar. Der Zug endet am Alaunplatz um 17 Uhr.<\/p>\n\n\n\n<p>Auf dem Alaunplatz haben wir eine kleine After-Show vorbereitet und dann um 19 Uhr geht es zur After-Party in die <a href=\"https:\/\/www.chemiefabrik.info\/\" data-type=\"URL\" data-id=\"https:\/\/www.chemiefabrik.info\/\">Chemiefabrik<\/a>. Die Party wird bis in die fr\u00fchen Morgenstunden gehen.<\/p>\n\n\n\n<p>Auf der Pride werden Sanit\u00e4ter:innen anwesend sein, die helfen k\u00f6nnen, wenn es jemandem schlecht geht.<\/p>\n\n\n\n<p>Es wird Helfer:innen geben, die ihr ansprechen k\u00f6nnt, wenn ihr euch nicht wohl oder nicht sicher f\u00fchlt oder wenn ihr etwas unangenehmes erlebt (Awareness-Team).<\/p>\n\n\n\n<p>Bitte <a href=\"https:\/\/www.queerpridedd.org\/index.php\/kontakt\/\" data-type=\"page\" data-id=\"30\">schreibt uns<\/a> an, wenn ihr ein Anliegen habt.<\/p>\n\n\n\n<h2 class=\"wp-block-heading\">Route<\/h2>\n\n\n\n<figure class=\"wp-block-table is-style-stripes\"><table><thead><tr><th><strong>Routenpunkt<\/strong><\/th><th><strong>Zugang durch \u00d6PNV<\/strong>-Station<\/th><\/tr><\/thead><tbody><tr><td><strong>Start:<\/strong> Wiener Platz<\/td><td>Hauptbahnhof<\/td><\/tr><tr><td>St. Petersburger Stra\u00dfe<\/td><td>Hbf Nord<em>, <\/em>Walpurgisstra\u00dfe<\/td><\/tr><tr><td>Pirnaischer Platz<\/td><td>Pirnaischer Platz<\/td><\/tr><tr><td>Wilsdruffer Stra\u00dfe<\/td><td><\/td><\/tr><tr><td>Altmarkt<\/td><td>Altmarkt<\/td><\/tr><tr><td>Postplatz<\/td><td>Postplatz<\/td><\/tr><tr><td>Sophienstra\u00dfe<\/td><td>Neust\u00e4dter Markt<\/td><\/tr><tr><td>Theaterplatz<\/td><td><\/td><\/tr><tr><td>Augustusbr\u00fccke<\/td><td><\/td><\/tr><tr><td>K\u00f6peckestra\u00dfe<\/td><td><\/td><\/tr><tr><td>Carolaplatz<\/td><td>Carolaplatz<\/td><\/tr><tr><td>Alberstra\u00dfe<\/td><td><\/td><\/tr><tr><td>Albertplatz<\/td><td>Albertplatz<\/td><\/tr><tr><td>Alaunstra\u00dfe<\/td><td><\/td><\/tr><tr><td>Bischofsweg<\/td><td>Alaunplatz<\/td><\/tr><tr><td><strong>Ende:<\/strong> Alaunplatz<\/td><td>Alaunplatz<\/td><\/tr><\/tbody><\/table><\/figure>\n\n\n\n<figure class=\"wp-block-image size-large\"><img loading=\"lazy\" decoding=\"async\" width=\"649\" height=\"1024\" src=\"https:\/\/www.queerpridedd.org\/wp-content\/uploads\/2022\/05\/Demo-Route-QPDD-2022-649x1024.png\" alt=\"Abstrakte Illustration der Route in Vogelperspektive.\" class=\"wp-image-368\" srcset=\"https:\/\/www.queerpridedd.org\/wp-content\/uploads\/2022\/05\/Demo-Route-QPDD-2022-649x1024.png 649w, https:\/\/www.queerpridedd.org\/wp-content\/uploads\/2022\/05\/Demo-Route-QPDD-2022-190x300.png 190w, https:\/\/www.queerpridedd.org\/wp-content\/uploads\/2022\/05\/Demo-Route-QPDD-2022.png 1500w\" sizes=\"auto, (max-width: 649px) 100vw, 649px\" \/><figcaption>Hier ist die Illustration der Route im Detail<\/figcaption><\/figure>\n\n\n\n<h2 class=\"wp-block-heading\">FAQ<\/h2>\n\n\n\n<p><strong>Was sollte ich zur Pride mitbringen?<\/strong><\/p>\n\n\n\n<p>Wasser, Snacks, Drink zum Ansto\u00dfen, dein Outfit (bitte keine Logos von Armee\/Polizei und\/oder Waffen bei Outfits verwenden), FFP2 oder medizinische Maske, ggf. Regenschirm, Sonnencreme, Picknickdecke, Schilder und Transparente. Parteifahnen bitte zum Abschluss der Demo tragen.<\/p>\n\n\n\n<p><strong>Wie komme ich zur Chemiefabrik?<\/strong><\/p>\n\n\n\n<p>Adresse:<br>Chemiefabrik<br>Petrikirchstra\u00dfe 5<br>01097 Dresden<\/p>\n\n\n\n<p>Per \u00d6PNV:<br>Entweder \u00fcber Haltestelle Friedenstra\u00dfe (300m Entfernung) oder Gro\u00dfenhainer Platz (150m Entfernung).<\/p>\n\n\n\n<p><strong>Wie kann ich die Pride supporten?<\/strong><\/p>\n\n\n\n<p>Wir freuen uns, wenn du anderen Menschen von der Pride erz\u00e4hlst und sie dazu einl\u00e4dst. Au\u00dferdem brauchen wir noch Geld-Spenden, damit wir unsere Ideen umsetzen k\u00f6nnen. Die Spendeninformationen sind <a href=\"https:\/\/www.queerpridedd.org\/index.php\/spenden\/\" data-type=\"page\" data-id=\"319\">hier<\/a> zu finden.<\/p>\n","protected":false},"excerpt":{"rendered":"<p>Liebe Queers, liebe Allies! Am 25. Juni 2022 um 14 Uhr treffen wir uns am Hauptbahnhof zur zweiten Queer Pride Dresden. Die Route ist ca. 5,6km lang und ist unter diesem Text ver\u00f6ffentlicht. Wir werden nur \u00fcber flachen Boden gehen und damit ist die Route komplett rollbar. Der Zug endet am Alaunplatz um 17 Uhr. <a href=\"https:\/\/www.queerpridedd.org\/index.php\/25-06-2022\/\" class=\"more-link\">&#8230;<span class=\"screen-reader-text\">  25.06.2022<\/span><\/a><\/p>\n","protected":false},"author":1,"featured_media":0,"parent":0,"menu_order":0,"comment_status":"closed","ping_status":"closed","template":"","meta":{"footnotes":""},"class_list":["post-264","page","type-page","status-publish","hentry"],"_links":{"self":[{"href":"https:\/\/www.queerpridedd.org\/index.php\/wp-json\/wp\/v2\/pages\/264","targetHints":{"allow":["GET"]}}],"collection":[{"href":"https:\/\/www.queerpridedd.org\/index.php\/wp-json\/wp\/v2\/pages"}],"about":[{"href":"https:\/\/www.queerpridedd.org\/index.php\/wp-json\/wp\/v2\/types\/page"}],"author":[{"embeddable":true,"href":"https:\/\/www.queerpridedd.org\/index.php\/wp-json\/wp\/v2\/users\/1"}],"replies":[{"embeddable":true,"href":"https:\/\/www.queerpridedd.org\/index.php\/wp-json\/wp\/v2\/comments?post=264"}],"version-history":[{"count":7,"href":"https:\/\/www.queerpridedd.org\/index.php\/wp-json\/wp\/v2\/pages\/264\/revisions"}],"predecessor-version":[{"id":838,"href":"https:\/\/www.queerpridedd.org\/index.php\/wp-json\/wp\/v2\/pages\/264\/revisions\/838"}],"wp:attachment":[{"href":"https:\/\/www.queerpridedd.org\/index.php\/wp-json\/wp\/v2\/media?parent=264"}],"curies":[{"name":"wp","href":"https:\/\/api.w.org\/{rel}","templated":true}]}}