{"id":1866,"date":"2026-04-27T17:32:26","date_gmt":"2026-04-27T15:32:26","guid":{"rendered":"https:\/\/www.queerpridedd.org\/?page_id=1866"},"modified":"2026-05-04T19:17:46","modified_gmt":"2026-05-04T17:17:46","slug":"queer-action-weeks-2-0","status":"publish","type":"page","link":"https:\/\/www.queerpridedd.org\/index.php\/queer-action-weeks-2-0\/","title":{"rendered":"Queer Action Weeks 2.0"},"content":{"rendered":"\n<h2 class=\"wp-block-heading\">Selbstbehauptungsworkshop<\/h2>\n\n\n\n<ul class=\"wp-block-list\">\n<li>Samstag 16.05. <\/li>\n\n\n\n<li>11-17 Uhr<\/li>\n\n\n\n<li>Ort: nach Anmeldung<\/li>\n\n\n\n<li>Anmeldung \u00fcber ws_queerdd@riseup.net<\/li>\n\n\n\n<li>Trainer*in: Jule, nichtbin\u00e4re, wei\u00dfe Person, able-bodied<\/li>\n\n\n\n<li>Sprache: DE, kein perfektes englisch, aber gemeinsam schaffen wir Verst\u00e4ndigung<\/li>\n<\/ul>\n\n\n\n<details class=\"wp-block-details is-layout-flow wp-block-details-is-layout-flow\"><summary>Details<\/summary>\n<p>Der Workshop m\u00f6chte einen gesch\u00fctzten Rahmen bieten, um dich mit deinen eigenen Grenzen und individuellen Reaktionen in Stresssituationen auseinanderzusetzen.<br>\u00a0<br>Gemeinsam entwickeln wir Strategien, die dir helfen k\u00f6nnen, handlungsf\u00e4hig zu bleiben und dich sicherer zu f\u00fchlen.\u00a0<br>Dazu arbeiten wir mit \u00dcbungen zum Stimmeinsatz, lernen einfache Befreiungs- und Schlagtechniken kennen und nehmen uns Zeit f\u00fcr Austausch und gegenseitige Unterst\u00fctzung.<br><br>Der Workshop richtet sich an queere Menschen. Der Fokus liegt dabei nicht auf Leistung, sondern darauf, die eigenen M\u00f6glichkeiten zu erkunden und zu st\u00e4rken &#8211; in einem solidarischem Miteinander.\u00a0<br><br>Bringt mit: bequeme Sachen, wenn vorhanden Sport-\/Yogamatte, ein bisschen Verpflegung f\u00fcr die Mittagspause (snacks wird es vor Ort geben)<\/p>\n<\/details>\n\n\n\n<h2 class=\"wp-block-heading\">Community Friending by t4t<\/h2>\n\n\n\n<ul class=\"wp-block-list\">\n<li>Dienstag, 19.05.<\/li>\n\n\n\n<li>Ort: Queer Pride Raum @ AZ Conni<\/li>\n<\/ul>\n\n\n\n<h2 class=\"wp-block-heading\">Movie Night feat. AIDS-Hilfe<\/h2>\n\n\n\n<ul class=\"wp-block-list\">\n<li>Mittwoch, 20.05.<\/li>\n\n\n\n<li>19 Uhr<\/li>\n\n\n\n<li>Ort: Kukulida<\/li>\n<\/ul>\n\n\n\n<h2 class=\"wp-block-heading\">Mit Beh\u00f6rden streiten: Versammlungsrecht-Workshop<\/h2>\n\n\n\n<ul class=\"wp-block-list\">\n<li>Montag, 25.05. <\/li>\n\n\n\n<li>17 Uhr<\/li>\n\n\n\n<li>Ort: TBA<\/li>\n<\/ul>\n\n\n\n<h2 class=\"wp-block-heading\">Queer as Fuck \/ Fuck as Queer<\/h2>\n\n\n\n<ul class=\"wp-block-list\">\n<li>Dienstag, 26.05. <\/li>\n\n\n\n<li>19 Uhr<\/li>\n\n\n\n<li>Ort: Queer Pride Raum @ AZ Conni<\/li>\n<\/ul>\n\n\n\n<details class=\"wp-block-details is-layout-flow wp-block-details-is-layout-flow\"><summary>Details<\/summary>\n<p>Queer Sex Talk<br><br>F\u00fcr alle Fragen die wir schon immer los werden wollten.<br><br><em>Offen \u00fcber Sex zu reden ist f\u00fcr viele von uns immer noch schwer.<\/em><br>Dabei k\u00f6nnen wir gerade als queere Menschen sehr viel voneinander lernen.\u00a0<br>Bei diesem Event wollen wir in einer lockeren Atmosph\u00e4re unsere Erfahrungen austauschen und Themen besprechen, die uns schon lange unter den N\u00e4geln brennen. Kraja l\u00e4dt euch ein, dieses Thema mit ihr zu erforschen.<br><br>Ihr k\u00f6nnt eure Fragen gern schon vorher einreichen an <a href=\"http:\/\/t.me\/kraja69\"><u>http:\/\/t.me\/kraja69<\/u><\/a><\/p>\n<\/details>\n\n\n\n<h2 class=\"wp-block-heading\">Prepped for conflict &#8211; Konfliktkompetenz als queere Ressource<\/h2>\n\n\n\n<ul class=\"wp-block-list\">\n<li>Samstag, 30.05. <\/li>\n\n\n\n<li>15-18 Uhr<\/li>\n\n\n\n<li>Referent*in: <a href=\"https:\/\/gregoere-begleitung.de\/\" data-type=\"link\" data-id=\"https:\/\/gregoere-begleitung.de\/\">Greg\u00f6re Hamann<\/a> (@gregoere_eli)<\/li>\n\n\n\n<li>Ort: nach Anmeldung <\/li>\n\n\n\n<li>Anmeldung \u00fcber ws_queerdd@riseup.net<\/li>\n<\/ul>\n\n\n\n<details class=\"wp-block-details is-layout-flow wp-block-details-is-layout-flow\"><summary>Details<\/summary>\n<p>In queeren R\u00e4umen prallen oft unterschiedliche Positionierungen, Gewalterfahrungen und Bed\u00fcrfnisse aufeinander. Manchmal ist der Ort unter unserem sch\u00f6nen umbrella dahingehend eine krasse Ressource und St\u00e4rke, Ausdruck von Lebendigkeit in Vielfalt, die sich jeder corporate identity verwehrt. Manchmal zieht sich aber auch alles zusammen, wird zu eng, wir kippen in Starre, Selbst- und gegenseitige Zerfleischung, Flucht und Br\u00fcche. In diesem 3-st\u00fcndigen Workshop mit maximal 16 Teilnehmenden versuchen wir ehrlich hinzuschauen: Was macht Konflikte in unseren Communities so besonders? Welche Dynamiken wiederholen sich? Was brauchen wir, um auch nach dem Krachen-gehen noch oder wieder miteinander sein zu k\u00f6nnen, vielleicht nicht in voller Harmonie, but at least fair?<br>\u00a0<br>Greg\u00f6re bringt 7 Jahre Erfahrung als Mediator*in in queeren Szenen mit, wir arbeiten praktisch und reflektierend, mit Werkzeug f\u00fcr konkrete Situationen, Austausch \u00fcber Positioniertheiten und Verantwortungs\u00fcbernahme, und mit dem Ziel, das Gelernte in die eigenen Kreise weiterzutragen.<br>\u00a0<br>Meldet euch mit W\u00fcnschen und Bedarfen an eine gute Teilnahme gerne unter: ws_queerdd@riseup.net<\/p>\n<\/details>\n\n\n\n<h2 class=\"wp-block-heading\">Pfefferspray Workshop: Pfeffern als g\u00e4b&#8217;s kein morgen mehr<\/h2>\n\n\n\n<ul class=\"wp-block-list\">\n<li>Sonntag, 31.05. <\/li>\n\n\n\n<li>14-17 Uhr<\/li>\n\n\n\n<li>Ort: nach Anmeldung<\/li>\n\n\n\n<li>Anmeldung \u00fcber ws_queerdd@riseup.net<\/li>\n<\/ul>\n\n\n\n<details class=\"wp-block-details is-layout-flow wp-block-details-is-layout-flow\"><summary>Details<\/summary>\n<p>Leckt\u00fccher und Pfefferspray in der Tasche zu haben, gibt vielen von uns das Gef\u00fchl, auf jede Situation bestens vorbereitet zu sein. Lasst uns dieses Gef\u00fchl vertiefen, in dem wir mit \u00dcbungsspray zielen \u00fcben.<br>\u00a0<br>Hausmeister scheucht euch vom Gras? B\u00c4M. Ex-Freund demoliert euch das Fahrrad? B\u00c4M. Mutti besteht aufs falsche Pronomen? B\u00c4M Naziyoungster kleben an den Fersen? B\u00c4M B\u00c4M B\u00c4M<br>\u00a0<br>Wie wirkt Pfeffespray, welche Arten und Empfehlungen gibt es? Wir \u00fcben \u00dcberwindung und Gefahreneinsch\u00e4tzung mit Roleplay Situationen. Am Ende k\u00f6nnt ihr Spray kaufen.<br>\u00a0<br><em>(Tierabwehrsprays sind nur in Notwehr gegen Menschen zu richten, alle Situationen sind fiktiv und ironisch. Wuff wuff)<\/em><\/p>\n<\/details>\n\n\n\n<h2 class=\"wp-block-heading\">Demotraining &#8211; Skills4Defend<\/h2>\n\n\n\n<ul class=\"wp-block-list\">\n<li>Donnerstag, 04.06. <\/li>\n\n\n\n<li>17 Uhr<\/li>\n\n\n\n<li>Ort nach Anmeldung <\/li>\n\n\n\n<li>Anmeldung \u00fcber ws_queerdd@riseup.net<\/li>\n<\/ul>\n\n\n\n<h2 class=\"wp-block-heading\">Zine WS: QFF &#8211; Queer Friends Forever<\/h2>\n\n\n\n<ul class=\"wp-block-list\">\n<li>Freitag, 05.06. <\/li>\n\n\n\n<li>17-19 Uhr<\/li>\n\n\n\n<li>Referent*in: WissenGegenMacht<\/li>\n\n\n\n<li>Ort: Queer Pride Raum @ AZ Conni<\/li>\n<\/ul>\n\n\n\n<details class=\"wp-block-details is-layout-flow wp-block-details-is-layout-flow\"><summary>Details<\/summary>\n<p>Erinnerst du dich noch an deinen ersten Freund*innenbuch-Eintrag und die Antwort auf die Frage nach deinem Lieblingstier?<br><br>Am 05. Juni laden wir dich ein, gemeinsam mit uns eine queere Neuauflage dieses Formats zu zelebrieren!\u00a0<br><br>Ab 17 Uhr k\u00f6nnt ihr in unserem neuen Queer Pride Raum im AZ Conni mit unseren Vorlagen ein Teil vom 1. Queer Friends Forever Freund*innenbuch werden. Eure W\u00fcnsche, Inspirationen und (Gender) Euphoria Songs werden dann am 20. Juni als bunte Zines auf der Queer Pride Dresden verf\u00fcgbar sein. Kommt also zahlreich, bringt eure besten queeren Erinnerungen mit und teilt sie mit uns am 05. Juni in der QFF Werkstatt &#8211; euer Beitrag kann auch anonym bleiben. Wir freuen uns auf euch!<br><br>Accessibility: Der vordere Teil des Raumes ist ebenerdig begehbar\/ befahrbar. Die barrierefreie Toilette des AZ ist per Au\u00dfenaufzug erreichbar.<\/p>\n<\/details>\n\n\n\n<h2 class=\"wp-block-heading\">DIY-WS: Schnickschnack &#8211; Bastelleien, um den Unfug zu \u00fcberstehen<\/h2>\n\n\n\n<ul class=\"wp-block-list\">\n<li>Sonntag, 07.06. <\/li>\n\n\n\n<li>14 Uhr<\/li>\n\n\n\n<li>Referent*in: Queerdinx<\/li>\n\n\n\n<li>Ort: nach Anmeldung<\/li>\n\n\n\n<li>Anmeldung \u00fcber info@queerdinx.de<\/li>\n<\/ul>\n\n\n\n<details class=\"wp-block-details is-layout-flow wp-block-details-is-layout-flow\"><summary>Details<\/summary>\n<p>Welche Erinnerungen, Menschen, Orte geben dir Hoffnung f\u00fcr die Zukunft? In welchen Dingen findest du Freude und Leichtigkeit? Welchen Gegenst\u00e4nden messen wir Wert bei und wieso? <\/p>\n\n\n\n<p>In diesem Workshop kreieren wir kleine Trinkets \u2013 Schmuckst\u00fccke oder kleine Andenken, die Hoffnung schenken. Wenn du selber schon etwas hast, was du verbasteln m\u00f6chtest, bring es gern mit. Weitere Materialien f\u00fcr unsere Trinkets gibt es aus der Materialvermittlung des Konglomerat e. V.<\/p>\n<\/details>\n\n\n\n<h2 class=\"wp-block-heading\">Podium: Community Care<\/h2>\n\n\n\n<ul class=\"wp-block-list\">\n<li>Montag, 08.06. <\/li>\n\n\n\n<li>19 Uhr<\/li>\n\n\n\n<li>Ort: TBA<\/li>\n<\/ul>\n\n\n\n<h2 class=\"wp-block-heading\">Awareness 101<\/h2>\n\n\n\n<ul class=\"wp-block-list\">\n<li>Donnerstag, 11.06. <\/li>\n\n\n\n<li>16.00-19 Uhr<\/li>\n\n\n\n<li>Referent*innen: Awareness Kollektiv Dresden<\/li>\n\n\n\n<li>Ort: TBA<\/li>\n<\/ul>\n","protected":false},"excerpt":{"rendered":"<p>Selbstbehauptungsworkshop Community Friending by t4t Movie Night feat. AIDS-Hilfe Mit Beh\u00f6rden streiten: Versammlungsrecht-Workshop Queer as Fuck \/ Fuck as Queer Prepped for conflict &#8211; Konfliktkompetenz als queere Ressource Pfefferspray Workshop: Pfeffern als g\u00e4b&#8217;s kein morgen mehr Demotraining &#8211; Skills4Defend Zine WS: QFF &#8211; Queer Friends Forever DIY-WS: Schnickschnack &#8211; Bastelleien, um den Unfug zu \u00fcberstehen <a href=\"https:\/\/www.queerpridedd.org\/index.php\/queer-action-weeks-2-0\/\" class=\"more-link\">&#8230;<span class=\"screen-reader-text\">  Queer Action Weeks 2.0<\/span><\/a><\/p>\n","protected":false},"author":5,"featured_media":0,"parent":0,"menu_order":0,"comment_status":"closed","ping_status":"closed","template":"","meta":{"footnotes":""},"class_list":["post-1866","page","type-page","status-publish","hentry"],"_links":{"self":[{"href":"https:\/\/www.queerpridedd.org\/index.php\/wp-json\/wp\/v2\/pages\/1866","targetHints":{"allow":["GET"]}}],"collection":[{"href":"https:\/\/www.queerpridedd.org\/index.php\/wp-json\/wp\/v2\/pages"}],"about":[{"href":"https:\/\/www.queerpridedd.org\/index.php\/wp-json\/wp\/v2\/types\/page"}],"author":[{"embeddable":true,"href":"https:\/\/www.queerpridedd.org\/index.php\/wp-json\/wp\/v2\/users\/5"}],"replies":[{"embeddable":true,"href":"https:\/\/www.queerpridedd.org\/index.php\/wp-json\/wp\/v2\/comments?post=1866"}],"version-history":[{"count":8,"href":"https:\/\/www.queerpridedd.org\/index.php\/wp-json\/wp\/v2\/pages\/1866\/revisions"}],"predecessor-version":[{"id":1884,"href":"https:\/\/www.queerpridedd.org\/index.php\/wp-json\/wp\/v2\/pages\/1866\/revisions\/1884"}],"wp:attachment":[{"href":"https:\/\/www.queerpridedd.org\/index.php\/wp-json\/wp\/v2\/media?parent=1866"}],"curies":[{"name":"wp","href":"https:\/\/api.w.org\/{rel}","templated":true}]}}