{"id":1764,"date":"2025-06-19T16:52:15","date_gmt":"2025-06-19T14:52:15","guid":{"rendered":"https:\/\/www.queerpridedd.org\/?page_id=1764"},"modified":"2025-06-19T16:52:15","modified_gmt":"2025-06-19T14:52:15","slug":"free-maja","status":"publish","type":"page","link":"https:\/\/www.queerpridedd.org\/index.php\/free-maja\/","title":{"rendered":"Free Maja"},"content":{"rendered":"\n<p>Liebe Zuh\u00f6rende, liebe Antifaschist*innen,<\/p>\n\n\n\n<p>Am 5. Juni 2025 ist Maja im Budapester Gef\u00e4ngnis in den Hungerstreik getreten. Maja reagiert damit darauf, dass die Entscheidung \u00fcber den Antrag auf Verlegung in den Hausarrest am Tag zuvor verschoben wurde, und fordert die R\u00fcck\u00fcberstellung nach Deutschland.<\/p>\n\n\n\n<p>Maja ist ein:e Antifaschist:in aus Jena und wurde im Dezember 2023 in Berlin verhaftet. Maja soll am Rande des Neonazi-Events \u201eTag der Ehre\u201c in Ungarn im Februar 2023 Neonazis angegriffen haben. Im Juni 2024 wurde Maja in einer skandal\u00f6sen Blitzaktion nach Budapest ausgeliefert. Das Bundesverfassungsgericht urteilte sp\u00e4ter, dass die Auslieferung rechtswidrig war. Diese Entscheidung ist bis heute ohne Konsequenzen geblieben, sodass Maja bis heute in Budapest im Knast sitzt.\u00a0<\/p>\n\n\n\n<p>So ist Maja widrigsten Haftbedingungen ausgesetzt. Diese beinhalten tagt\u00e4gliche Erniedrigungen, Mangelern\u00e4hrung, K\u00f6rperverletzungen und Isolationshaft. In der Hungerstreikerkl\u00e4rung von Maja sind die zahlreichen Missst\u00e4nde aufgez\u00e4hlt. Das gr\u00f6\u00dfte Problem ist jedoch die Isolationshaft. Seit fast einem Jahr hat Maja fast gar keinen Kontakt zu Mitgefangenen. Der einzige sinnvolle menschliche Kontakt sind die Besuche des Anwalts und der Familie, die jedes Mal den weiten Weg aus Deutschland auf sich nehmen muss. Der systematische Entzug von menschlichem Kontakt ist eine Form wei\u00dfer Folter, also von Folter, die keine k\u00f6rperlichen, aber enorme psychische Spuren hinterl\u00e4sst. Das muss ein Ende haben und deswegen ist Maja in den Hungerstreik getreten.<\/p>\n\n\n\n<p>Aus diesen Gr\u00fcnden h\u00e4tte Maja auch nie nach Ungarn ausgeliefert werden d\u00fcrfen. Deswegen zeigt sich Maja in der Hungerstreikerkl\u00e4rung auch mit den anderen beschuldigten Antifaschist*innen solidarisch und erkl\u00e4rt, dass niemand weiteres nach Ungarn ausgeliefert werden darf.<\/p>\n\n\n\n<p>Unter anderem Amnesty International und der Europ\u00e4ische Gerichtshof f\u00fcr Menschenrechte haben kritisiert, dass die richterliche Unabh\u00e4ngigkeit in Ungarn zunehmend eingeschr\u00e4nkt wird.\u00a0<\/p>\n\n\n\n<p>Au\u00dferdem muss Maja einen Schauprozess \u00fcber sich ergehen lassen, in welchem Maja bis zu 24 Jahre Haft drohen \u2013 f\u00fcr die angebliche Beteiligung an K\u00f6rperverletzungen!<\/p>\n\n\n\n<p>Und dennoch wurde Maja ausgeliefert. F\u00fcr deutsche Beh\u00f6rden hei\u00dft das: Abschreckung steht offenbar \u00fcber juristischer Gerechtigkeit.\u00a0<\/p>\n\n\n\n<p>Maja ist eine queere, non-bin\u00e4re Person, was die Gef\u00e4hrdung in einem queerfeindlichen Land im Knast zu sitzen weiter versch\u00e4rft.<\/p>\n\n\n\n<p>Die Lage f\u00fcr queere Menschen ist in Ungarn \u00e4u\u00dferst kritisch, ihre Rechte werden stetig eingeschr\u00e4nkt. So wurde beispielsweise ein Gesetz erlassen, welches es erm\u00f6glicht homosexuelle Paare anonym aufgrund ihrer sexuellen Orientierung bei den Beh\u00f6rden zu melden. Ebenso hat Ungarn vor kurzem die Verfassung so ge\u00e4ndert, dass ein Mensch ausschlie\u00dflich als Mann oder Frau definiert werden darf. Der Staat hat damit queere Menschen verboten und Maja\u00a0 die eigene Identit\u00e4t genommen. Ein weiterer Grund Maja sofort nach Deutschland zur\u00fcckzuholen.\u00a0<\/p>\n\n\n\n<p>Ein Hungerstreik ist das Mittel der letzten Wahl f\u00fcr die Gefangenen. Schon nach wenigen Wochen k\u00f6nnen Hungerstreikende langfristige gesundheitliche Sch\u00e4den und Behinderungen davontragen, letzten Endes setzen sie ihr Leben aufs Spiel. Die n\u00e4chsten Tage und Wochen sind entscheidend f\u00fcr das Leben, die Gesundheit, die W\u00fcrde und die Freiheit von Maja. Wir wissen auch, dass ein Hungerstreik nur so erfolgreich ist, wie es Unterst\u00fctzung von drau\u00dfen gibt. Deswegen rufen wir alle dazu auf: Unterst\u00fctzt Maja! Sprecht mit Politiker*innen, sprecht mit euren Mitmenschen, Kolleg*innen, Verwandten und Freund*innen, kontaktiert das Ausw\u00e4rtige Amt Deutschlands und die Botschaft Ungarns, spendet f\u00fcr das extrem kostspielige Budapest-Verfahren, organisiert \u00d6ffentlichkeit und Aktionen. Jeder und jede von uns kann etwas beitragen.<\/p>\n\n\n\n<p>Ihr findet mehr Infos auf der Internetseite basc.news. Neben dem Spendenkonto, gibt es dort tagesaktuelle Informationen zu Majas Hungerstreik und Materialien wie Poster, damit ihr selbst aktiv werden k\u00f6nnt.<\/p>\n\n\n\n<p>F\u00fcr die unverz\u00fcgliche R\u00fcck\u00fcberstellung von Maja nach Deutschland. Holt Maja zur\u00fcck!<\/p>\n\n\n\n<p>F\u00fcr die Freiheit von Maja und aller verfolgten und inhaftierten Antifaschist*innen!<\/p>\n","protected":false},"excerpt":{"rendered":"<p>Liebe Zuh\u00f6rende, liebe Antifaschist*innen, Am 5. Juni 2025 ist Maja im Budapester Gef\u00e4ngnis in den Hungerstreik getreten. Maja reagiert damit darauf, dass die Entscheidung \u00fcber den Antrag auf Verlegung in den Hausarrest am Tag zuvor verschoben wurde, und fordert die R\u00fcck\u00fcberstellung nach Deutschland. Maja ist ein:e Antifaschist:in aus Jena und wurde im Dezember 2023 in <a href=\"https:\/\/www.queerpridedd.org\/index.php\/free-maja\/\" class=\"more-link\">&#8230;<span class=\"screen-reader-text\">  Free Maja<\/span><\/a><\/p>\n","protected":false},"author":1,"featured_media":0,"parent":0,"menu_order":0,"comment_status":"closed","ping_status":"closed","template":"","meta":{"footnotes":""},"class_list":["post-1764","page","type-page","status-publish","hentry"],"_links":{"self":[{"href":"https:\/\/www.queerpridedd.org\/index.php\/wp-json\/wp\/v2\/pages\/1764","targetHints":{"allow":["GET"]}}],"collection":[{"href":"https:\/\/www.queerpridedd.org\/index.php\/wp-json\/wp\/v2\/pages"}],"about":[{"href":"https:\/\/www.queerpridedd.org\/index.php\/wp-json\/wp\/v2\/types\/page"}],"author":[{"embeddable":true,"href":"https:\/\/www.queerpridedd.org\/index.php\/wp-json\/wp\/v2\/users\/1"}],"replies":[{"embeddable":true,"href":"https:\/\/www.queerpridedd.org\/index.php\/wp-json\/wp\/v2\/comments?post=1764"}],"version-history":[{"count":1,"href":"https:\/\/www.queerpridedd.org\/index.php\/wp-json\/wp\/v2\/pages\/1764\/revisions"}],"predecessor-version":[{"id":1766,"href":"https:\/\/www.queerpridedd.org\/index.php\/wp-json\/wp\/v2\/pages\/1764\/revisions\/1766"}],"wp:attachment":[{"href":"https:\/\/www.queerpridedd.org\/index.php\/wp-json\/wp\/v2\/media?parent=1764"}],"curies":[{"name":"wp","href":"https:\/\/api.w.org\/{rel}","templated":true}]}}