{"id":1750,"date":"2025-06-18T23:49:17","date_gmt":"2025-06-18T21:49:17","guid":{"rendered":"https:\/\/www.queerpridedd.org\/?page_id=1750"},"modified":"2025-06-18T23:49:18","modified_gmt":"2025-06-18T21:49:18","slug":"queer-and-antifascist-nase-mosty-dzerzec","status":"publish","type":"page","link":"https:\/\/www.queerpridedd.org\/index.php\/hsb\/queer-and-antifascist-nase-mosty-dzerzec\/","title":{"rendered":"Queer and antifascist \u2013 na\u0161e mosty d\u017aer\u017ee\u0107!"},"content":{"rendered":"\n<p>Queer Pride Drje\u017ed\u017aany wojuje wo to, zo m\u00f3\u017ea w\u0161itcy lud\u017ao w\u011bs\u0107e a swobodnje \u017eiwi by\u0107.&nbsp; Stejimy zhromadnje p\u0159e\u0107iwo prawicarskim a \u010d\u0142owjekej nap\u0159e\u0107o nastajenjam.&nbsp; Dopokazujemy sebi a sw\u011btej, zo bud\u017aemy p\u0159ichod wuhotowa\u0107.&nbsp; P\u0159ewinjemy wuskomyslne p\u0159edstawy, kak dyrbja po\u0107ahi abo seksualita \u201eby\u0107\u201c a kak maja lud\u017ao \u201eby\u0107\u201c.<\/p>\n\n\n\n<p>Chcemy bjezklasowu towar\u0161nos\u0107.&nbsp; Jeno\u017e hdy\u017e myslimy zwonka twjerdych a knje\u017eich normow, m\u00f3\u017eemy so swobodnje wuwiwa\u0107.&nbsp; Hdy\u017e so wot zwu\u017eitkowanskeje logiki a myslenja \u0142och\u0107ow wuswobod\u017aimy, wuswobod\u017aimy so mjez sobu.<\/p>\n\n\n\n<p>W tutych \u010dasach je pr\u011bke a antifa\u0161istiske sple\u0107enje wa\u017eni\u0161e ha\u010d hdy prjedy.&nbsp; Nas wot so d\u017a\u011bli\u0107, so p\u0159e\u0107iwo sebi wuhrawa\u0107, sam sebje a s\u0142abje \u010du\u0107 da\u0107 \u2013 to je dok\u0142adnje, \u0161to\u017e prawi \u010d\u0142owjekojo njep\u0159e\u0107eljo chced\u017aa.&nbsp; P\u0159ez murje socialneho wumjezowanja a hrjebje pa\u010daceje hidy twarimy mosty z n\u011b\u017enos\u0107e a zwjazanos\u0107e.&nbsp; Wutworimy community, kotra\u017e \u010d\u0142owje\u010du mnohotnos\u0107 zap\u0159ija a zakituje.&nbsp; D\u017a\u011blimy w\u011bdu, wuknjemy jedyn wot druheho, zjedno\u0107imy so hromad\u017ae.<\/p>\n\n\n\n<p>Zhromadnje staramy so wo to, zo nicht\u00f3 sam njewostanje.&nbsp; Zhromadnje \u017eadamy sej prawo na dobre a samopostajene \u017eiwjenje za w\u0161itkich.&nbsp; Zhromadnje stejimy za to, zo je pr\u011bke \u017eiwjenje w\u0161ud\u017ae wid\u017aomne a w\u011bste.<\/p>\n\n\n\n<p>Na\u0161a zwjazanos\u0107 da nam m\u00f3c.&nbsp; Na\u0161a w\u011bda, zo m\u00f3\u017eemy so na so spu\u0161\u0107e\u0107, dawa nam zmu\u017eitos\u0107.&nbsp; Na\u0161a solidariska praksa \u2013 to je na\u0161a najsylni\u0161a br\u00f3\u0144.<\/p>\n\n\n\n<p>P\u0159injesemy zwjazanos\u0107, w\u011bdu, solidaritu na dr\u00f3hi \u2013 na 21.6. pola Pride w Drje\u017ed\u017aanach a cy\u0142e l\u011b\u0107o do\u0142ho w\u0161ud\u017ae w Sakskej!<\/p>\n\n\n\n<p>Wostanjemy pr\u011bki, wostanjemy zwjazani, wostanjemy antifa\u0161istiscy!<\/p>\n","protected":false},"excerpt":{"rendered":"<p>Queer Pride Drje\u017ed\u017aany wojuje wo to, zo m\u00f3\u017ea w\u0161itcy lud\u017ao w\u011bs\u0107e a swobodnje \u017eiwi by\u0107.&nbsp; Stejimy zhromadnje p\u0159e\u0107iwo prawicarskim a \u010d\u0142owjekej nap\u0159e\u0107o nastajenjam.&nbsp; Dopokazujemy sebi a sw\u011btej, zo bud\u017aemy p\u0159ichod wuhotowa\u0107.&nbsp; P\u0159ewinjemy wuskomyslne p\u0159edstawy, kak dyrbja po\u0107ahi abo seksualita \u201eby\u0107\u201c a kak maja lud\u017ao \u201eby\u0107\u201c. Chcemy bjezklasowu towar\u0161nos\u0107.&nbsp; Jeno\u017e hdy\u017e myslimy zwonka twjerdych a knje\u017eich <a href=\"https:\/\/www.queerpridedd.org\/index.php\/hsb\/queer-and-antifascist-nase-mosty-dzerzec\/\" class=\"more-link\">&#8230;<span class=\"screen-reader-text\">  Queer and antifascist \u2013 na\u0161e mosty d\u017aer\u017ee\u0107!<\/span><\/a><\/p>\n","protected":false},"author":2,"featured_media":0,"parent":0,"menu_order":0,"comment_status":"closed","ping_status":"closed","template":"","meta":{"footnotes":""},"class_list":["post-1750","page","type-page","status-publish","hentry"],"_links":{"self":[{"href":"https:\/\/www.queerpridedd.org\/index.php\/wp-json\/wp\/v2\/pages\/1750","targetHints":{"allow":["GET"]}}],"collection":[{"href":"https:\/\/www.queerpridedd.org\/index.php\/wp-json\/wp\/v2\/pages"}],"about":[{"href":"https:\/\/www.queerpridedd.org\/index.php\/wp-json\/wp\/v2\/types\/page"}],"author":[{"embeddable":true,"href":"https:\/\/www.queerpridedd.org\/index.php\/wp-json\/wp\/v2\/users\/2"}],"replies":[{"embeddable":true,"href":"https:\/\/www.queerpridedd.org\/index.php\/wp-json\/wp\/v2\/comments?post=1750"}],"version-history":[{"count":1,"href":"https:\/\/www.queerpridedd.org\/index.php\/wp-json\/wp\/v2\/pages\/1750\/revisions"}],"predecessor-version":[{"id":1751,"href":"https:\/\/www.queerpridedd.org\/index.php\/wp-json\/wp\/v2\/pages\/1750\/revisions\/1751"}],"wp:attachment":[{"href":"https:\/\/www.queerpridedd.org\/index.php\/wp-json\/wp\/v2\/media?parent=1750"}],"curies":[{"name":"wp","href":"https:\/\/api.w.org\/{rel}","templated":true}]}}