{"id":1696,"date":"2025-06-13T13:47:36","date_gmt":"2025-06-13T11:47:36","guid":{"rendered":"https:\/\/www.queerpridedd.org\/?page_id=1696"},"modified":"2025-06-20T20:23:25","modified_gmt":"2025-06-20T18:23:25","slug":"queer-pride-afterparty-2025","status":"publish","type":"page","link":"https:\/\/www.queerpridedd.org\/index.php\/queer-pride-afterparty-2025\/","title":{"rendered":"Queer Pride Afterparty 2025"},"content":{"rendered":"\n<p>Nach der Queer Pride Demo ist der Tag noch lange lange nicht zu Ende! Wir m\u00f6chten mit euch auf der Afterparty noch die ganze Nacht verbringen \ud83d\ude42 Was erwartet euch? Ein queeres Performance-Programm! Jede Menge Acts! Mit euren Friends Karaoke-Smash-Hits performen! Bei leckerem Essen \u00fcber eure Lieblings-Themen abnerden! Info- und Merch-St\u00e4nde! Nicht mehr ganz geheime Extras! #Speeddating #Tattoos \u2794 Wer mag nicht das diesj\u00e4hrige Queer Pride Motto &#8222;Queer &amp; Antifascist &#8211; unsere Br\u00fccken halten&#8220; auf den Unterarm gepiekst haben? Jedenfalls findet ihr hier alle Party-Infos!<\/p>\n\n\n\n<h2 class=\"wp-block-heading\"><strong>Hard Facts<\/strong><\/h2>\n\n\n\n<p>Die Queer Pride Afterparty 2025 findet am 21.06.2025 <a href=\"https:\/\/objektkleina.com\/\" data-type=\"link\" data-id=\"https:\/\/objektkleina.com\/\">im objekt klein a (kurz: oka)<\/a> statt! Das oka findet ihr in der Meschwitzstra\u00dfe 9 in 01099 Dresden.<\/p>\n\n\n\n<ul class=\"wp-block-list\">\n<li>Einlass &amp; Start: 20.00 Uhr<\/li>\n\n\n\n<li>Ende &amp; Schlaft gut: 06:00 Uhr<\/li>\n\n\n\n<li>Tickets: 10-20 Euro, nur an der Abendkasse<\/li>\n<\/ul>\n\n\n\n<p>P\u00fcnktlich sein lohnt, das Programm geht direkt los \ud83d\ude42 Weitere Infos zu Anfahrt, Ticketing, Awareness und Co findet ihr weiter unten im Text.<\/p>\n\n\n\n<h2 class=\"wp-block-heading\"><strong>Line-Up \/ Programm<\/strong><\/h2>\n\n\n\n<h3 class=\"wp-block-heading\"><strong>Nothing Stable Under Heaven<\/strong> <strong>(outdoor)<\/strong><\/h3>\n\n\n\n<ul class=\"wp-block-list\">\n<li>20:00\u201320:45 Liam (DD) &#8211; Techhouse, Disco, Afrobeats\u00a0<\/li>\n\n\n\n<li>20:45\u201321:30 Live Band: Clash Clash Bang Bang (Berlin) &#8211; Space Pop, Electroclash<\/li>\n\n\n\n<li>21:30\u201323:00 Performance &amp; Show:\n<ul class=\"wp-block-list\">\n<li>moderiert von Jutta Jugendschutz &amp; Lars JustLarsReally &amp; Otto Autobahn<\/li>\n\n\n\n<li><a href=\"https:\/\/www.instagram.com\/rosa_rrrrrrr\">flieder<\/a> (DD) &#8211; stimme \/ glockenspiel<\/li>\n\n\n\n<li>House of Empress (DD) &#8211; drag<\/li>\n\n\n\n<li>Stacey (DD) &#8211; drag<\/li>\n\n\n\n<li>Aribeymani &amp; Ariel Feuer (Pirna) &#8211; drag<\/li>\n\n\n\n<li>we got your back (DD) &#8211; trans-tenderness<\/li>\n<\/ul>\n<\/li>\n\n\n\n<li>23:00\u201323:45 Sona (DD) &#8211; Jersey Club, Hyperpop<\/li>\n\n\n\n<li>23:45\u201300:30 Live Solo Act: bauSTELLE3000 (Weimar) &#8211; Nintendo-Core<\/li>\n\n\n\n<li>00:30\u201301:30 DJ Soundi (Leipzig) &#8211; Bounce, Hard Trance<\/li>\n\n\n\n<li>01:30\u201303:00 goldie (oka, DD) &#8211; Progressive Techno<\/li>\n\n\n\n<li>03:00\u201304:30 Jun.Choi (Rawmantique, Berlin\/DD) &#8211; House<\/li>\n<\/ul>\n\n\n\n<h3 class=\"wp-block-heading\"><strong>Sassy Treats<\/strong> <strong><em>(indoor)<\/em><\/strong><\/h3>\n\n\n\n<ul class=\"wp-block-list\">\n<li>22:30\u201300:00 PIAWILMAFICKEN (Wien) &#8211; Witch House, Abstract Pop<\/li>\n\n\n\n<li>00:00\u201301:30 Karaoke by Queer Monday (DD)<\/li>\n\n\n\n<li>01:30\u201303:00 Mt. Florida (Prag) &#8211; Latine Club, Pop Mash-Ups<\/li>\n\n\n\n<li>03:00\u201304:30 froqsta (House of Them, DD) &#8211; Hip Hop, Afrobeats, Brazilian Funk<\/li>\n\n\n\n<li>04:30\u201306:00 L_Sa (DD) &#8211; eklektisch elektrisch<\/li>\n<\/ul>\n\n\n\n<h3 class=\"wp-block-heading\"><strong>Planet UrAnus<\/strong> <strong><em>(indoor)<\/em><\/strong><\/h3>\n\n\n\n<ul class=\"wp-block-list\">\n<li>23:30\u201301:00 Juan Alejandro (SLAY, DD) &#8211; Baile Funk, Hardhouse<\/li>\n\n\n\n<li>01:00\u201302:30 Flexible Heart b2b Acid Adams (ProZecco\/MiDi\/oka, DD) &#8211; Techno<\/li>\n\n\n\n<li>02:30\u201303:30 Diamond Horseshoe (Queer Pride, DD) &#8211; Witchy Dark Wave Metal<\/li>\n\n\n\n<li>03:30\u201305:00 Softbabe (Berlin) &#8211; Gymcore, Mash-Ups<\/li>\n<\/ul>\n\n\n\n<h2 class=\"wp-block-heading\"><strong>Specials&nbsp; \/ Extras<\/strong><\/h2>\n\n\n\n<p>K\u00fcfA (K\u00fcche f\u00fcr Alle): Ab 20 Uhr gibt es Essen gekocht vom <a href=\"https:\/\/gemeinschaftsgartennebenan.wordpress.com\">Garten Nebenan<\/a> f\u00fcr einen schmalen Taler!<\/p>\n\n\n\n<p>In der Outdoor Area erwarten euch noch ein paar \u00dcberaschungen. Stellt euch auf die M\u00f6glichkeit ein, mit einem frischen Tattoo heimzugehen oder tolle neue Personen beim Speeddating (hosted by <a href=\"https:\/\/www.instagram.com\/t4t_kollektiv\/\">T4T Kollektiv<\/a>) kennengelernt zu haben.&nbsp;<\/p>\n\n\n\n<p>Drumherum k\u00f6nnt ihr euch an verschiedenen St\u00e4nden mit jeder Menge Infos und cutem Merch eindecken. Angemeldet haben sich: DARIA Fachberatungsstelle, Safernightlife, Aids-Hilfe Dresden, Queer Pride Merchandise und SMJG. Und an der Garderobe\/Kiosk k\u00f6nnt ihr gegen Spende ein Missy Magazine mitnehmen oder f\u00fcr den Heimweg in den Jacken\u00e4rmel rollen &#8211; der Erl\u00f6s geht komplett an die Queer Pride \ud83d\ude42<\/p>\n\n\n\n<h2 class=\"wp-block-heading\"><strong>Tickets\/Eintritt<\/strong><\/h2>\n\n\n\n<p>Alle Tickets werden an der Abendkasse vom oka verkauft. Der Preis liegt bei 10 &#8211; 20 Euro, innerhalb dieser Preisspanne k\u00f6nnt ihr frei entscheiden, was ihr ausgeben k\u00f6nnt und m\u00f6chtet. Wenn ihr noch etwas mehr Geld \u00fcbrig habt, schmei\u00dft gerne noch etwas in die Soli-Kasse!<\/p>\n\n\n\n<p>Aus der Soli-Kasse k\u00f6nnen sich Menschen Geld nehmen, die kein\/nicht genug Geld f\u00fcr den Eintritt haben. Das ist auf Vertrauensbasis und ganz ohne Erkl\u00e4rungen m\u00f6glich.<\/p>\n\n\n\n<p>Die Einnahmen vom Eintritt werden zwischen dem oka und der Queer Pride aufgeteilt. F\u00fcr die Queer Pride ist die Party als Soli-Veranstaltung eine super wichtige Einnahmequelle, um auch in Zukunft Sachen bezahlen zu k\u00f6nnen, die bei Politischer- und Community-Arbeit anfallen \ud83d\ude42<\/p>\n\n\n\n<p>Bitte denkt daran, ein Lichtbildausweis mitzunehmen. Dieser ist n\u00f6tig f\u00fcr die Alterskontrolle (siehe n\u00e4chster Punkt). Wir bem\u00fchen uns um einen sensiblen Umgang damit.<\/p>\n\n\n\n<h2 class=\"wp-block-heading\"><strong>Alter &amp; Awareness<\/strong><\/h2>\n\n\n\n<p>F\u00fcr alle jungen Queers ab 16 Jahren:<\/p>\n\n\n\n<p>Auch ihr seid herzlich eingeladen, an unserer Afterparty teilzunehmen! Mit einem von euren Eltern\/Erziehungsberechtigten unterschriebenen <strong>Begleitzettel<\/strong> d\u00fcrft ihr bei der ganzen Party dabei sein! Wichtig ist, dass ihr mit einer <strong>Begleitperson<\/strong> zu Party kommt, die von euren Erziehungsberechtigten per Unterschrift best\u00e4tigt wurde. Die Begleitperson muss ebenfalls auf dem Begleitzettel unterschreiben.<\/p>\n\n\n\n<p>Bringt einfach den ausgef\u00fcllten und unterschriebenen Zettel (<a href=\"https:\/\/www.queerpridedd.org\/wp-content\/uploads\/2025\/06\/Queer_Pride_2025_Begleitzettel.pdf\" data-type=\"link\" data-id=\"https:\/\/www.queerpridedd.org\/wp-content\/uploads\/2025\/06\/Queer_Pride_2025_Begleitzettel.pdf\">Download hier<\/a>) mit zur Party und zeigt ihn am Eingang vor. Bitte bring den Begleitzettel in zweifacher Ausf\u00fchrung mit (also zwei unterschriebene Zettel). Ein Zettel bleibt beim Einlass, der andere kommt mit auf die Party! Wir freuen uns darauf, mit euch zusammen unsere Community zu feiern!<\/p>\n\n\n\n<p>Es gibt ein Ausschank-Konzept gem\u00e4\u00df dem geltenden Jugendschutz. Au\u00dferdem wird es vor Ort ein <strong>Awareness-Team<\/strong> und einen Stand von <strong>Safer Night Life<\/strong> geben. Wendet euch gerne dorthin, sollte am Abend Unwohlsein in irgendeiner Form auftreten.&nbsp;<\/p>\n\n\n\n<p><strong>Awareness<\/strong> bedeutet wertsch\u00e4tzendes und respektvolles Miteinander. Wir wollen einen Raum erschaffen, in dem sich alle wohlf\u00fchlen k\u00f6nnen und pers\u00f6nliche Grenzen gewahrt werden. Wir tolerieren keinerlei Gewalt, weder Sexismus noch Rassismus, keine Misogynie und Queer-Feindlichkeit und auch keinen Ableismus und wollen Betroffene von Gewalt jeglicher Form unterst\u00fctzen. Wendet euch jederzeit an uns, wenn ihr euch in Situationen unsicher f\u00fchlt und Unterst\u00fctzung braucht oder euch etwas auff\u00e4llt. Ihr erkennt unser Awareness-Team an ihren silbernen Westen. Fragt nach ihnen an der Bar, am Einlass oder an der T\u00fcr.<\/p>\n\n\n\n<p>Sprich uns auch an, wenn du dich unwohl f\u00fchlst, alleine den Heimweg anzutreten, dir aber das Geld f\u00fcr eine Taxifahrt fehlt. Wir haben eine solidarische Taxikasse, um Menschen, die darauf angewiesen sind, einen m\u00f6glichst sicheren Heimweg zu erm\u00f6glichen. Die Kasse ist spendenbasiert, deshalb lass gern dein Kleingeld am Einlass oder der Garderobe bzw. dem Kiosk, wenn du es dir leisten kannst, damit eine andere Person sicher nach Hause kommt.<\/p>\n\n\n\n<p>Wenn ihr Fragen zu unserer Awareness-Arbeit habt oder etwas loswerden wollt, meldet euch unter <a href=\"mailto:awareness@objektkleina.com\">awareness@objektkleina.com<\/a>.<\/p>\n\n\n\n<h2 class=\"wp-block-heading\"><strong>Dresscode<\/strong><\/h2>\n\n\n\n<p>Hui wir freuen uns auf eure Outfits! Freiz\u00fcgigkeit und Sexyness sind willkommen. Vieles kann, aber nichts muss. Das Wichtigste ist, dass ihr euch wohl f\u00fchlt &lt;3<\/p>\n\n\n\n<p>Uns sind <strong>folgende Abmachungen<\/strong> wichtig:<\/p>\n\n\n\n<ol class=\"wp-block-list\">\n<li>Nackt allein ist kein Outfit. Genitalien sind auf der Party bedeckt zu halten.<\/li>\n\n\n\n<li>Wir gestalten die Atmosph\u00e4re der Party gemeinsam. Seid daher achtsam miteinander und passt auf euch und eure Mitmenschen auf. Wenn du angesprochen wirst, dass du dich bedecken sollst, gehe dem bitte nach!<\/li>\n<\/ol>\n\n\n\n<h2 class=\"wp-block-heading\"><strong>Accessibility<\/strong><\/h2>\n\n\n\n<p>Das objekt klein a befindet sich auf der Meschwitzstra\u00dfe 9 im Dresdner Norden.<\/p>\n\n\n\n<p>Der Club ist \u00fcber die n\u00e4chstgelegene <strong>Stra\u00dfenbahnhaltestelle<\/strong> \u201cIndustriegel\u00e4nde\u201d nur stadtausw\u00e4rts <strong>rollstuhlgerecht<\/strong> erreichbar, aus Klotzsche kommend nicht. Gleiches gilt umgekehrt f\u00fcr den Heimweg. Beide Richtungen sind erst an der Haltestelle \u201cHeeresb\u00e4ckerei\u201d rollstuhlgerecht zug\u00e4nglich.<\/p>\n\n\n\n<p>Der <strong>Zugang <\/strong>zum Club mit einem <strong>Rollstuhl<\/strong> ist m\u00f6glich. Bitte meldet euch daf\u00fcr beim T\u00fcrpersonal. Eine <strong>barrierefreie Toilette<\/strong> befindet sich direkt neben unserer Garderobe. Sie ist mit einem Euroschl\u00fcssel zu \u00f6ffnen. Eine <strong>Rollstuhl-Rampe <\/strong>f\u00fchrt zum Au\u00dfenbereich. An der Bar findet ihr <strong>Strohhalme<\/strong>. <strong>Menschen mit Behinderungen<\/strong> zahlen die <strong>H\u00e4lfte<\/strong> des jeweils geltenden <strong>Eintrittspreises<\/strong>. Wer aufgrund einer Behinderung anstatt \u00fcber die Treppe durch unseren Seiteneingang in den Club kommt, zahlt den Eintritt an unserer Garderobe. Eine <strong>Begleitperson<\/strong> kommt <strong>kostenfrei<\/strong> rein.<\/p>\n\n\n\n<p>Auch Inhaber*innen eines <strong>Dresden-Pass<\/strong> bekommen <strong>50% Nachlass<\/strong> auf den Eintrittspreis.<\/p>\n\n\n\n<p>Auf dem Barfloor \u201cSassy Treats&#8220; wird bei dieser Party auf <strong>Nebel<\/strong> verzichtet. Auf dem Mainfloor \u201cPlanet UrAnus\u201d sowie in der outdoor-Area (Nothing Stable Under Heaven)wird Nebel eingesetzt. Wir verzichten auf der Party auf <strong>Strobo-Lichteffekte<\/strong>. <strong>Im gesamten Innenbereich darf nicht geraucht werden.<\/strong>&nbsp;<\/p>\n\n\n\n<p>Wir sind uns bewusst, dass es nach wie vor viele Barrieren bei uns gibt und sind dankbar, wenn ihr uns darauf hinweist, um ihnen entgegenwirken zu k\u00f6nnen. Bei Fragen oder Feedback meldet euch gerne bei den Mitarbeitenden des oka, bei Menschen von der Queer Pride-Orga oder bei unserem Awareness-Team \u2013 gut erkennbar an den silbernen Westen.<\/p>\n","protected":false},"excerpt":{"rendered":"<p>Nach der Queer Pride Demo ist der Tag noch lange lange nicht zu Ende! Wir m\u00f6chten mit euch auf der Afterparty noch die ganze Nacht verbringen \ud83d\ude42 Was erwartet euch? Ein queeres Performance-Programm! Jede Menge Acts! Mit euren Friends Karaoke-Smash-Hits performen! Bei leckerem Essen \u00fcber eure Lieblings-Themen abnerden! Info- und Merch-St\u00e4nde! Nicht mehr ganz geheime <a href=\"https:\/\/www.queerpridedd.org\/index.php\/queer-pride-afterparty-2025\/\" class=\"more-link\">&#8230;<span class=\"screen-reader-text\">  Queer Pride Afterparty 2025<\/span><\/a><\/p>\n","protected":false},"author":1,"featured_media":0,"parent":0,"menu_order":0,"comment_status":"closed","ping_status":"closed","template":"","meta":{"footnotes":""},"class_list":["post-1696","page","type-page","status-publish","hentry"],"_links":{"self":[{"href":"https:\/\/www.queerpridedd.org\/index.php\/wp-json\/wp\/v2\/pages\/1696","targetHints":{"allow":["GET"]}}],"collection":[{"href":"https:\/\/www.queerpridedd.org\/index.php\/wp-json\/wp\/v2\/pages"}],"about":[{"href":"https:\/\/www.queerpridedd.org\/index.php\/wp-json\/wp\/v2\/types\/page"}],"author":[{"embeddable":true,"href":"https:\/\/www.queerpridedd.org\/index.php\/wp-json\/wp\/v2\/users\/1"}],"replies":[{"embeddable":true,"href":"https:\/\/www.queerpridedd.org\/index.php\/wp-json\/wp\/v2\/comments?post=1696"}],"version-history":[{"count":3,"href":"https:\/\/www.queerpridedd.org\/index.php\/wp-json\/wp\/v2\/pages\/1696\/revisions"}],"predecessor-version":[{"id":1812,"href":"https:\/\/www.queerpridedd.org\/index.php\/wp-json\/wp\/v2\/pages\/1696\/revisions\/1812"}],"wp:attachment":[{"href":"https:\/\/www.queerpridedd.org\/index.php\/wp-json\/wp\/v2\/media?parent=1696"}],"curies":[{"name":"wp","href":"https:\/\/api.w.org\/{rel}","templated":true}]}}