{"id":1650,"date":"2025-05-25T19:48:39","date_gmt":"2025-05-25T17:48:39","guid":{"rendered":"https:\/\/www.queerpridedd.org\/?page_id=1650"},"modified":"2025-06-20T21:22:52","modified_gmt":"2025-06-20T19:22:52","slug":"21-06-2025","status":"publish","type":"page","link":"https:\/\/www.queerpridedd.org\/index.php\/21-06-2025\/","title":{"rendered":"21.06.2025"},"content":{"rendered":"\n<p>Liebe Queers, liebe Allies!<\/p>\n\n\n\n<p>Am 21. Juni 2025 um 14 Uhr treffen wir uns am Altmarkt zur f\u00fcnften <strong>Queer Pride Dresden<\/strong>!<br>Der Zug endet am Alaunplatz um 17 Uhr.<\/p>\n\n\n\n<p>Zum Ende des Tages findet unsere <a href=\"https:\/\/www.queerpridedd.org\/index.php\/queer-pride-afterparty-2025\/\" data-type=\"page\" data-id=\"1696\">Afterparty<\/a> im objekt klein a ab 20 Uhr statt.<\/p>\n\n\n\n<p>Bitte <a href=\"https:\/\/www.queerpridedd.org\/index.php\/kontakt\/\">schreibt uns<\/a> an, wenn ihr ein Anliegen habt.<\/p>\n\n\n\n<h2 class=\"wp-block-heading\">Route<\/h2>\n\n\n\n<p>Wir werden nur \u00fcber flachen Boden gehen und damit ist die Route komplett rollbar.<\/p>\n\n\n\n<figure class=\"wp-block-image size-full\"><img loading=\"lazy\" decoding=\"async\" width=\"1250\" height=\"1250\" src=\"https:\/\/www.queerpridedd.org\/wp-content\/uploads\/2025\/06\/demo-route-2025.png\" alt=\"Demo-Route mit Karte von Dresden. Start: 14 Uhr Altmarkt, Zwischenkundgebung: Sachsenplatz, Ende: 17 Uhr Alaunpark, Afterparty 20 Uhr objekt klein a.\" class=\"wp-image-1706\" srcset=\"https:\/\/www.queerpridedd.org\/wp-content\/uploads\/2025\/06\/demo-route-2025.png 1250w, https:\/\/www.queerpridedd.org\/wp-content\/uploads\/2025\/06\/demo-route-2025-300x300.png 300w, https:\/\/www.queerpridedd.org\/wp-content\/uploads\/2025\/06\/demo-route-2025-1024x1024.png 1024w, https:\/\/www.queerpridedd.org\/wp-content\/uploads\/2025\/06\/demo-route-2025-150x150.png 150w\" sizes=\"auto, (max-width: 1250px) 100vw, 1250px\" \/><\/figure>\n\n\n\n<h3 class=\"wp-block-heading\">Was sollte ich mitbringen? Was besser nicht?<\/h3>\n\n\n\n<p>Denke an Wasser, Snacks, Sonnenschutz, Regenschirm (auch bei gutem Wetter) und bei Bedarf Geh\u00f6rschutz. Die Pride ist ein prima Ort, um dich und dein Outfit zu pr\u00e4sentieren. Bitte verwende dabei aber keine Logos von Armee\/Polizei und Dinge, die nach Waffen oder Uniform aussehen. Denn Stonewall war ein Riot \u2013 wir wollen staatliche Repression nicht heroisieren.<\/p>\n\n\n\n<p>FFP2-Masken sind gern gesehen, genauso wie Puppies. F\u00fcr Rassismus, Sexismus, Queerfeindlichkeit und Antsemitismus ist dagegen kein Platz auf der Pride!<\/p>\n\n\n\n<p>Wir bitten keine Fahnen &amp; Symbole von Nationen oder Territorien mitzubringen \u2013 das gleiche gilt f\u00fcr politische Parteien.<\/p>\n\n\n\n<h3 class=\"wp-block-heading\">K\u00f6rperlichkeit, Kink &amp; Konsens<\/h3>\n\n\n\n<p>Queeres Herumgeknutsche, Free Hugs und Kinks haben ihren berechtigten Platz auf der Pride \u2013 solange alle Beteiligten ihren Konsens dazu geben. Bitte frag\u2018 im Zweifelsfall vor Umarmungen und so weiter bei deinem Gegen\u00fcber nach!<\/p>\n\n\n\n<p>Den eigenen K\u00f6rper nicht verstecken zu m\u00fcssen kann ein gro\u00dfartiges Gef\u00fchl und sehr befreiend sein. Gerade cis M\u00e4nner bitten wir darum, darauf zu achten, dass sich andere deswegen nicht unwohl f\u00fchlen und damit eingeschr\u00e4nkt werden. Nehmt bitte entsprechend R\u00fccksicht und sicherheitshalber ein Ersatz-T-Shirt mit.<\/p>\n\n\n\n<p><strong>Let\u2018s be gentle with each other so that we can be dangerous together!<\/strong><\/p>\n\n\n\n<h3 class=\"wp-block-heading\">Awareness und Erste Hilfe<\/h3>\n\n\n\n<p>Es wird Helfer*innen geben, die ihr ansprechen k\u00f6nnt, wenn ihr euch nicht wohl oder nicht sicher f\u00fchlt oder wenn ihr etwas unangenehmes erlebt. Z\u00f6gert nicht, unser Awareness-Team daf\u00fcr anzusprechen. Ihr k\u00f6nnt sie jederzeit unter der Telefonnummer <a href=\"tel:+491626752795\">+491626752795<\/a> erreichen. Au\u00dferdem haben wir Demo-Sanis f\u00fcr die Versorgung bei medizinischen Problemen und Notf\u00e4llen.<\/p>\n\n\n\n<h3 class=\"wp-block-heading\">Accessibility<\/h3>\n\n\n\n<p>Die Gesamtroute ist komplett rollbar. Redebeitr\u00e4ge sind in <a href=\"https:\/\/www.queerpridedd.org\/index.php\/reden-2025\/\" data-type=\"page\" data-id=\"1760\">Deutsch<\/a> und <a href=\"https:\/\/www.queerpridedd.org\/index.php\/en\/speeches-2025\/\" data-type=\"page\" data-id=\"1788\">Englisch<\/a> auf unserer Website zum Mit- und Nachlesen verf\u00fcgbar und werden auf LKW 1 simultan in deutsche Geb\u00e4rdensprache \u00fcbersetzt.<br>F\u00fcr Kinder und alle die es etwas ruhiger brauchen gibt es den Ruhe- und Familienblock. Weitere Details dazu stehen im folgenden Abschnitt.<\/p>\n\n\n\n<h2 class=\"wp-block-heading\">Bl\u00f6cke und Lineup<\/h2>\n\n\n\n<p>Unser Line Up 2025 ist gr\u00f6\u00dfer als je zuvor, wir haben mehr politische Friends am Start als je zuvor, es wird hot hot hot \ud83d\udd25<\/p>\n\n\n\n<h3 class=\"wp-block-heading\">LKW 1: Queer Pride DD<\/h3>\n\n\n\n<ul class=\"wp-block-list\">\n<li><a href=\"https:\/\/soundcloud.com\/janetonic-68356388\">Jane Toni\u00e7<\/a><\/li>\n\n\n\n<li>Genre: Party Sounds, Disco House, 80s\/90s\/2000s<\/li>\n<\/ul>\n\n\n\n<figure class=\"wp-block-image size-medium is-resized\"><img loading=\"lazy\" decoding=\"async\" width=\"296\" height=\"300\" src=\"https:\/\/www.queerpridedd.org\/wp-content\/uploads\/2025\/06\/IMG_20250615_131150-296x300.jpg\" alt=\"\" class=\"wp-image-1707\" style=\"width:300px;height:auto\" srcset=\"https:\/\/www.queerpridedd.org\/wp-content\/uploads\/2025\/06\/IMG_20250615_131150-296x300.jpg 296w, https:\/\/www.queerpridedd.org\/wp-content\/uploads\/2025\/06\/IMG_20250615_131150-1009x1024.jpg 1009w, https:\/\/www.queerpridedd.org\/wp-content\/uploads\/2025\/06\/IMG_20250615_131150.jpg 1080w\" sizes=\"auto, (max-width: 296px) 100vw, 296px\" \/><\/figure>\n\n\n\n<p>Jane Toni\u00e7 nimmt euch mit auf eine glitzernde Klangreise. Mit im Gep\u00e4ck: melodische Perlen aus den 80ern, 90ern und dem Besten von Heute \u2013 zum Mitsingen, Mitf\u00fchlen und Abheben.<\/p>\n\n\n\n<ul class=\"wp-block-list\">\n<li><a href=\"https:\/\/soundcloud.com\/user-860240953\">DJ Trashken<\/a><\/li>\n\n\n\n<li>Genre: Tanzbar, Techno, Latin Groove<\/li>\n<\/ul>\n\n\n\n<figure class=\"wp-block-image size-medium\"><img loading=\"lazy\" decoding=\"async\" width=\"201\" height=\"300\" src=\"https:\/\/www.queerpridedd.org\/wp-content\/uploads\/2025\/06\/signal-2025-06-14-122215-201x300.jpeg\" alt=\"\" class=\"wp-image-1708\" srcset=\"https:\/\/www.queerpridedd.org\/wp-content\/uploads\/2025\/06\/signal-2025-06-14-122215-201x300.jpeg 201w, https:\/\/www.queerpridedd.org\/wp-content\/uploads\/2025\/06\/signal-2025-06-14-122215-685x1024.jpeg 685w, https:\/\/www.queerpridedd.org\/wp-content\/uploads\/2025\/06\/signal-2025-06-14-122215.jpeg 1071w\" sizes=\"auto, (max-width: 201px) 100vw, 201px\" \/><\/figure>\n\n\n\n<p>DJ Trashken bringt euch eine \u00dcberraschungst\u00fcte voller s\u00fc\u00dfen, atzigen und sexy Tracks &#8211; irgendwo zwischen Techno, Latin Groove und Trillerpfeifen.&nbsp;Schwitzen garantiert &#8211; und die Kniescheiben? Die fliegen wie Frisbees!<\/p>\n\n\n\n<h3 class=\"wp-block-heading\">Ruheblock<\/h3>\n\n\n\n<p>Wer keine Lust auf laute Musik und Action hat, findet hier eine Zone ohne direkte Beschallung.<br>Bitte hier nicht rauchen, keinen Alkohol oder andere Drogen konsumieren. Kinder sind insbesondere herzlich willkommen!<\/p>\n\n\n\n<h3 class=\"wp-block-heading\">LKW 2: &#8222;H.O.T. Truck&#8220;<\/h3>\n\n\n\n<p>House of Them wurde 2020 direkt hier in Dresden gegr\u00fcndet und ist ein queeres Kollektiv und eine Chosen Family, die Raum f\u00fcr Verbindung, Kreativit\u00e4t und Feiern schafft. House of Them konzentriert sich auf die Freude, BIPOC, Fl\u00fcchtling und Trans* zu sein.<\/p>\n\n\n\n<p>Dies ist ihr f\u00fcnftes Jahr, in dem sie einen Truck auf der Queer Pride haben, und sie bringen die Vibes mit zwei fantastischen DJs:<\/p>\n\n\n\n<ul class=\"wp-block-list\">\n<li><a href=\"https:\/\/soundcloud.com\/goldie161\">goldie<\/a> (house)&nbsp; <\/li>\n\n\n\n<li><a href=\"https:\/\/soundcloud.com\/user-430706064\">Zander<\/a> (acid techno) <\/li>\n<\/ul>\n\n\n\n<figure class=\"wp-block-image size-medium\"><img loading=\"lazy\" decoding=\"async\" width=\"222\" height=\"300\" src=\"https:\/\/www.queerpridedd.org\/wp-content\/uploads\/2025\/06\/goldie-truck-2-222x300.jpg\" alt=\"\" class=\"wp-image-1709\" srcset=\"https:\/\/www.queerpridedd.org\/wp-content\/uploads\/2025\/06\/goldie-truck-2-222x300.jpg 222w, https:\/\/www.queerpridedd.org\/wp-content\/uploads\/2025\/06\/goldie-truck-2-759x1024.jpg 759w, https:\/\/www.queerpridedd.org\/wp-content\/uploads\/2025\/06\/goldie-truck-2.jpg 949w\" sizes=\"auto, (max-width: 222px) 100vw, 222px\" \/><\/figure>\n\n\n\n<p>Goldie is a standout selector and booker in the electronic music scene, known for her energetic and versatile house sets that range from slappy vocals to deep percussion, always keeping the crowd engaged and surprised. Her dynamic presence has earned her a residency at objekt klein a and co-founding the Dresden-based label fragment., where she connects music, art, and politics while staying true to her unique style.<\/p>\n\n\n\n<figure class=\"wp-block-image size-medium\"><img loading=\"lazy\" decoding=\"async\" width=\"300\" height=\"271\" src=\"https:\/\/www.queerpridedd.org\/wp-content\/uploads\/2025\/06\/zander-truck-2-300x271.jpg\" alt=\"\" class=\"wp-image-1710\" srcset=\"https:\/\/www.queerpridedd.org\/wp-content\/uploads\/2025\/06\/zander-truck-2-300x271.jpg 300w, https:\/\/www.queerpridedd.org\/wp-content\/uploads\/2025\/06\/zander-truck-2-1024x926.jpg 1024w, https:\/\/www.queerpridedd.org\/wp-content\/uploads\/2025\/06\/zander-truck-2.jpg 1280w\" sizes=\"auto, (max-width: 300px) 100vw, 300px\" \/><\/figure>\n\n\n\n<p>As a DJ, producer, and unapologetic force on the electronic music scene, Zander brings heavy, uncompromising acid techno to the floor\u2014music that is both empowering and laced with sharp wit. Drawing deeply from lived experiences as a trans artist, Zander\u2019s sets and productions channel the complexities, struggles, and joys of trans identity, turning each performance into a cathartic celebration. With every track, Zander invites the crowd to move, laugh, and feel together, making the dancefloor a space of both resistance and release.<br>So come dance, come feel the love. House of Them is here \u2013 loud, proud, and ready to celebrate with you! \ud83c\udff3\ufe0f\u200d\ud83c\udf08\ud83c\udff3\ufe0f\u200d\u26a7\ufe0f<\/p>\n\n\n\n<h3 class=\"wp-block-heading\">Pony Pitstop<\/h3>\n\n\n\n<ul class=\"wp-block-list\">\n<li>drag_strip Kollektiv <a href=\"https:\/\/www.instagram.com\/perv_ision\/\">Per_Vision<\/a><\/li>\n\n\n\n<li>DJ: <a href=\"https:\/\/soundcloud.com\/ibuundgin\">Ibu&amp;Gin<\/a> <\/li>\n\n\n\n<li>Genre: banger, nudity, Tankstelle, Waschservice, sei ein Pony: zieh den Wagen<\/li>\n<\/ul>\n\n\n\n<figure class=\"wp-block-image size-medium\"><img loading=\"lazy\" decoding=\"async\" width=\"287\" height=\"300\" src=\"https:\/\/www.queerpridedd.org\/wp-content\/uploads\/2025\/06\/pony-pitstop-287x300.jpg\" alt=\"\" class=\"wp-image-1711\" srcset=\"https:\/\/www.queerpridedd.org\/wp-content\/uploads\/2025\/06\/pony-pitstop-287x300.jpg 287w, https:\/\/www.queerpridedd.org\/wp-content\/uploads\/2025\/06\/pony-pitstop-980x1024.jpg 980w, https:\/\/www.queerpridedd.org\/wp-content\/uploads\/2025\/06\/pony-pitstop.jpg 1080w\" sizes=\"auto, (max-width: 287px) 100vw, 287px\" \/><\/figure>\n\n\n\n<p>Meet PerVision Strip collective from saxony &#8211; we reach from Dresden, Leipzig to Halle \u2728 we strip, host and connect you with a salty mix of entertainment and bodyart.<\/p>\n\n\n\n<p>brrrrr ruuuhig, darlings. es ist genug f\u00fcr alle da!!<br>Per_Vision hat Schwamm, Schaum und Tankhahn auf ihren Ponywagen gezurrt, lassen sich von euch durch die Altstadt ziehen, und geben gern zur\u00fcck: sweaty and tired? Per_Vision sorgt sich um jedes m\u00fcde Pony. G\u00f6nnt euch public Waschservice&nbsp; \ud83d\udca6\ud83e\uddfd\ud83e\uddfd<\/p>\n\n\n\n<h3 class=\"wp-block-heading\">LKW 3: &#8222;Flinta* Truck&#8220;<\/h3>\n\n\n\n<p>by Dyke*March, Lesbischer Stammtisch DD, Queer Monday<br>FLINTA Truck meint nicht FLINTA Block. Die PS sind unsere, aber feiern tun wir gemeinsam. Steppt die Stra\u00dfen hot zu:<\/p>\n\n\n\n<ul class=\"wp-block-list\">\n<li>DJ: <a href=\"https:\/\/soundcloud.com\/rd-annika\">Baroness Beat<\/a><\/li>\n\n\n\n<li>Genre: Pop House\/Trance\/Groove<\/li>\n<\/ul>\n\n\n\n<figure class=\"wp-block-image size-medium\"><img loading=\"lazy\" decoding=\"async\" width=\"227\" height=\"300\" src=\"https:\/\/www.queerpridedd.org\/wp-content\/uploads\/2025\/06\/baroness-beat-truck-3-227x300.jpeg\" alt=\"\" class=\"wp-image-1712\" srcset=\"https:\/\/www.queerpridedd.org\/wp-content\/uploads\/2025\/06\/baroness-beat-truck-3-227x300.jpeg 227w, https:\/\/www.queerpridedd.org\/wp-content\/uploads\/2025\/06\/baroness-beat-truck-3-775x1024.jpeg 775w, https:\/\/www.queerpridedd.org\/wp-content\/uploads\/2025\/06\/baroness-beat-truck-3.jpeg 1550w\" sizes=\"auto, (max-width: 227px) 100vw, 227px\" \/><\/figure>\n\n\n\n<p>Baroness Beat,&nbsp; Resident in der BoysBar, zieht durch &#8211; f\u00fcr euch und eure Herzen.<\/p>\n\n\n\n<h3 class=\"wp-block-heading\">Action Lauti<\/h3>\n\n\n\n<p>Ihr seid der sch\u00f6nste Abspann der Stadt. Niemals abgeh\u00e4ngt ist auf euch immer Verlass!<\/p>\n\n\n\n<ul class=\"wp-block-list\">\n<li><a href=\"https:\/\/www.instagram.com\/h2xrh4xrh3xr\/\">hrrrhrrrrhrrr<\/a><\/li>\n\n\n\n<li><a href=\"https:\/\/www.instagram.com\/hoodie_ya\/\">Hoodie<\/a><\/li>\n<\/ul>\n\n\n\n<figure class=\"wp-block-image size-medium\"><img loading=\"lazy\" decoding=\"async\" width=\"225\" height=\"300\" src=\"https:\/\/www.queerpridedd.org\/wp-content\/uploads\/2025\/06\/photo_1_2025-06-15_18-22-16-225x300.jpg\" alt=\"\" class=\"wp-image-1713\" srcset=\"https:\/\/www.queerpridedd.org\/wp-content\/uploads\/2025\/06\/photo_1_2025-06-15_18-22-16-225x300.jpg 225w, https:\/\/www.queerpridedd.org\/wp-content\/uploads\/2025\/06\/photo_1_2025-06-15_18-22-16-768x1024.jpg 768w, https:\/\/www.queerpridedd.org\/wp-content\/uploads\/2025\/06\/photo_1_2025-06-15_18-22-16.jpg 960w\" sizes=\"auto, (max-width: 225px) 100vw, 225px\" \/><\/figure>\n\n\n\n<p>hrrrhrrrrhrrr: queer &amp; trashy mash-ups music propaganda entertainment from \u00dasteck\u00fd Pride &lt;3<\/p>\n\n\n\n<figure class=\"wp-block-image size-medium\"><img loading=\"lazy\" decoding=\"async\" width=\"300\" height=\"300\" src=\"https:\/\/www.queerpridedd.org\/wp-content\/uploads\/2025\/06\/E6D004B3-C646-41F5-A4B1-1F78C3EABE18-300x300.jpg\" alt=\"\" class=\"wp-image-1725\" srcset=\"https:\/\/www.queerpridedd.org\/wp-content\/uploads\/2025\/06\/E6D004B3-C646-41F5-A4B1-1F78C3EABE18-300x300.jpg 300w, https:\/\/www.queerpridedd.org\/wp-content\/uploads\/2025\/06\/E6D004B3-C646-41F5-A4B1-1F78C3EABE18-1022x1024.jpg 1022w, https:\/\/www.queerpridedd.org\/wp-content\/uploads\/2025\/06\/E6D004B3-C646-41F5-A4B1-1F78C3EABE18-150x150.jpg 150w, https:\/\/www.queerpridedd.org\/wp-content\/uploads\/2025\/06\/E6D004B3-C646-41F5-A4B1-1F78C3EABE18.jpg 1024w\" sizes=\"auto, (max-width: 300px) 100vw, 300px\" \/><\/figure>\n\n\n\n<p>Hoodie ist als Dresdner DJ im feministischen und selbstorganisierten Partykontext aktiv. Ihr Genre beschreibt sie selbst als Bootybass &amp; Twerkcore. Die Sets ballern mit schnellen B\u00e4ssen, frickeligen Breaks und Einfl\u00fcssen aus HipHop und Trap. Hauptsache es wummst! Am liebsten spielt sie auf Parties mit politischem Anspruch und dem Motto: Keine Macker vor und hinter den Decks!<\/p>\n","protected":false},"excerpt":{"rendered":"<p>Liebe Queers, liebe Allies! Am 21. Juni 2025 um 14 Uhr treffen wir uns am Altmarkt zur f\u00fcnften Queer Pride Dresden!Der Zug endet am Alaunplatz um 17 Uhr. Zum Ende des Tages findet unsere Afterparty im objekt klein a ab 20 Uhr statt. Bitte schreibt uns an, wenn ihr ein Anliegen habt. Route Wir werden <a href=\"https:\/\/www.queerpridedd.org\/index.php\/21-06-2025\/\" class=\"more-link\">&#8230;<span class=\"screen-reader-text\">  21.06.2025<\/span><\/a><\/p>\n","protected":false},"author":1,"featured_media":0,"parent":0,"menu_order":0,"comment_status":"closed","ping_status":"closed","template":"","meta":{"footnotes":""},"class_list":["post-1650","page","type-page","status-publish","hentry"],"_links":{"self":[{"href":"https:\/\/www.queerpridedd.org\/index.php\/wp-json\/wp\/v2\/pages\/1650","targetHints":{"allow":["GET"]}}],"collection":[{"href":"https:\/\/www.queerpridedd.org\/index.php\/wp-json\/wp\/v2\/pages"}],"about":[{"href":"https:\/\/www.queerpridedd.org\/index.php\/wp-json\/wp\/v2\/types\/page"}],"author":[{"embeddable":true,"href":"https:\/\/www.queerpridedd.org\/index.php\/wp-json\/wp\/v2\/users\/1"}],"replies":[{"embeddable":true,"href":"https:\/\/www.queerpridedd.org\/index.php\/wp-json\/wp\/v2\/comments?post=1650"}],"version-history":[{"count":9,"href":"https:\/\/www.queerpridedd.org\/index.php\/wp-json\/wp\/v2\/pages\/1650\/revisions"}],"predecessor-version":[{"id":1820,"href":"https:\/\/www.queerpridedd.org\/index.php\/wp-json\/wp\/v2\/pages\/1650\/revisions\/1820"}],"wp:attachment":[{"href":"https:\/\/www.queerpridedd.org\/index.php\/wp-json\/wp\/v2\/media?parent=1650"}],"curies":[{"name":"wp","href":"https:\/\/api.w.org\/{rel}","templated":true}]}}