{"id":1230,"date":"2024-06-14T20:33:52","date_gmt":"2024-06-14T18:33:52","guid":{"rendered":"https:\/\/www.queerpridedd.org\/?page_id=1230"},"modified":"2024-06-14T20:33:53","modified_gmt":"2024-06-14T18:33:53","slug":"queer-pride-dresden-2024-13","status":"publish","type":"page","link":"https:\/\/www.queerpridedd.org\/index.php\/ro\/queer-pride-dresden-2024-13\/","title":{"rendered":"Queer Pride Dresden 2024"},"content":{"rendered":"\n<p><strong>QUEER \u0218I ANTIFASCIST &#8211; uni\u021bi-v\u0103 \u0219i rezista\u021bi!<\/strong><\/p>\n\n\n\n<p>Al\u0103tur\u0103-te la Pride 2024!<\/p>\n\n\n\n<p>Patru ani de Queer Pride \u00een Dresda. Patru ani de voci g\u0103l\u0103gioase, colorate, furioase, hot\u0103r\u00e2te, sexy, tandre, combative, queer din Dresda! Pentru a patra oar\u0103, v\u0103 chem\u0103m pe to\u021bi, homosexuali \u0219i alia\u021bi, s\u0103 ie\u0219i\u021bi \u00een strad\u0103 pentru un Pride comun queer \u0219i antifascist.<\/p>\n\n\n\n<p>Queerness \u0219i antifascismul &#8211; ele apar\u021bin \u00eempreun\u0103!<\/p>\n\n\n\n<p>Queerness nu este doar un set de litere, nu este vorba doar de lesbiene, bisexuali, homosexuali, inter \u0219i persoane trans. \u00censeamn\u0103 s\u0103 g\u00e2nde\u0219ti \u0219i s\u0103 tr\u0103ie\u0219ti ca un homosexual. \u00censeamn\u0103 s\u0103 mergi \u00eempotriva structurilor normative. Este un mod de a pune sub semnul \u00eentreb\u0103rii status quo-ul social. Pentru c\u0103 stabilirea heterosexualit\u0103\u021bii ca norm\u0103 se simte pr\u0103fuit. \u00cen\u021belegerea familiei nucleare cu b\u0103rbat \u0219i femeie ca singura constela\u021bie posibil\u0103 miroase a plictiseal\u0103! Lumea \u00een doar dou\u0103 culori &#8211; alb \u0219i negru, b\u0103rbat \u0219i femeie &#8211; este un basm pe care nu mai suntem dispu\u0219i s\u0103 \u00eel spunem.<\/p>\n\n\n\n<p>Ne g\u00e2ndim la mult mai mult: O lume \u00een care toat\u0103 lumea poate tr\u0103i \u00een siguran\u021b\u0103! O lume \u00een care nimeni nu este for\u021bat s\u0103 se \u00eencadreze \u00een norme de gen \u00eenguste. O lume \u00een care oamenii pot iubi cum \u0219i pe cine vor. \u00cen care pot tr\u0103i unde doresc \u0219i pot primi \u00eengrijirea de care au nevoie. \u00cen care toat\u0103 lumea are dreptul de a face parte dintr-o societate mai bun\u0103. Parte a unei societ\u0103\u021bi bazate pe solidaritate, o societate care nu las\u0103 pe nimeni \u00een urm\u0103. Parte a unei societ\u0103\u021bi f\u0103r\u0103 clase, care \u00eenva\u021b\u0103 din istorie. \u0218i parte a unei societ\u0103\u021bi care d\u0103 putere, \u00een care fiecare persoan\u0103 poate str\u0103luci.<\/p>\n\n\n\n<p>Pentru noi, antifascismul nu este doar un cuv\u00e2nt frumos. Nu este doar o referin\u021b\u0103 istoric\u0103 la mi\u0219c\u0103rile sociale. Este un r\u0103spuns \u0219i o autodescriere. Este un r\u0103spuns la evolu\u021biile din ce \u00een ce mai mizantropice. Este singura reac\u021bie posibil\u0103 la activit\u0103\u021bile periculoase ale nazi\u0219tilor, fasci\u0219tilor \u0219i misantropilor de dreapta. Antifascismul este o condi\u021bie prealabil\u0103 pentru lumea la care vis\u0103m.&nbsp;<\/p>\n\n\n\n<p>O lume care este amenin\u021bat\u0103 pentru c\u0103 via\u021ba \u0219i integritatea noastr\u0103 sunt, de asemenea, amenin\u021bate. Pentru c\u0103 ura \u0219i agita\u021bia nazist\u0103 c\u00e2\u0219tig\u0103 teren \u00een parlamente, \u00een mass-media \u0219i pe str\u0103zile noastre.<\/p>\n\n\n\n<p>Ideologia de dreapta nu las\u0103 loc pentru o lume dincolo de ideile exagerate de masculinitate \u0219i rasism.<\/p>\n\n\n\n<p>Pentru noi, a fi queer \u0219i a fi antifascist sunt unul \u0219i acela\u0219i lucru. Este o lupt\u0103!&nbsp;<\/p>\n\n\n\n<p>De aceea spunem: &#8222;Uni\u021bi-v\u0103!&#8220; &#8211; uni\u021bi-v\u0103 \u00eempreun\u0103! Aceasta este ceea ce \u00eenseamn\u0103 apelul nostru. \u00cen mod individual \u0219i singur, nu vom reu\u0219i s\u0103 declar\u0103m r\u0103zboi ostilit\u0103\u021bii queer de zi cu zi, chiriilor umflate, exploat\u0103rii prin munc\u0103, evacu\u0103rilor, deport\u0103rilor \u0219i violen\u021bei structurale. Nu va fi posibil s\u0103 \u00eei for\u021b\u0103m pe nazi\u0219ti s\u0103 ias\u0103 din parlamente \u0219i de pe str\u0103zi cu o voce solitar\u0103. Dar cu mul\u021bi va reu\u0219i!<\/p>\n\n\n\n<p>De aceea spunem: &#8222;Rezista\u021bi!&#8220; &#8211; rezista\u021bi \u00een aceste condi\u021bii. Fi\u021bi al\u0103turi de colegul dumneavoastr\u0103 de culoare \u00een solidaritate. Ocup\u0103 spa\u021bii, intr\u0103 \u00een grev\u0103, blocheaz\u0103 deport\u0103rile \u0219i mar\u0219urile naziste. Educa\u021bi-v\u0103, antrena\u021bi-v\u0103 g\u00e2ndirea critic\u0103, \u00eencepe\u021bi s\u0103 ac\u021biona\u021bi. Fi\u021bi solidari, uni\u021bi-v\u0103 for\u021bele. Doar a\u0219a viitorul nostru va reu\u0219i!<\/p>\n\n\n\n<p>De aceea spunem: AL\u0102TURA\u021aI-V\u0102 LUPTEI NOASTRE &#8211; AL\u0102TURA\u021aI-V\u0102 M\u00c2NDRIEI!<\/p>\n","protected":false},"excerpt":{"rendered":"<p>QUEER \u0218I ANTIFASCIST &#8211; uni\u021bi-v\u0103 \u0219i rezista\u021bi! Al\u0103tur\u0103-te la Pride 2024! Patru ani de Queer Pride \u00een Dresda. Patru ani de voci g\u0103l\u0103gioase, colorate, furioase, hot\u0103r\u00e2te, sexy, tandre, combative, queer din Dresda! Pentru a patra oar\u0103, v\u0103 chem\u0103m pe to\u021bi, homosexuali \u0219i alia\u021bi, s\u0103 ie\u0219i\u021bi \u00een strad\u0103 pentru un Pride comun queer \u0219i antifascist. Queerness <a href=\"https:\/\/www.queerpridedd.org\/index.php\/ro\/queer-pride-dresden-2024-13\/\" class=\"more-link\">&#8230;<span class=\"screen-reader-text\">  Queer Pride Dresden 2024<\/span><\/a><\/p>\n","protected":false},"author":1,"featured_media":0,"parent":0,"menu_order":0,"comment_status":"closed","ping_status":"closed","template":"","meta":{"footnotes":""},"class_list":["post-1230","page","type-page","status-publish","hentry"],"_links":{"self":[{"href":"https:\/\/www.queerpridedd.org\/index.php\/wp-json\/wp\/v2\/pages\/1230","targetHints":{"allow":["GET"]}}],"collection":[{"href":"https:\/\/www.queerpridedd.org\/index.php\/wp-json\/wp\/v2\/pages"}],"about":[{"href":"https:\/\/www.queerpridedd.org\/index.php\/wp-json\/wp\/v2\/types\/page"}],"author":[{"embeddable":true,"href":"https:\/\/www.queerpridedd.org\/index.php\/wp-json\/wp\/v2\/users\/1"}],"replies":[{"embeddable":true,"href":"https:\/\/www.queerpridedd.org\/index.php\/wp-json\/wp\/v2\/comments?post=1230"}],"version-history":[{"count":1,"href":"https:\/\/www.queerpridedd.org\/index.php\/wp-json\/wp\/v2\/pages\/1230\/revisions"}],"predecessor-version":[{"id":1231,"href":"https:\/\/www.queerpridedd.org\/index.php\/wp-json\/wp\/v2\/pages\/1230\/revisions\/1231"}],"wp:attachment":[{"href":"https:\/\/www.queerpridedd.org\/index.php\/wp-json\/wp\/v2\/media?parent=1230"}],"curies":[{"name":"wp","href":"https:\/\/api.w.org\/{rel}","templated":true}]}}