{"id":1213,"date":"2024-06-12T16:31:16","date_gmt":"2024-06-12T14:31:16","guid":{"rendered":"https:\/\/www.queerpridedd.org\/?page_id=1213"},"modified":"2024-06-15T10:48:12","modified_gmt":"2024-06-15T08:48:12","slug":"afterparty-2024","status":"publish","type":"page","link":"https:\/\/www.queerpridedd.org\/index.php\/afterparty-2024\/","title":{"rendered":"Afterparty"},"content":{"rendered":"\n<h2 class=\"wp-block-heading\"><strong>Dusty Dreams<\/strong><\/h2>\n\n\n\n<p>Am 22.6.24 gehen wir wieder gemeinsam als queere und antifaschistische Pride auf die Stra\u00dfe.&nbsp;<br>Alle Infos zur <strong>Demo<\/strong> findest du <a href=\"https:\/\/www.queerpridedd.org\/index.php\/22-06-2024\/\">hier<\/a>.<\/p>\n\n\n\n<p>Lasst uns nach dem gemeinsamen Kampf gegen Unterdr\u00fcckung zeigen, dass unsere Tr\u00e4ume stark und lebendig sind &#8211; auf der Queerpride After-Demo-Party unter dem Motto <strong>Dusty Dreams!<\/strong><\/p>\n\n\n\n<p>Auf dem Gel\u00e4nde des Festspielhauses Hellerau kannst du mit Friends Snacks naschen, mit Verb\u00fcndeten deinen favorite Karaokesong performen, Kunst von queeren Artists bestaunen und in gequeerten R\u00e4umen bis in den Morgen tanzen.<\/p>\n\n\n\n<p>Auf dich warten allerlei \u00dcberraschungen und ein ph\u00e4nomenales Line-Up auf zwei Floors!<\/p>\n\n\n\n<p>Komm vorbei und bring deine Freund*innen mit! Queer and Antifascist &#8211; unite and resist!&nbsp;<\/p>\n\n\n\n<h2 class=\"wp-block-heading\"><strong>Lineup \/ Timetable<\/strong><\/h2>\n\n\n\n<p>coming soon!<\/p>\n\n\n\n<h2 class=\"wp-block-heading\"><strong>Tickets\/Eintritt<\/strong><\/h2>\n\n\n\n<p>Ewig vor der T\u00fcr warten und bangen, ob mensch noch in den Club kommt? Finden wir auch \u00e4tzend.&nbsp;<\/p>\n\n\n\n<p>Deshalb freut es uns, dass wir dieses Jahr in Kooperation mit HELLERAU einen Ticketvorverkauf anbieten k\u00f6nnen. Ab dem 11.06. k\u00f6nnt ihr euch auf der <a href=\"https:\/\/www.hellerau.org\/de\/event\/queer-pride-afterparty\/\">Website von Hellerau<\/a> eure Tickets sichern. Die gibt es in drei Preiskategorien &#8211; 6 \u20ac, 12\u20ac oder 18 \u20ac. Ihr gebt so viel oder so wenig wie ihr k\u00f6nnt. Der Eintritt wird genutzt, um die Personalkosten am Veranstaltungsort zu decken und den Artists eine Aufwandsentsch\u00e4digung zukommen zu lassen. Der Rest geht als Spende an die Queer Pride, damit wir auch in Zukunft aktiv sein k\u00f6nnen.<\/p>\n\n\n\n<p>Wenn ihr kein\/nicht genug Geld habt, gibt es daf\u00fcr einen &#8222;Soli-Topf&#8220; am Einlass. Menschen, die k\u00f6nnen, f\u00fcllen den Topf und Menschen, die brauchen, sind eingeladen, sich daraus zu nehmen. Das ist auf Vertrauensbasis und ganz ohne Erkl\u00e4rungen m\u00f6glich.<\/p>\n\n\n\n<h2 class=\"wp-block-heading\"><strong>Alter &amp; Awareness<\/strong><\/h2>\n\n\n\n<p>F\u00fcr alle jungen Queers ab 16 Jahren:<\/p>\n\n\n\n<p>Auch ihr seid herzlich eingeladen, an unserer Afterparty &#8222;Dusty Dreams&#8220; teilzunehmen! Mit einem von euren Eltern\/Erziehungsberechtigten unterschriebenen <strong>Begleitzettel<\/strong> d\u00fcrft ihr bis 24 Uhr mittanzen, quatschen und dabei sein!<\/p>\n\n\n\n<p>Bringt einfach den ausgef\u00fcllten und unterschriebenen Zettel mit zur Party und zeigt ihn am Eingang vor. Wir freuen uns darauf, mit euch zusammen eine unvergessliche Nacht zu erleben!<\/p>\n\n\n\n<p>Es gibt ein Ausschank-Konzept gem\u00e4\u00df dem geltenden Jugendschutz. Au\u00dferdem wird es vor Ort ein <strong>Awareness-Team<\/strong> und einen Stand von <strong>Safer Night Life<\/strong> geben. Wendet euch gerne dorthin, sollte am Abend Unwohlsein in irgendeiner Form auftreten.&nbsp;<\/p>\n\n\n\n<p>Damit alle gut zur Party und wieder nach Hause kommen, wird die ganze Nacht jede halbe Stunde eine Stra\u00dfenbahn am Festspielhaus Hellerau verkehren.<\/p>\n\n\n\n<h2 class=\"wp-block-heading\"><strong>Accessibility, Hygienekonzept, An- &amp; Abreise<\/strong><\/h2>\n\n\n\n<p>Infektionskrankheiten stellen besonders f\u00fcr Risikogruppen und Menschen mit eingeschr\u00e4nktem Immunsystem eine Gefahr dar. Bei Erk\u00e4ltungssymptomen, seid solidarisch und kuriert euch zu Hause aus. Wir wollen eine Party organisieren, die f\u00fcr so viele Menschen wir m\u00f6glich ein sicherer Ort ist.&nbsp;<\/p>\n\n\n\n<p>Das Festspielhaus HELLERAU ist f\u00fcr Menschen mit Rollstuhl zug\u00e4nglich. Der Eingang erfolgt durch einen Seiteneingang, bitte meldet euch daf\u00fcr am Einlass. Der Veranstaltungsort verf\u00fcgt \u00fcber eine rollstuhlgerechte Toilette.<\/p>\n\n\n\n<p>Weitere Infos zum Veranstaltungsort kannst du unter <a href=\"https:\/\/www.hellerau.org\/de\/barrierefreiheit\/\">https:\/\/www.hellerau.org\/de\/barrierefreiheit\/<\/a> erfahren.<\/p>\n\n\n\n<h3 class=\"wp-block-heading\"><strong>An- und Abreise mit Stra\u00dfenbahn<\/strong><\/h3>\n\n\n\n<p>Der Ein- und Ausstieg ist mit Inanspruchnahme der in der Bahn vorhandenen Rampe m\u00f6glich. Bitte beachte, dass du bei der ersten T\u00fcr einsteigen musst. Um das Festspielhaus HELLERAU mit der Stra\u00dfenbahn zu erreichen, gibt es zwei Ausstiegsm\u00f6glichkeiten. Beide findest du noch mal <a href=\"https:\/\/www.hellerau.org\/de\/barrierefreiheit\/\">bebildert auf der Website<\/a>.<\/p>\n\n\n\n<ul class=\"wp-block-list\">\n<li><strong>Haltestelle Festspielhaus Hellerau<\/strong><\/li>\n\n\n\n<li>Der Untergrund an der Haltestelle \u201eFestspielhaus Hellerau\u201c ist mit Kies ausgestattet, der die Mobilit\u00e4t f\u00fcr Rollstuhlfahrer:innen einschr\u00e4nken kann. Eine ca. 6 cm hohe Bordsteinkante und die befahrene Hauptstra\u00dfe m\u00fcssen \u00fcberquert werden. Es gibt keine Ampel. Von der Haltestelle \u201eFestspielhaus Hellerau\u201c aus sind es ca. 330 Meter bis zum Festspielhaus. Der Weg ist zum Teil uneben und auf Grund von Schotterbelag nicht gut berollbar.<\/li>\n<\/ul>\n\n\n\n<ul class=\"wp-block-list\">\n<li><strong>Haltestelle Heinrich-Tessenow-Weg<\/strong><\/li>\n\n\n\n<li>Um von der Haltestelle \u201eHeinrich-Tessenow-Weg\u201c zum Festspielhaus Hellerau zu gelangen, folgst du dem Gehweg der Hauptstra\u00dfe in Fahrtrichtung auf der rechten Stra\u00dfenseite aufw\u00e4rts. Der Weg von der Haltestelle bis zum Festspielhaus betr\u00e4gt 550 Meter und ist somit l\u00e4nger, als von der Haltestelle \u201eFestspielhaus Hellerau\u201c, allerdings besser berollbar.<\/li>\n<\/ul>\n\n\n\n<p>Es wird die ganze Nacht halbst\u00fcndig eine Stra\u00dfenbahn zum Festspielhaus Hellerau verkehren, sodass wir alle gut zur Party und wieder nach Hause kommen.<\/p>\n\n\n\n<p>Es gibt einen R\u00fcckzugsraum ohne Musik, jedoch nicht komplett still. Dort gibt es die M\u00f6glichkeit sich hinzulegen. Kontaktiere das Awareness-Team, wenn du da hin m\u00f6chtest.<\/p>\n\n\n\n<p>Bitte kontaktiere uns, wenn du weitere Fragen hast oder Bed\u00fcrfnisse die wir ber\u00fccksichtigen k\u00f6nnen, damit du an der Veranstaltung teilnehmen kannst: <a href=\"mailto:pridedd_more@riseup.net\">pridedd_more@riseup.net<\/a><\/p>\n","protected":false},"excerpt":{"rendered":"<p>Dusty Dreams Am 22.6.24 gehen wir wieder gemeinsam als queere und antifaschistische Pride auf die Stra\u00dfe.&nbsp;Alle Infos zur Demo findest du hier. Lasst uns nach dem gemeinsamen Kampf gegen Unterdr\u00fcckung zeigen, dass unsere Tr\u00e4ume stark und lebendig sind &#8211; auf der Queerpride After-Demo-Party unter dem Motto Dusty Dreams! Auf dem Gel\u00e4nde des Festspielhauses Hellerau kannst <a href=\"https:\/\/www.queerpridedd.org\/index.php\/afterparty-2024\/\" class=\"more-link\">&#8230;<span class=\"screen-reader-text\">  Afterparty<\/span><\/a><\/p>\n","protected":false},"author":1,"featured_media":1233,"parent":0,"menu_order":0,"comment_status":"closed","ping_status":"closed","template":"","meta":{"footnotes":""},"class_list":["post-1213","page","type-page","status-publish","has-post-thumbnail","hentry"],"_links":{"self":[{"href":"https:\/\/www.queerpridedd.org\/index.php\/wp-json\/wp\/v2\/pages\/1213","targetHints":{"allow":["GET"]}}],"collection":[{"href":"https:\/\/www.queerpridedd.org\/index.php\/wp-json\/wp\/v2\/pages"}],"about":[{"href":"https:\/\/www.queerpridedd.org\/index.php\/wp-json\/wp\/v2\/types\/page"}],"author":[{"embeddable":true,"href":"https:\/\/www.queerpridedd.org\/index.php\/wp-json\/wp\/v2\/users\/1"}],"replies":[{"embeddable":true,"href":"https:\/\/www.queerpridedd.org\/index.php\/wp-json\/wp\/v2\/comments?post=1213"}],"version-history":[{"count":7,"href":"https:\/\/www.queerpridedd.org\/index.php\/wp-json\/wp\/v2\/pages\/1213\/revisions"}],"predecessor-version":[{"id":1252,"href":"https:\/\/www.queerpridedd.org\/index.php\/wp-json\/wp\/v2\/pages\/1213\/revisions\/1252"}],"wp:featuredmedia":[{"embeddable":true,"href":"https:\/\/www.queerpridedd.org\/index.php\/wp-json\/wp\/v2\/media\/1233"}],"wp:attachment":[{"href":"https:\/\/www.queerpridedd.org\/index.php\/wp-json\/wp\/v2\/media?parent=1213"}],"curies":[{"name":"wp","href":"https:\/\/api.w.org\/{rel}","templated":true}]}}