{"id":1139,"date":"2024-05-12T12:04:59","date_gmt":"2024-05-12T10:04:59","guid":{"rendered":"https:\/\/www.queerpridedd.org\/?page_id=1139"},"modified":"2024-05-12T12:04:59","modified_gmt":"2024-05-12T10:04:59","slug":"queer-pride-dresden-2024-8","status":"publish","type":"page","link":"https:\/\/www.queerpridedd.org\/index.php\/hsb\/queer-pride-dresden-2024-8\/","title":{"rendered":"Queer Pride Dresden 2024"},"content":{"rendered":"\n<p>QUEER A ANTIFA\u0160IS\u0106A \u2013 zjedno\u0107\u0107e a and spje\u0107uje\u0107e so!<\/p>\n\n\n\n<p>Wobd\u017a\u011bluj\u0107e so na Pride 2024!<\/p>\n\n\n\n<p>\u0160tyri l\u011bta Queer Pride w Drje\u017ed\u017aanach. \u0160tyri l\u011bta w\u00f3t\u0159e, pisane, njemdre, rozsud\u017aene, sexy, n\u011b\u017ene, bojowniske, queer h\u0142osy z Drje\u017ed\u017aan! \u0160tw\u00f3rty raz wo\u0142amy was w\u0161itkich, queer a allies, k zhromadnej queer a antifa\u0161istiskej pride na dr\u00f3hu.<\/p>\n\n\n\n<p>Queerness a antifa\u0161izm \u2013 to s\u0142u\u0161a hromad\u017ae!<\/p>\n\n\n\n<p>Querness, to njeje pros\u0107e set pismikow, to njejsu jeno\u017e homoseksualni, biseksualni, inter a trans wosoby. R\u011bka, queer mysli\u0107 a \u017eiwy by\u0107. To woznamjenja, normatiwne struktury nap\u0159e\u0107o smu\u017ece \u0161\u0107\u011btkowa\u0107. Je to wa\u0161nje, towar\u0161nostny status quo do pra\u0161enja staji\u0107. P\u0159eto\u017e heteroseksualnos\u0107 jako normalny staw wid\u017ae\u0107, to za\u010duwa so zastarske. Ma\u0142u sw\u00f3jbu z mu\u017eom a \u017eonu jako jeni\u010dku m\u00f3\u017enu konstelaciju zrozumi\u0107, wonja za wostudu! Sw\u011bt w jeno\u017e dw\u011bmaj barbomaj \u2013 \u010dorna a b\u011b\u0142a, mu\u017e a \u017eona \u2013 to je bajka, kotru\u017e njejsmy dl\u011bje zw\u00f3lniwi pow\u011bda\u0107.<\/p>\n\n\n\n<p>Mamy wjele wjace p\u0159edwid\u017aane: Sw\u011bt, w kotrym\u017e m\u00f3\u017ea w\u0161itcy w\u011bs\u0107e \u017eiwi by\u0107! Sw\u011bt, w kotrym\u017e so nicht\u00f3 do wuskich spla\u017enych normow njenuzuje. Sw\u011bt, w kotrym\u017e m\u00f3\u017ea lud\u017ao lubowa\u0107, kak a koho chced\u017aa. W kotrym\u017e m\u00f3\u017ea \u017eiwi by\u0107, hd\u017ae\u017e chced\u017aa a zastaranje d\u00f3stanu, kotre\u017e trjebaja. W kotrym\u017e ma k\u00f3\u017edy \u010d\u0142owjek prawo, d\u017a\u011bl l\u011bp\u0161eje towar\u0161nos\u0107e by\u0107. D\u017a\u011bl solidariskeje towar\u0161nos\u0107e, jedneje, kotra\u017e nikoho wr\u00f3\u0107o njewostaji. D\u017a\u011bl bjezklasoweje towar\u0161nos\u0107e, kotra\u017e ze stawiznow wuknje. A d\u017a\u011bl podp\u011browaceje towar\u0161nos\u0107e, w kotrej\u017e m\u00f3\u017ee k\u00f3\u017edy jednotliwy \u010d\u0142owjek zab\u0142y\u0161\u0107i\u0107.<\/p>\n\n\n\n<p>Antifa\u0161izm, to njeje za nas pros\u0107e rjane s\u0142owo. To njeje jeni\u010dce historiski po\u0107ah k socialnym hibanjam. Je to wotmo\u0142wa a sebjewopisanje. Je to wotmo\u0142wa na d\u017ae\u0144 a b\u00f3le nje\u010d\u0142owjeske wuwi\u0107a. Je to jeni\u010dka m\u00f3\u017ena reakcija na stra\u0161ne po\u010dinanja nacijow, fa\u0161istow*kow a nowoprawych \u010d\u0142owjeskich hid\u017aerjow*kow. Antifa\u0161izm je wum\u011bnjenje za sw\u011bt, kajki\u017e sej j\u00f3n wusonimy.<\/p>\n\n\n\n<p>Sw\u011bt, kotry\u017e je wohro\u017eeny, dokel\u017e so te\u017e na\u0161e \u0107\u011b\u0142o a \u017eiwjenje wohro\u017ea. Dokel\u017e so hida a \u0161\u0107uwa\u0144ca wot nacijow roz\u0161\u011bri, w parlamentach, w medijach a na na\u0161ich dr\u00f3hach.<\/p>\n\n\n\n<p>Prawicarska ideologija njeda \u017eane m\u00f3\u017enos\u0107e za sw\u011bt zwonka p\u0159ewy\u0161enych p\u0159edstawow muskos\u0107e a rasizma.<\/p>\n\n\n\n<p>Queer by\u0107 a antifa\u0161ist*ka \u2013 to je za nas ta jedna a ta samsna w\u011bc. To je za nas jedyn b\u00f3j!<\/p>\n\n\n\n<p>Tohodla prajimy: &#8222;Unite!&#8220; \u2013 zjedno\u0107\u0107e so! To m\u011bnimy jako namo\u0142wu. Jednotliwje a sam so njebud\u017ae nam porad\u017ai\u0107 w\u0161\u011bdnej queer-njep\u0159e\u0107elskos\u0107i, p\u0159ehnatych podru\u017eam, wuklukowanju na d\u017a\u011ble, rumowanjam, wupokazanjam a strukturelnej namocy b\u00f3j p\u0159ipow\u011bd\u017ai\u0107. Njebud\u017ae so ze samotnym wo\u0142acym h\u0142osom porad\u017ai\u0107, nacijow z parlamentow \u0107isny\u0107 a wot dr\u00f3hi t\u0142\u00f3\u010di\u0107. Ale z mnohimi bud\u017ae so porad\u017ai\u0107!<\/p>\n\n\n\n<p>Tohodla prajimy: &#8222;Resist!&#8220; \u2013 spje\u0107uje\u0107e so p\u0159e\u0107iwo tutym wobstejnos\u0107am. Podp\u011braj\u0107e wa\u0161u*wa\u0161eho koleginu*a * of colour solidarisce. Wobsad\u017a\u0107e rumy, stawkuj\u0107e, blok\u011bruj\u0107e wupokazanja a nacijowe pochody. Wob\u010ditaj\u0107e so, kub\u0142aj\u0107e swoje kritiske myslenje, zapo\u010dinaj\u0107e jedna\u0107. Pokazaj\u0107e so solidarisce, \u010di\u0144\u0107e so hromad\u017ae. Jeno\u017e tak bud\u017ae so na\u0161 p\u0159ichod rad\u017ai\u0107!<\/p>\n\n\n\n<p>Tohodla prajimy: JOIN OUR FIGHT \u2013 JOIN THE PRIDE!<\/p>\n","protected":false},"excerpt":{"rendered":"<p>QUEER A ANTIFA\u0160IS\u0106A \u2013 zjedno\u0107\u0107e a and spje\u0107uje\u0107e so! Wobd\u017a\u011bluj\u0107e so na Pride 2024! \u0160tyri l\u011bta Queer Pride w Drje\u017ed\u017aanach. \u0160tyri l\u011bta w\u00f3t\u0159e, pisane, njemdre, rozsud\u017aene, sexy, n\u011b\u017ene, bojowniske, queer h\u0142osy z Drje\u017ed\u017aan! \u0160tw\u00f3rty raz wo\u0142amy was w\u0161itkich, queer a allies, k zhromadnej queer a antifa\u0161istiskej pride na dr\u00f3hu. Queerness a antifa\u0161izm \u2013 to s\u0142u\u0161a <a href=\"https:\/\/www.queerpridedd.org\/index.php\/hsb\/queer-pride-dresden-2024-8\/\" class=\"more-link\">&#8230;<span class=\"screen-reader-text\">  Queer Pride Dresden 2024<\/span><\/a><\/p>\n","protected":false},"author":1,"featured_media":0,"parent":0,"menu_order":0,"comment_status":"closed","ping_status":"closed","template":"","meta":{"footnotes":""},"class_list":["post-1139","page","type-page","status-publish","hentry"],"_links":{"self":[{"href":"https:\/\/www.queerpridedd.org\/index.php\/wp-json\/wp\/v2\/pages\/1139","targetHints":{"allow":["GET"]}}],"collection":[{"href":"https:\/\/www.queerpridedd.org\/index.php\/wp-json\/wp\/v2\/pages"}],"about":[{"href":"https:\/\/www.queerpridedd.org\/index.php\/wp-json\/wp\/v2\/types\/page"}],"author":[{"embeddable":true,"href":"https:\/\/www.queerpridedd.org\/index.php\/wp-json\/wp\/v2\/users\/1"}],"replies":[{"embeddable":true,"href":"https:\/\/www.queerpridedd.org\/index.php\/wp-json\/wp\/v2\/comments?post=1139"}],"version-history":[{"count":1,"href":"https:\/\/www.queerpridedd.org\/index.php\/wp-json\/wp\/v2\/pages\/1139\/revisions"}],"predecessor-version":[{"id":1140,"href":"https:\/\/www.queerpridedd.org\/index.php\/wp-json\/wp\/v2\/pages\/1139\/revisions\/1140"}],"wp:attachment":[{"href":"https:\/\/www.queerpridedd.org\/index.php\/wp-json\/wp\/v2\/media?parent=1139"}],"curies":[{"name":"wp","href":"https:\/\/api.w.org\/{rel}","templated":true}]}}