{"id":1137,"date":"2024-05-12T11:59:33","date_gmt":"2024-05-12T09:59:33","guid":{"rendered":"https:\/\/www.queerpridedd.org\/?page_id=1137"},"modified":"2024-05-12T11:59:33","modified_gmt":"2024-05-12T09:59:33","slug":"queer-pride-dresden-2024-7","status":"publish","type":"page","link":"https:\/\/www.queerpridedd.org\/index.php\/it\/queer-pride-dresden-2024-7\/","title":{"rendered":"Queer Pride Dresden 2024"},"content":{"rendered":"\n<p>QUEERS E ANTIFASCISTI &#8211; unitevi e resistete!<\/p>\n\n\n\n<p>Partecipa al Pride 2024!<\/p>\n\n\n\n<p>Quattro anni di Queer Pride a Dresda. Quattro anni di voci queer rumorose, colorate, arrabbiate, determinate, sexy, tenere e combattive da Dresda! Per la quarta volta, chiamiamo tutti voi, queer e alleati, a scendere in piazza per un Pride congiunto queer e antifascista.<\/p>\n\n\n\n<p>Queerness e antifascismo &#8211; sono fatti l&#8217;uno per l&#8217;altro!<\/p>\n\n\n\n<p>La queerness non \u00e8 solo un insieme di lettere, non \u00e8 solo lesbiche, bisessuali, gay, inter e trans. Significa pensare e vivere in modo queer. Significa andare controcorrente rispetto alle strutture normative. \u00c8 un modo di mettere in discussione lo status quo sociale. Perch\u00e8 l&#8217;eterosessualit\u00e0 come norma sembra polverosa. Intendere la famiglia nucleare con uomo e donna come unica costellazione possibile puzza di noia! Il mondo a due soli colori &#8211; bianco e nero, uomo e donna &#8211; \u00e8 una favola che non siamo pi\u00f9 disposti a raccontare.<\/p>\n\n\n\n<p>Abbiamo in mente molto di pi\u00f9: Un mondo in cui tutti possano vivere in sicurezza! Un mondo in cui nessun\u0259 sia costrett\u0259 a rispettare strette norme di genere. Un mondo in cui le persone possano amare come e chi vogliono. In cui possano vivere dove vogliono e ricevere le cure di cui hanno bisogno. In cui tutti abbiano il diritto di far parte di una societ\u00e0 migliore. Una societ\u00e0 basata sulla solidariet\u00e0, che non lascia indietro nessun\u0259. Parte di una societ\u00e0 senza classi che impara dalla storia. E parte di una societ\u00e0 che d\u00e0 potere a tutt\u0259, in cui ogni persona pu\u00f2 brillare.<\/p>\n\n\n\n<p>Per noi l&#8217;antifascismo non \u00e8 solo una bella parola. Non \u00e8 solo un riferimento storico ai movimenti sociali. \u00c8 una risposta e un&#8217;autodescrizione. \u00c8 una risposta agli sviluppi sempre pi\u00f9 misantropici. \u00c8 l&#8217;unica reazione possibile alle pericolose attivit\u00e0 di nazisti, fascisti e misantropi di destra. L&#8217;antifascismo \u00e8 un prerequisito per il mondo che sogniamo.&nbsp;<\/p>\n\n\n\n<p>Un mondo che \u00e8 in pericolo perch\u00e8 anche i nostri corpi e le nostre vite sono in pericolo. Perch\u00e9 l&#8217;odio e l&#8217;agitazione nazista stanno prendendo piede nei parlamenti, nei media e nelle nostre strade.<\/p>\n\n\n\n<p>L&#8217;ideologia di destra non lascia spazio a un mondo che vada oltre le idee esagerate di mascolinit\u00e0 e razzismo.<\/p>\n\n\n\n<p>Per noi, essere queer e antifascisti \u00e8 la stessa cosa. \u00c8 una lotta!&nbsp;<\/p>\n\n\n\n<p>Ecco perch\u00e8 diciamo: &#8222;Unitevi!&#8220;. &#8211; unirsi insieme! Questo \u00e8 il nostro appello. Da soli e individualmente non riusciremo a dichiarare guerra all&#8217;ostilit\u00e0 quotidiana dei queer, agli affitti gonfiati, allo sfruttamento del lavoro, agli sfratti, alle deportazioni e alla violenza strutturale. Non sar\u00e0 possibile costringere i nazisti a uscire dai parlamenti e dalle strade con una sola voce. Ma con molti ci si riuscir\u00e0!<\/p>\n\n\n\n<p>Ecco perch\u00e8 diciamo: &#8222;Resistere!&#8220;. &#8211; resistere a queste condizioni. Siate solidali con l\u0259 vostr\u0259 partner di colore. Occupate gli spazi, scioperate, bloccate le deportazioni e le marce naziste. Istruitevi, allenate il vostro pensiero critico, iniziate ad agire. Mostrate solidariet\u00e0, unite le forze. Solo cos\u00ec il nostro futuro avr\u00e0 successo!<\/p>\n\n\n\n<p>Ecco perch\u00e9 diciamo: UNISCITI ALLA NOSTRA LOTTA &#8211; UNISCITI AL PRIDE<\/p>\n","protected":false},"excerpt":{"rendered":"<p>QUEERS E ANTIFASCISTI &#8211; unitevi e resistete! Partecipa al Pride 2024! Quattro anni di Queer Pride a Dresda. Quattro anni di voci queer rumorose, colorate, arrabbiate, determinate, sexy, tenere e combattive da Dresda! Per la quarta volta, chiamiamo tutti voi, queer e alleati, a scendere in piazza per un Pride congiunto queer e antifascista. Queerness <a href=\"https:\/\/www.queerpridedd.org\/index.php\/it\/queer-pride-dresden-2024-7\/\" class=\"more-link\">&#8230;<span class=\"screen-reader-text\">  Queer Pride Dresden 2024<\/span><\/a><\/p>\n","protected":false},"author":1,"featured_media":0,"parent":0,"menu_order":0,"comment_status":"closed","ping_status":"closed","template":"","meta":{"footnotes":""},"class_list":["post-1137","page","type-page","status-publish","hentry"],"_links":{"self":[{"href":"https:\/\/www.queerpridedd.org\/index.php\/wp-json\/wp\/v2\/pages\/1137","targetHints":{"allow":["GET"]}}],"collection":[{"href":"https:\/\/www.queerpridedd.org\/index.php\/wp-json\/wp\/v2\/pages"}],"about":[{"href":"https:\/\/www.queerpridedd.org\/index.php\/wp-json\/wp\/v2\/types\/page"}],"author":[{"embeddable":true,"href":"https:\/\/www.queerpridedd.org\/index.php\/wp-json\/wp\/v2\/users\/1"}],"replies":[{"embeddable":true,"href":"https:\/\/www.queerpridedd.org\/index.php\/wp-json\/wp\/v2\/comments?post=1137"}],"version-history":[{"count":1,"href":"https:\/\/www.queerpridedd.org\/index.php\/wp-json\/wp\/v2\/pages\/1137\/revisions"}],"predecessor-version":[{"id":1138,"href":"https:\/\/www.queerpridedd.org\/index.php\/wp-json\/wp\/v2\/pages\/1137\/revisions\/1138"}],"wp:attachment":[{"href":"https:\/\/www.queerpridedd.org\/index.php\/wp-json\/wp\/v2\/media?parent=1137"}],"curies":[{"name":"wp","href":"https:\/\/api.w.org\/{rel}","templated":true}]}}