{"id":1133,"date":"2024-05-12T11:57:51","date_gmt":"2024-05-12T09:57:51","guid":{"rendered":"https:\/\/www.queerpridedd.org\/?page_id=1133"},"modified":"2024-05-12T11:57:52","modified_gmt":"2024-05-12T09:57:52","slug":"queer-pride-dresden-2024-5","status":"publish","type":"page","link":"https:\/\/www.queerpridedd.org\/index.php\/pl\/queer-pride-dresden-2024-5\/","title":{"rendered":"Queer Pride Dresden 2024"},"content":{"rendered":"\n<p>QUEER I ANTYFASZYZM- jednoczmy si\u0119 i stawiajmy op\u00f3r!<\/p>\n\n\n\n<p>Do\u0142\u0105cz do Pride 2024!<\/p>\n\n\n\n<p>Cztery lata Queer Pride w Dre\u017anie. Cztery lata g\u0142o\u015bnych, barwnych, w\u015bciek\u0142ych, zdeterminowanych, seksownych, czu\u0142ych, bojowych, queerowych g\u0142os\u00f3w z Drezna! Po raz czwarty zwo\u0142ujemy was wszystkie, osoby queer i sojusznicze, do wyj\u015bcia na ulice na nasz\u0105 wsp\u00f3ln\u0105, queerow\u0105 i antyfaszystowsk\u0105 parad\u0119.<\/p>\n\n\n\n<p>Queerowo\u015b\u0107, antyfaszyzm &#8211; dla nas s\u0105 jedno\u015bci\u0105!<\/p>\n\n\n\n<p>Nasza queerowo\u015b\u0107 to wi\u0119cej ni\u017c zbi\u00f3r literek. To nie tylko lesbijki, geje, osoby bi, inter i trans. Queer to spos\u00f3b na my\u015blenie i \u017cycie. By\u0107 queer to mizia\u0107 normatywne struktury pod w\u0142os \u2013 to wci\u0105\u017c kwestionowa\u0107 spo\u0142eczne status quo. Twierdza obowi\u0105zkowej heteroseksualno\u015bci kruszy si\u0119 jak ruiny starego, nudnego zamku . Propaganda o ch\u0142opaku i dziewczynie jako normalnej rodzinie zesch\u0142a si\u0119 jak chleb z zesz\u0142otygodniowego skipa. \u015awiat w tylko dw\u00f3ch kolorach \u2013 \u015bwiat czarny i bia\u0142y, \u015bwiat m\u0119\u017cczyzny i kobiety \u2013 to bajka z d\u0142ug\u0105 brod\u0105; bajka kt\u00f3r\u0105 odechcia\u0142o nam si\u0119 opowiada\u0107.<\/p>\n\n\n\n<p>Chcemy wi\u0119cej, znacznie wi\u0119cej! Chcemy \u015bwiata, w kt\u00f3rym ka\u017cda osoba mo\u017ce \u017cy\u0107 bezpiecznie! \u015awiata, w kt\u00f3rym nikogo si\u0119 nie zmusza do przestrzegania ciasnych norm p\u0142ciowych. \u015awiata, w kt\u00f3rym mo\u017cna kocha\u0107 jak si\u0119 chce. Chcemy \u015bwiata, w kt\u00f3rym mo\u017cna \u017cy\u0107 tam, gdzie chcemy, i otrzymywa\u0107 wszelkie wsparcie, kt\u00f3rego nam potrzeba. \u015awiata z powszechnym prawem do bycia cz\u0119\u015bci\u0105 lepszego spo\u0142ecze\u0144stwa. Cz\u0119\u015bci\u0105 spo\u0142ecze\u0144stwa opartego na solidarno\u015bci, spo\u0142eczenstwa, w kt\u00f3rym nikt nie b\u0119dzie sz\u0142o samo. Cz\u0119\u015bci\u0105 spo\u0142ecze\u0144stwa bezklasowego, kt\u00f3re uczy si\u0119 na b\u0142\u0119dach z przesz\u0142o\u015bci. I cz\u0119\u015bci\u0105 spo\u0142ecze\u0144stwa pe\u0142nego mocy \u2013 takiego, w kt\u00f3rym&nbsp; ka\u017cde z nas mo\u017ce l\u015bni\u0107 mn\u00f3stwem s\u0142o\u0144c.<\/p>\n\n\n\n<p>Nasz antyfaszyzm to wi\u0119cej ni\u017c \u0142adne s\u0142owo. To nie tylko nawi\u0105zanie do historii ruch\u00f3w spo\u0142ecznych. Antyfaszyzm to odpowied\u017a i to\u017csamo\u015b\u0107. To odpowied\u017a na coraz bardziej nieludzkie dzieje. To jedyna mo\u017cliwa odpowied\u017a na toksyczne akcje wszystkich nazist\u00f3w, faszoli i prawicowych wszystkofob\u00f3w. Antyfaszyzm jest koniecznym warunkiem wst\u0119pnym dla \u015bwiata, o kt\u00f3rym marzymy.&nbsp;<\/p>\n\n\n\n<p>Dla \u015bwiata, kt\u00f3ry jest zagro\u017cony, bo zagro\u017cone jest nasze w\u0142asne \u017cycie i zdrowie. Bo nackowa nienawi\u015b\u0107 i agitka pchaj\u0105 si\u0119 do parlament\u00f3w, do medi\u00f3w i na nasze ulice.<\/p>\n\n\n\n<p>A prawicowa ideologia nie pozostawia miejsca na \u015bwiat poza nad\u0119tymi rojeniami o m\u0119sko\u015bci i rasie.<\/p>\n\n\n\n<p>Dla nas queer i antyfaszyzm to jedno i to samo. Jedna wsp\u00f3lna walka!&nbsp;<\/p>\n\n\n\n<p>Dlatego: ,,Jednoczmy si\u0119!&#8220; &#8211; zbierajmy si\u0119 razem! To w\u0142a\u015bnie nasz apel. W pojedynk\u0119 ci\u0119\u017cko jest walczy\u0107 z codzienn\u0105 queerfobi\u0105, zawy\u017conymi czynszami, z wyzyskiem w pracy, z eksmisjami, deportacj\u0105 i przemoc\u0105 strukturaln\u0105. Samotny g\u0142os nie wyprze nazioli z parlament\u00f3w i ulic. Co innego ch\u00f3r g\u0142os\u00f3w!<\/p>\n\n\n\n<p>Dlatego: ,,Stawiajmy op\u00f3r!&#8220;. &#8211; Opieramy si\u0119 temu dra\u0144stwu. Stoimy solidarnie, rami\u0119 w rami\u0119 z osobami dyskryminowanych kolor\u00f3w. Okupujemy przestrzenie, strajkujemy, blokujemy deportacje i nazistowskie marsze. Edukujemy si\u0119, trenujemy krytyczne my\u015blenie, zaczynamy dzia\u0142a\u0107! Okazujemy solidarno\u015b\u0107, \u0142\u0105czymy si\u0142y. Tylko razem wywalczymy nasz\u0105 przysz\u0142o\u015b\u0107!<\/p>\n\n\n\n<p>Dlatego: DO\u0141\u0104CZ DO WALKI &#8211; DO\u0141\u0104CZ DO PRIDE!<\/p>\n","protected":false},"excerpt":{"rendered":"<p>QUEER I ANTYFASZYZM- jednoczmy si\u0119 i stawiajmy op\u00f3r! Do\u0142\u0105cz do Pride 2024! Cztery lata Queer Pride w Dre\u017anie. Cztery lata g\u0142o\u015bnych, barwnych, w\u015bciek\u0142ych, zdeterminowanych, seksownych, czu\u0142ych, bojowych, queerowych g\u0142os\u00f3w z Drezna! Po raz czwarty zwo\u0142ujemy was wszystkie, osoby queer i sojusznicze, do wyj\u015bcia na ulice na nasz\u0105 wsp\u00f3ln\u0105, queerow\u0105 i antyfaszystowsk\u0105 parad\u0119. Queerowo\u015b\u0107, antyfaszyzm &#8211; <a href=\"https:\/\/www.queerpridedd.org\/index.php\/pl\/queer-pride-dresden-2024-5\/\" class=\"more-link\">&#8230;<span class=\"screen-reader-text\">  Queer Pride Dresden 2024<\/span><\/a><\/p>\n","protected":false},"author":1,"featured_media":0,"parent":0,"menu_order":0,"comment_status":"closed","ping_status":"closed","template":"","meta":{"footnotes":""},"class_list":["post-1133","page","type-page","status-publish","hentry"],"_links":{"self":[{"href":"https:\/\/www.queerpridedd.org\/index.php\/wp-json\/wp\/v2\/pages\/1133","targetHints":{"allow":["GET"]}}],"collection":[{"href":"https:\/\/www.queerpridedd.org\/index.php\/wp-json\/wp\/v2\/pages"}],"about":[{"href":"https:\/\/www.queerpridedd.org\/index.php\/wp-json\/wp\/v2\/types\/page"}],"author":[{"embeddable":true,"href":"https:\/\/www.queerpridedd.org\/index.php\/wp-json\/wp\/v2\/users\/1"}],"replies":[{"embeddable":true,"href":"https:\/\/www.queerpridedd.org\/index.php\/wp-json\/wp\/v2\/comments?post=1133"}],"version-history":[{"count":1,"href":"https:\/\/www.queerpridedd.org\/index.php\/wp-json\/wp\/v2\/pages\/1133\/revisions"}],"predecessor-version":[{"id":1134,"href":"https:\/\/www.queerpridedd.org\/index.php\/wp-json\/wp\/v2\/pages\/1133\/revisions\/1134"}],"wp:attachment":[{"href":"https:\/\/www.queerpridedd.org\/index.php\/wp-json\/wp\/v2\/media?parent=1133"}],"curies":[{"name":"wp","href":"https:\/\/api.w.org\/{rel}","templated":true}]}}