{"id":1131,"date":"2024-05-12T11:57:10","date_gmt":"2024-05-12T09:57:10","guid":{"rendered":"https:\/\/www.queerpridedd.org\/?page_id=1131"},"modified":"2024-05-12T11:57:10","modified_gmt":"2024-05-12T09:57:10","slug":"queer-pride-dresden-2024-4","status":"publish","type":"page","link":"https:\/\/www.queerpridedd.org\/index.php\/es\/queer-pride-dresden-2024-4\/","title":{"rendered":"Queer Pride Dresden 2024"},"content":{"rendered":"\n<p>QUEER Y ANTIFASCISTA &#8211; \u00a1\u00fanete y resiste!<\/p>\n\n\n\n<p>\u00a1\u00danete al Orgullo 2024!<\/p>\n\n\n\n<p>Cuatro a\u00f1os de Queer Pride Dresden. Cuatro a\u00f1os de voces queer ruidosas, coloridas, decididas, sexys, tiernas y luchadoras de Dresden. Por cuarta vez os convocamos a todes, queers y aliades juntes, a las calles para el Orgullo Queer y Antifascista.<\/p>\n\n\n\n<p>Ser queer y ser antifascista es una sola cosa para nosotres.<\/p>\n\n\n\n<p>Ser queer no es simplemente una colecci\u00f3n de letras, no s\u00f3lo lesbianas, bisexuales, gays, intersexuales y transexuales. Significa vivir y pensar de forma queer. Significa erizar las Plumas de las estructuras normativas. Es una forma de cuestionar el status quo de la sociedad. Porque declarar que la heterosexualidad es la norma es algo anticuado. Ver la familia nuclear con pap\u00e1 y mam\u00e1 como la \u00fanica constelaci\u00f3n posible es tan rancio como el pan de la semana pasada. Que el mundo est\u00e9 hecho s\u00f3lo de dos colores, blanco y negro, hombre y mujer, es un cuento de hadas que ya no estamos dispuestes a entretener.<\/p>\n\n\n\n<p>Nuestro objetivo es mucho mayor: \u00a1un mundo en el que todes puedan vivir segures! Un mundo en el que nadie se vea obligade a seguir nociones estrictas de g\u00e9nero. Un mundo en el que podamos amar a quien queramos y como queramos. Donde podamos vivir donde queramos y recibir el apoyo que necesitemos. Donde todes tengamos derecho a formar parte de una sociedad mejor. Donde reine la solidaridad por encima de todo y nadie se quede atr\u00e1s. Donde la sociedad no est\u00e9 segregada por clases y aprendamos de nuestra historia.<\/p>\n\n\n\n<p>Para que todes formemos parte de una sociedad empoderada, en la que cada une pueda brillar.<\/p>\n\n\n\n<p>El antifascismo no es s\u00f3lo una palabra bonita. O simplemente la historia de movimientos sociales pasados. Es una respuesta y una autodescripci\u00f3n. Es una respuesta a la creciente pr\u00e9dica del odio. La \u00fanica reacci\u00f3n posible a las peligrosas maquinaciones de los comerciantes del odio: nazis y fascistas. El antifascismo es condici\u00f3n indispensable para el mundo que so\u00f1amos.<\/p>\n\n\n\n<p>Este mundo est\u00e1 amenazado, porque nuestros cuerpos y nuestras vidas tambi\u00e9n lo est\u00e1n. Porque el odio y la incitaci\u00f3n de los nazis se est\u00e1n imponiendo en los parlamentos, en los medios de comunicaci\u00f3n y en nuestras calles.<\/p>\n\n\n\n<p>La ideolog\u00eda de derechas no deja respiro para un mundo m\u00e1s all\u00e1 de la masculinidad machista y el racismo.<\/p>\n\n\n\n<p>Ser queer y ser antifascista, \u00a1para nosotres es una sola cosa! Es una sola lucha.<\/p>\n\n\n\n<p>Por eso decimos: &#8222;Un\u00edos&#8220;, \u00a1un\u00edos! Soles y aislades no podremos luchar contra la queerfobia cotidiana, los alquileres excesivos, la explotaci\u00f3n laboral, los desahucios y las deportaciones. Una sola voz no conseguir\u00e1 echar a los nazis de los parlamentos y las calles, \u00a1pero con muchas s\u00ed!<\/p>\n\n\n\n<p>Por eso decimos: &#8222;Resiste&#8220;, act\u00faa en contra de esta situaci\u00f3n. Solidar\u00edzate con tus compa\u00f1eres de color. Ocupa, haz huelga, bloquea las deportaciones y los m\u00edtines nazis. Lee, afilar tu pensamiento cr\u00edtico, empieza a actuar. S\u00e9 solidarie y \u00fanete. Es la \u00fanica manera de que nuestro sue\u00f1o se haga realidad.<\/p>\n\n\n\n<p>Por eso decimos: \u00daNETE A NUESTRA LUCHA &#8211; \u00a1\u00daNETE AL ORGULLO!<\/p>\n","protected":false},"excerpt":{"rendered":"<p>QUEER Y ANTIFASCISTA &#8211; \u00a1\u00fanete y resiste! \u00a1\u00danete al Orgullo 2024! Cuatro a\u00f1os de Queer Pride Dresden. Cuatro a\u00f1os de voces queer ruidosas, coloridas, decididas, sexys, tiernas y luchadoras de Dresden. Por cuarta vez os convocamos a todes, queers y aliades juntes, a las calles para el Orgullo Queer y Antifascista. Ser queer y ser <a href=\"https:\/\/www.queerpridedd.org\/index.php\/es\/queer-pride-dresden-2024-4\/\" class=\"more-link\">&#8230;<span class=\"screen-reader-text\">  Queer Pride Dresden 2024<\/span><\/a><\/p>\n","protected":false},"author":1,"featured_media":0,"parent":0,"menu_order":0,"comment_status":"closed","ping_status":"closed","template":"","meta":{"footnotes":""},"class_list":["post-1131","page","type-page","status-publish","hentry"],"_links":{"self":[{"href":"https:\/\/www.queerpridedd.org\/index.php\/wp-json\/wp\/v2\/pages\/1131","targetHints":{"allow":["GET"]}}],"collection":[{"href":"https:\/\/www.queerpridedd.org\/index.php\/wp-json\/wp\/v2\/pages"}],"about":[{"href":"https:\/\/www.queerpridedd.org\/index.php\/wp-json\/wp\/v2\/types\/page"}],"author":[{"embeddable":true,"href":"https:\/\/www.queerpridedd.org\/index.php\/wp-json\/wp\/v2\/users\/1"}],"replies":[{"embeddable":true,"href":"https:\/\/www.queerpridedd.org\/index.php\/wp-json\/wp\/v2\/comments?post=1131"}],"version-history":[{"count":1,"href":"https:\/\/www.queerpridedd.org\/index.php\/wp-json\/wp\/v2\/pages\/1131\/revisions"}],"predecessor-version":[{"id":1132,"href":"https:\/\/www.queerpridedd.org\/index.php\/wp-json\/wp\/v2\/pages\/1131\/revisions\/1132"}],"wp:attachment":[{"href":"https:\/\/www.queerpridedd.org\/index.php\/wp-json\/wp\/v2\/media?parent=1131"}],"curies":[{"name":"wp","href":"https:\/\/api.w.org\/{rel}","templated":true}]}}