{"id":1125,"date":"2024-05-12T11:53:40","date_gmt":"2024-05-12T09:53:40","guid":{"rendered":"https:\/\/www.queerpridedd.org\/?page_id=1125"},"modified":"2024-05-12T11:53:41","modified_gmt":"2024-05-12T09:53:41","slug":"queer-pride-dresden-2024","status":"publish","type":"page","link":"https:\/\/www.queerpridedd.org\/index.php\/queer-pride-dresden-2024\/","title":{"rendered":"Queer Pride Dresden 2024"},"content":{"rendered":"\n<p><strong>QUEER AND ANTIFASCIST <\/strong>\u2013<strong> unite and resist!<\/strong><\/p>\n\n\n\n<p>Vier Jahre Queer Pride in Dresden. Vier Jahre laute, bunte, w\u00fctende, entschlossene, sexy, zarte, k\u00e4mpferische, queere Stimmen aus Dresden! Zum vierten Mal rufen wir euch alle, Queers und Allies, zur gemeinsamen queeren und antifaschistischen Pride auf die Stra\u00dfe.<\/p>\n\n\n\n<p>Queerness und Antifaschismus \u2013 das geh\u00f6rt zusammen!<\/p>\n\n\n\n<p>Queerness, das ist nicht einfach ein Set an Buchstaben, das sind nicht nur Lesben, Bisexuelle, Schwule, inter und trans Personen. Es hei\u00dft, queer zu denken und zu leben. Es bedeutet, die normativen Strukturen gegen den Strich zu b\u00fcrsten. Es ist eine Art, den gesellschaftlichen Status quo in Frage zu stellen. Denn Heterosexualit\u00e4t als Normalzustand zu setzen, das f\u00fchlt sich staubig an. Die Kleinfamilie mit Mann und Frau als einzig m\u00f6gliche Konstellation zu verstehen, riecht nach Langeweile! Die Welt in nur zwei Farben \u2013 schwarz und wei\u00df, Mann und Frau \u2013 das ist ein M\u00e4rchen, das wir nicht l\u00e4nger bereit sind, zu erz\u00e4hlen.<\/p>\n\n\n\n<p>Wir haben viel mehr vor: Eine Welt, in der alle sicher leben k\u00f6nnen! Eine Welt, in der niemand in enge geschlechtliche Normen gezwungen wird. Eine Welt, in der Menschen lieben k\u00f6nnen, wie und wen sie wollen. In der sie leben k\u00f6nnen, wo sie wollen und die Versorgung bekommen, die sie brauchen. In der jeder Mensch das Recht hat, Teil einer besseren Gesellschaft zu sein. Teil einer solidarischen Gesellschaft, einer, die niemanden zur\u00fcck l\u00e4sst. Teil einer klassenlosen Gesellschaft, die aus der Geschichte lernt. Und Teil einer empowernden Gesellschaft, in der jeder einzelne Mensch erstrahlen kann.<\/p>\n\n\n\n<p>Antifaschismus, das ist f\u00fcr uns nicht einfach ein sch\u00f6nes Wort. Das ist nicht allein ein historischer Bezug zu sozialen Bewegungen. Es ist eine Antwort und eine Selbstbeschreibung. Es ist eine Antwort auf die zunehmend menschenfeindlichen Entwicklungen. Es ist die einzig m\u00f6gliche Reaktion auf die gef\u00e4hrlichen Umtriebe von Nazis, FaschistInnen und neurechten MenschenhasserInnen. Antifaschismus ist Voraussetzung f\u00fcr die Welt, wie wir sie uns ertr\u00e4umen.&nbsp;<\/p>\n\n\n\n<p>Eine Welt die bedroht wird, weil auch unser Leib und Leben bedroht wird. Weil Hass und Hetze von Nazis Fu\u00df fasst, in Parlamenten, in Medien und auf unseren Stra\u00dfen.<\/p>\n\n\n\n<p>Rechte Ideologie l\u00e4sst keinen Spielraum f\u00fcr eine Welt jenseits von \u00fcberh\u00f6hten M\u00e4nnlichkeitsvorstellungen und Rassismus.<\/p>\n\n\n\n<p>Queer sein und Antifaschist*in sein \u2013 das sind f\u00fcr uns ein und dieselbe Sache. Es ist <em>ein<\/em> Kampf!&nbsp;<\/p>\n\n\n\n<p>Deswegen sagen wir: &#8222;Unite!&#8220; \u2013 schlie\u00dft euch zusammen! Das meinen wir als Aufruf. Vereinzelt und alleine wird es uns nicht gelingen der allt\u00e4glichen Queerfeindlichkeit, den \u00fcberh\u00f6hten Mieten, der Ausbeutung auf Arbeit, den R\u00e4umungen, Abschiebungen und der strukturellen Gewalt den Kampf anzusagen. Es wird nicht mit einer einsam rufenden Stimme gelingen, die Nazis aus den Parlamenten und von der Stra\u00dfe zu dr\u00e4ngen. Aber mit vielen wird es gelingen!<\/p>\n\n\n\n<p>Deswegen sagen wir: &#8222;Resist!&#8220; \u2013 leistet gegen diese Zust\u00e4nde Widerstand. Steht eurer Kolleg*in of Colour solidarisch zur Seite. Besetzt R\u00e4ume, streikt, blockiert Abschiebungen und Naziaufm\u00e4rsche. Belest euch, schult euer kritisches Denken, fangt an zu Handeln. Zeigt euch solidarisch, tut euch zusammen. Nur so wird unsere Zukunft gelingen!<\/p>\n\n\n\n<p>Deswegen sagen wir: <strong>JOIN OUR FIGHT \u2013 JOIN THE PRIDE!<\/strong><\/p>\n","protected":false},"excerpt":{"rendered":"<p>QUEER AND ANTIFASCIST \u2013 unite and resist! Vier Jahre Queer Pride in Dresden. Vier Jahre laute, bunte, w\u00fctende, entschlossene, sexy, zarte, k\u00e4mpferische, queere Stimmen aus Dresden! Zum vierten Mal rufen wir euch alle, Queers und Allies, zur gemeinsamen queeren und antifaschistischen Pride auf die Stra\u00dfe. Queerness und Antifaschismus \u2013 das geh\u00f6rt zusammen! Queerness, das ist <a href=\"https:\/\/www.queerpridedd.org\/index.php\/queer-pride-dresden-2024\/\" class=\"more-link\">&#8230;<span class=\"screen-reader-text\">  Queer Pride Dresden 2024<\/span><\/a><\/p>\n","protected":false},"author":1,"featured_media":0,"parent":0,"menu_order":0,"comment_status":"closed","ping_status":"closed","template":"","meta":{"footnotes":""},"class_list":["post-1125","page","type-page","status-publish","hentry"],"_links":{"self":[{"href":"https:\/\/www.queerpridedd.org\/index.php\/wp-json\/wp\/v2\/pages\/1125","targetHints":{"allow":["GET"]}}],"collection":[{"href":"https:\/\/www.queerpridedd.org\/index.php\/wp-json\/wp\/v2\/pages"}],"about":[{"href":"https:\/\/www.queerpridedd.org\/index.php\/wp-json\/wp\/v2\/types\/page"}],"author":[{"embeddable":true,"href":"https:\/\/www.queerpridedd.org\/index.php\/wp-json\/wp\/v2\/users\/1"}],"replies":[{"embeddable":true,"href":"https:\/\/www.queerpridedd.org\/index.php\/wp-json\/wp\/v2\/comments?post=1125"}],"version-history":[{"count":1,"href":"https:\/\/www.queerpridedd.org\/index.php\/wp-json\/wp\/v2\/pages\/1125\/revisions"}],"predecessor-version":[{"id":1126,"href":"https:\/\/www.queerpridedd.org\/index.php\/wp-json\/wp\/v2\/pages\/1125\/revisions\/1126"}],"wp:attachment":[{"href":"https:\/\/www.queerpridedd.org\/index.php\/wp-json\/wp\/v2\/media?parent=1125"}],"curies":[{"name":"wp","href":"https:\/\/api.w.org\/{rel}","templated":true}]}}